{"id":987,"date":"2025-05-21T13:51:21","date_gmt":"2025-05-21T13:51:21","guid":{"rendered":"https:\/\/www.racefinder.pt\/event\/geres-granfondo\/"},"modified":"2025-06-25T04:57:06","modified_gmt":"2025-06-25T04:57:06","slug":"geres-granfondo","status":"publish","type":"product","link":"https:\/\/racefinder.pt\/pt\/event\/geres-granfondo\/","title":{"rendered":"Ger\u00eas Granfondo"},"content":{"rendered":"","protected":false},"excerpt":{"rendered":"","protected":false},"featured_media":972,"comment_status":"open","ping_status":"closed","template":"","meta":{"_acf_changed":false,"footnotes":""},"product_brand":[],"product_cat":[130,212,236],"product_tag":[],"class_list":{"0":"post-987","1":"product","2":"type-product","3":"status-publish","4":"has-post-thumbnail","6":"product_cat-ciclismo","7":"product_cat-ciclismo-de-estrada","8":"product_cat-gravel-pt","10":"first","11":"instock","12":"shipping-taxable","13":"purchasable","14":"product-type-variable"},"acf":{"event_date_start":"20250601","event_date_end":"","event_start_time":"","event_latitude":"","event_longitude":"","organizer_website":{"title":"","url":"","target":"","0":"https:\/\/bikeservice.pt\/?fbclid=PAZXh0bgNhZW0CMTEAAafHB_n9FLrhcnRVbKwGOTpyCU1vE9PswrynsezkoEyCEU_JXOoYn2lZBU4VTw_aem_Ltb2EYXctuPJDAuAkFHbbg"},"organizer_avatar":false,"event_gallery":false,"organizer_name":"Bike Service","organizer_description":"<p>Bike Service<\/p>\n<table dir=\"ltr\" border=\"1\" cellspacing=\"0\" cellpadding=\"0\" data-sheets-root=\"1\" data-sheets-baot=\"1\">\n<colgroup>\n<col width=\"100\"><\/colgroup>\n<tbody>\n<tr>\n<td colspan=\"1\" rowspan=\"3\">\n<div>geral@bikeservice.pt<\/div>\n<\/td>\n<\/tr>\n<\/tbody>\n<\/table>\n","race_benefits":"<ul>\n<li data-start=\"2098\" data-end=\"2147\">\n<p data-start=\"2100\" data-end=\"2147\">Percurso em plena natureza no Parque Nacional<\/p>\n<\/li>\n<li data-start=\"2148\" data-end=\"2197\">\n<p data-start=\"2150\" data-end=\"2197\">Tr\u00eas dist\u00e2ncias para diferentes n\u00edveis de prepara\u00e7\u00e3o<\/p>\n<\/li>\n<li data-start=\"2198\" data-end=\"2244\">\n<p data-start=\"2200\" data-end=\"2244\">Organiza\u00e7\u00e3o experiente e estrutura de apoio completa<\/p>\n<\/li>\n<li data-start=\"2245\" data-end=\"2297\">\n<p data-start=\"2247\" data-end=\"2297\">Comunidade cicl\u00edstica vibrante e paisagens \u00fanicas<\/p>\n<\/li>\n<\/ul>\n","event_ticket_url":"https:\/\/bikeservice.pt\/?fbclid=PAZXh0bgNhZW0CMTEAAafHB_n9FLrhcnRVbKwGOTpyCU1vE9PswrynsezkoEyCEU_JXOoYn2lZBU4VTw_aem_Ltb2EYXctuPJDAuAkFHbbg"},"_links":{"self":[{"href":"https:\/\/racefinder.pt\/pt\/wp-json\/wp\/v2\/product\/987","targetHints":{"allow":["GET"]}}],"collection":[{"href":"https:\/\/racefinder.pt\/pt\/wp-json\/wp\/v2\/product"}],"about":[{"href":"https:\/\/racefinder.pt\/pt\/wp-json\/wp\/v2\/types\/product"}],"replies":[{"embeddable":true,"href":"https:\/\/racefinder.pt\/pt\/wp-json\/wp\/v2\/comments?post=987"}],"version-history":[{"count":0,"href":"https:\/\/racefinder.pt\/pt\/wp-json\/wp\/v2\/product\/987\/revisions"}],"wp:featuredmedia":[{"embeddable":true,"href":"https:\/\/racefinder.pt\/pt\/wp-json\/wp\/v2\/media\/972"}],"wp:attachment":[{"href":"https:\/\/racefinder.pt\/pt\/wp-json\/wp\/v2\/media?parent=987"}],"wp:term":[{"taxonomy":"product_brand","embeddable":true,"href":"https:\/\/racefinder.pt\/pt\/wp-json\/wp\/v2\/product_brand?post=987"},{"taxonomy":"product_cat","embeddable":true,"href":"https:\/\/racefinder.pt\/pt\/wp-json\/wp\/v2\/product_cat?post=987"},{"taxonomy":"product_tag","embeddable":true,"href":"https:\/\/racefinder.pt\/pt\/wp-json\/wp\/v2\/product_tag?post=987"}],"curies":[{"name":"wp","href":"https:\/\/api.w.org\/{rel}","templated":true}]}}