{"id":927,"date":"2025-05-21T10:55:46","date_gmt":"2025-05-21T10:55:46","guid":{"rendered":"https:\/\/www.racefinder.pt\/event\/desafio-acdl\/"},"modified":"2025-06-25T04:57:08","modified_gmt":"2025-06-25T04:57:08","slug":"desafio-acdl","status":"publish","type":"product","link":"https:\/\/racefinder.pt\/pt\/event\/desafio-acdl\/","title":{"rendered":"Desafio ACDL"},"content":{"rendered":"","protected":false},"excerpt":{"rendered":"","protected":false},"featured_media":1852,"comment_status":"open","ping_status":"closed","template":"","meta":{"_acf_changed":false,"footnotes":""},"product_brand":[],"product_cat":[193,130,236],"product_tag":[],"class_list":{"0":"post-927","1":"product","2":"type-product","3":"status-publish","4":"has-post-thumbnail","6":"product_cat-btt-pt-2","7":"product_cat-ciclismo","8":"product_cat-gravel-pt","10":"first","11":"instock","12":"shipping-taxable","13":"purchasable","14":"product-type-variable"},"acf":{"event_date_start":"20250719","event_date_end":"","event_start_time":"","event_country":"portugal","event_rating":"","is_hot_event":false,"organizer_website":{"title":"","url":"","target":"","0":"https:\/\/eventos.topcycling.pt\/evento?recordId=rec0CV86ITfrVIRE5"},"organizer_avatar":false,"event_gallery":false,"event_location_text":"Santo Tirso","event_short_description":"<p>O Desafio ACDL \u00e9 uma aventura de resist\u00eancia em BTT\/Gravel que decorre a partir de Santo Tirso, no dia 19 de julho de 2025. Com dist\u00e2ncias de 100, 200 e 400 km, o evento oferece desafios para todos os n\u00edveis de ciclistas \u2014 desde os que procuram um percurso intenso de um dia at\u00e9 os mais aventureiros que desejam testar os seus limites num trajeto de ultra-endurance.<\/p>\n","organizer_name":"TopCycling ","organizer_description":"<p>TopCycling<\/p>\n<table dir=\"ltr\" border=\"1\" cellspacing=\"0\" cellpadding=\"0\" data-sheets-root=\"1\" data-sheets-baot=\"1\">\n<colgroup>\n<col width=\"100\"><\/colgroup>\n<tbody>\n<tr>\n<td colspan=\"1\" rowspan=\"3\">\n<div>acdlamelas@gmail.com<\/div>\n<\/td>\n<\/tr>\n<\/tbody>\n<\/table>\n","race_benefits":"<p>\u2705 Tr\u00eas dist\u00e2ncias para diferentes perfis de atletas<br data-start=\"1839\" data-end=\"1842\">\u2705 Percursos naturais e variados no norte de Portugal<br data-start=\"1902\" data-end=\"1905\">\u2705 Ideal para ciclistas de gravel e BTT<br data-start=\"1945\" data-end=\"1948\">\u2705 Excelente rela\u00e7\u00e3o desafio\/pre\u00e7o<br data-start=\"1996\" data-end=\"1999\">\u2705 Organiza\u00e7\u00e3o local dedicada e apoio t\u00e9cnico ao longo do percurso<\/p>\n","event_ticket_url":"https:\/\/eventos.topcycling.pt\/evento?recordId=rec0CV86ITfrVIRE5","event_latitude":"41.3492","event_longitude":"-8.4770"},"_links":{"self":[{"href":"https:\/\/racefinder.pt\/pt\/wp-json\/wp\/v2\/product\/927","targetHints":{"allow":["GET"]}}],"collection":[{"href":"https:\/\/racefinder.pt\/pt\/wp-json\/wp\/v2\/product"}],"about":[{"href":"https:\/\/racefinder.pt\/pt\/wp-json\/wp\/v2\/types\/product"}],"replies":[{"embeddable":true,"href":"https:\/\/racefinder.pt\/pt\/wp-json\/wp\/v2\/comments?post=927"}],"version-history":[{"count":0,"href":"https:\/\/racefinder.pt\/pt\/wp-json\/wp\/v2\/product\/927\/revisions"}],"wp:featuredmedia":[{"embeddable":true,"href":"https:\/\/racefinder.pt\/pt\/wp-json\/wp\/v2\/media\/1852"}],"wp:attachment":[{"href":"https:\/\/racefinder.pt\/pt\/wp-json\/wp\/v2\/media?parent=927"}],"wp:term":[{"taxonomy":"product_brand","embeddable":true,"href":"https:\/\/racefinder.pt\/pt\/wp-json\/wp\/v2\/product_brand?post=927"},{"taxonomy":"product_cat","embeddable":true,"href":"https:\/\/racefinder.pt\/pt\/wp-json\/wp\/v2\/product_cat?post=927"},{"taxonomy":"product_tag","embeddable":true,"href":"https:\/\/racefinder.pt\/pt\/wp-json\/wp\/v2\/product_tag?post=927"}],"curies":[{"name":"wp","href":"https:\/\/api.w.org\/{rel}","templated":true}]}}