{"id":877,"date":"2025-05-20T15:44:36","date_gmt":"2025-05-20T14:44:36","guid":{"rendered":"https:\/\/www.racefinder.pt\/event\/corrida-rosa\/"},"modified":"2025-06-25T04:57:12","modified_gmt":"2025-06-25T04:57:12","slug":"corrida-rosa","status":"publish","type":"product","link":"https:\/\/racefinder.pt\/pt\/event\/corrida-rosa\/","title":{"rendered":"Corrida Rosa"},"content":{"rendered":"","protected":false},"excerpt":{"rendered":"","protected":false},"featured_media":874,"comment_status":"open","ping_status":"closed","template":"","meta":{"_acf_changed":false,"footnotes":""},"product_brand":[],"product_cat":[140,129,224,246],"product_tag":[],"class_list":{"0":"post-877","1":"product","2":"type-product","3":"status-publish","4":"has-post-thumbnail","6":"product_cat-caminhada","7":"product_cat-corrida","8":"product_cat-5-km-pt","9":"product_cat-corrida-de-rua","11":"first","12":"outofstock","13":"shipping-taxable","14":"purchasable","15":"product-type-variable"},"acf":{"event_date_start":"20250830","event_date_end":"","event_start_time":"","event_country":"portugal","event_rating":"","is_hot_event":false,"organizer_avatar":false,"event_gallery":false,"event_location_text":"Lourosa","event_short_description":"<p>A Corrida Rosa \u00e9 um evento solid\u00e1rio e inclusivo que promove a sensibiliza\u00e7\u00e3o para a luta contra o cancro da mama. Realizada em Lourosa, combina uma prova de corrida de 5KM e uma caminhada aberta a todos os participantes. Mais do que uma competi\u00e7\u00e3o, \u00e9 uma celebra\u00e7\u00e3o da vida, da uni\u00e3o e da for\u00e7a feminina.  <\/p>\n","organizer_name":"Obra do Frei Gil \/ CM Santa Maria da Feira","organizer_description":"<table dir=\"ltr\" border=\"1\" cellspacing=\"0\" cellpadding=\"0\" data-sheets-root=\"1\" data-sheets-baot=\"1\">\n<colgroup>\n<col width=\"100\" \/><\/colgroup>\n<tbody>\n<tr>\n<td colspan=\"1\" rowspan=\"2\">\n<div>Obra do Frei Gil \/ CM Santa Maria da Feira<\/div>\n<div>geral@corridarosa.com<\/div>\n<\/td>\n<\/tr>\n<\/tbody>\n<\/table>\n","race_benefits":"<p>\u2705 Evento com causa solid\u00e1ria: apoio \u00e0 luta contra o cancro da mama<br data-start=\"815\" data-end=\"818\" \/>\u2705 Percurso acess\u00edvel para todos os n\u00edveis de prepara\u00e7\u00e3o<br data-start=\"860\" data-end=\"863\" \/>\u2705 Possibilidade de escolha entre corrida ou caminhada<br data-start=\"886\" data-end=\"889\" \/>\u2705 Ambiente festivo e comunit\u00e1rio<br data-start=\"930\" data-end=\"933\" \/>\u2705 Camisola oficial e brindes inclu\u00eddos na inscri\u00e7\u00e3o<\/p>\n","event_full_address":"","event_ticket_url":"https:\/\/www.corridarosa.com\/","event_latitude":"40.9831","event_longitude":"-8.5429","event_participants_count":"0","organizer_website":{"title":"","url":"https:\/\/www.corridarosa.com\/","target":""}},"_links":{"self":[{"href":"https:\/\/racefinder.pt\/pt\/wp-json\/wp\/v2\/product\/877","targetHints":{"allow":["GET"]}}],"collection":[{"href":"https:\/\/racefinder.pt\/pt\/wp-json\/wp\/v2\/product"}],"about":[{"href":"https:\/\/racefinder.pt\/pt\/wp-json\/wp\/v2\/types\/product"}],"replies":[{"embeddable":true,"href":"https:\/\/racefinder.pt\/pt\/wp-json\/wp\/v2\/comments?post=877"}],"version-history":[{"count":0,"href":"https:\/\/racefinder.pt\/pt\/wp-json\/wp\/v2\/product\/877\/revisions"}],"wp:featuredmedia":[{"embeddable":true,"href":"https:\/\/racefinder.pt\/pt\/wp-json\/wp\/v2\/media\/874"}],"wp:attachment":[{"href":"https:\/\/racefinder.pt\/pt\/wp-json\/wp\/v2\/media?parent=877"}],"wp:term":[{"taxonomy":"product_brand","embeddable":true,"href":"https:\/\/racefinder.pt\/pt\/wp-json\/wp\/v2\/product_brand?post=877"},{"taxonomy":"product_cat","embeddable":true,"href":"https:\/\/racefinder.pt\/pt\/wp-json\/wp\/v2\/product_cat?post=877"},{"taxonomy":"product_tag","embeddable":true,"href":"https:\/\/racefinder.pt\/pt\/wp-json\/wp\/v2\/product_tag?post=877"}],"curies":[{"name":"wp","href":"https:\/\/api.w.org\/{rel}","templated":true}]}}