{"id":7149,"date":"2025-07-10T12:13:22","date_gmt":"2025-07-10T11:13:22","guid":{"rendered":"https:\/\/www.racefinder.pt\/event\/meia-maratona-evora\/"},"modified":"2025-11-03T12:16:20","modified_gmt":"2025-11-03T12:16:20","slug":"meia-maratona-evora","status":"publish","type":"product","link":"https:\/\/racefinder.pt\/pt\/event\/meia-maratona-evora\/","title":{"rendered":"Meia Maratona \u00c9vora"},"content":{"rendered":"","protected":false},"excerpt":{"rendered":"","protected":false},"featured_media":7150,"comment_status":"open","ping_status":"closed","template":"","meta":{"_acf_changed":false,"footnotes":""},"product_brand":[],"product_cat":[129,161,246,140],"product_tag":[],"class_list":{"0":"post-7149","1":"product","2":"type-product","3":"status-publish","4":"has-post-thumbnail","6":"product_cat-corrida","7":"product_cat-kids-pt","8":"product_cat-corrida-de-rua","9":"product_cat-caminhada","11":"first","12":"instock","13":"shipping-taxable","14":"purchasable","15":"product-type-variable"},"acf":{"event_date_start":"20251123","event_date_end":"","event_start_time":"","event_country":"portugal","event_ticket_url":"https:\/\/meiadeevora.pt\/site\/","event_latitude":"38.5708","event_longitude":"-7.9099","event_rating":"","is_hot_event":false,"event_participants_count":"0","organizer_avatar":false,"event_gallery":false,"event_location_text":"\u00c9vora","event_short_description":"<div id=\"model-response-message-contentr_145811d246b38314\" class=\"markdown markdown-main-panel stronger enable-updated-hr-color\" dir=\"ltr\">\n<p>A <b>Meia Maratona de \u00c9vora 21.27<\/b> \u00e9 um dos eventos de corrida de estrada mais emblem\u00e1ticos de Portugal, que se realiza na hist\u00f3rica cidade de \u00c9vora, Patrim\u00f3nio Mundial da UNESCO. Organizada pela C\u00e2mara Municipal de \u00c9vora, a edi\u00e7\u00e3o de 2025 ir\u00e1 decorrer no fim de semana de 22 e 23 de novembro e conta com quatro provas diferentes que se adaptam a uma vasta gama de participantes:<\/p>\n<ul>\n<li><b>Meia Maratona de \u00c9vora<\/b> (21,1 km)<\/li>\n<li><b>\u00c9vora 10 km<\/b><\/li>\n<li><b>Caminhada de \u00c9vora<\/b> (5 km)<\/li>\n<li><b>Run Kids<\/b> (para crian\u00e7as dos 3 aos 12 anos)<\/li>\n<\/ul>\n<p>Cada evento ter\u00e1 partida e chegada no cora\u00e7\u00e3o de \u00c9vora, na Pra\u00e7a do Giraldo, proporcionando um cen\u00e1rio c\u00e9nico e hist\u00f3rico para participantes e espetadores.<\/p>\n<\/div>\n","organizer_description":"<p><strong>Datas &amp; Hor\u00e1rios de Partida<\/strong><br \/>\n\u2022 Run Kids \u2013 22 de novembro, 15:00<br \/>\n\u2022 Caminhada 5 km \u2013 23 de novembro, 09:30<br \/>\n\u2022 Meia Maratona 21,1 km \u2013 23 de novembro, 10:00<br \/>\n\u2022 10 km \u2013 23 de novembro, 5 minutos ap\u00f3s o \u00faltimo corredor da Meia Maratona<\/p>\n<p><strong>Percursos<\/strong><br \/>\n\u2022 Todas as provas come\u00e7am e terminam na Pra\u00e7a do Giraldo<br \/>\n\u2022 Incluem \u00e1reas urbanas e envolventes de \u00c9vora, destacando pontos de interesse e monumentos<\/p>\n<p><strong>Postos de Abastecimento<\/strong><br \/>\n\u2022 21,1 km: l\u00edquido a cada 5 km, s\u00f3lido a partir do km 10<br \/>\n\u2022 10 km: \u00e1gua aos 5 km e na meta<br \/>\n\u2022 Caminhada 5 km: \u00e1gua aos 1,5 km e na meta<br \/>\n\u2022 Run Kids: \u00e1gua na meta<\/p>\n<p><strong>Limite de Tempo<\/strong><br \/>\n\u2022 Todas as provas terminam at\u00e9 \u00e0s 13:00 (limite de 3 horas)<\/p>\n<p><strong>Taxas de Inscri\u00e7\u00e3o<\/strong><br \/>\n\u2022 Variam por prova e per\u00edodo de inscri\u00e7\u00e3o (early bird a late)<br \/>\n\u2022 Pre\u00e7os: \u20ac4 (Run Kids) a \u20ac20 (21,1 km, \u00faltima fase)<\/p>\n<p><strong>Kit de Participa\u00e7\u00e3o<\/strong><br \/>\n\u2022 T-shirt oficial da prova (t\u00e9cnica, unissexo ou tamanhos infantis)<br \/>\n\u2022 Dorsal e chip de cronometragem (quando aplic\u00e1vel)<br \/>\n\u2022 Alfinetes de seguran\u00e7a e brindes promocionais<\/p>\n<p><strong>Cronometragem &amp; Resultados<\/strong><br \/>\n\u2022 Chip descart\u00e1vel no dorsal para 21,1 km e 10 km<br \/>\n\u2022 Caminhada e Run Kids n\u00e3o cronometradas<\/p>\n<p><strong>Pr\u00e9mios<\/strong><br \/>\n\u2022 21,1 km e 10 km: pr\u00e9mios monet\u00e1rios para os primeiros classificados (geral e locais)<br \/>\n\u2022 Todas as provas: medalha de finisher e diploma descarreg\u00e1vel<br \/>\n\u2022 Trof\u00e9us para vencedores por categoria et\u00e1ria<\/p>\n<p><strong>Idades M\u00ednimas<\/strong><br \/>\n\u2022 21,1 km: 20+ anos<br \/>\n\u2022 10 km: 18+ anos<br \/>\n\u2022 Caminhada: todas as idades<br \/>\n\u2022 Run Kids: 3 a 12 anos<\/p>\n<p><strong>Limite de Participa\u00e7\u00e3o<\/strong><br \/>\n\u2022 5.000 participantes no total<\/p>\n<p><strong>Prazo de Inscri\u00e7\u00e3o<\/strong><br \/>\n\u2022 20 de novembro de 2025 ou at\u00e9 esgotarem as vagas<\/p>\n","race_benefits":"<div id=\"model-response-message-contentr_ebb12d74cc14b0d7\" class=\"markdown markdown-main-panel stronger enable-updated-hr-color\" dir=\"ltr\">\n<p>\ud83c\udfbd <b>Todos os participantes ir\u00e3o receber um kit de corrida completo, adequado \u00e0 sua prova:<\/b><\/p>\n<ul>\n<li><b>\u00c9vora Meia Maratona 21.1K e \u00c9vora 10K:<\/b> T-shirt t\u00e9cnica (sem mangas ou de manga curta, unisexo), dorsal, chip de cronometragem, alfinetes de seguran\u00e7a e v\u00e1rios brindes dos parceiros do evento.<\/li>\n<li><b>\u00c9vora Caminhada 5K:<\/b> T-shirt t\u00e9cnica (unisexo), dorsal e brindes dos parceiros.<\/li>\n<li><b>Run Kids:<\/b> T-shirt t\u00e9cnica de crian\u00e7a, dois dorsais e brindes variados dos parceiros.<\/li>\n<\/ul>\n<p>\ud83e\udd47 <b>Medalha de Finisher<\/b> para todos os participantes que cruzarem a linha da meta \u2014 independentemente da dist\u00e2ncia!<\/p>\n<p>\ud83d\udcb0 <b>Pr\u00e9mios em dinheiro<\/b> ser\u00e3o atribu\u00eddos aos primeiros classificados nas provas de 21.1K e 10K (classifica\u00e7\u00f5es gerais masculinas e femininas).<\/p>\n<p>\ud83d\udcdc <b>Certificados de participa\u00e7\u00e3o<\/b> eletr\u00f3nicos estar\u00e3o dispon\u00edveis para todos os corredores ap\u00f3s o evento.<\/p>\n<p>\ud83c\udf89 <b>Todas as inscri\u00e7\u00f5es incluem o acesso<\/b> a um ambiente de corrida festivo no cora\u00e7\u00e3o de \u00c9vora, com total apoio, hidrata\u00e7\u00e3o e log\u00edstica de seguran\u00e7a garantidas ao longo do percurso.<\/p>\n<\/div>\n","organizer_website":{"title":"","url":"","target":"","0":""}},"_links":{"self":[{"href":"https:\/\/racefinder.pt\/pt\/wp-json\/wp\/v2\/product\/7149","targetHints":{"allow":["GET"]}}],"collection":[{"href":"https:\/\/racefinder.pt\/pt\/wp-json\/wp\/v2\/product"}],"about":[{"href":"https:\/\/racefinder.pt\/pt\/wp-json\/wp\/v2\/types\/product"}],"replies":[{"embeddable":true,"href":"https:\/\/racefinder.pt\/pt\/wp-json\/wp\/v2\/comments?post=7149"}],"version-history":[{"count":0,"href":"https:\/\/racefinder.pt\/pt\/wp-json\/wp\/v2\/product\/7149\/revisions"}],"wp:featuredmedia":[{"embeddable":true,"href":"https:\/\/racefinder.pt\/pt\/wp-json\/wp\/v2\/media\/7150"}],"wp:attachment":[{"href":"https:\/\/racefinder.pt\/pt\/wp-json\/wp\/v2\/media?parent=7149"}],"wp:term":[{"taxonomy":"product_brand","embeddable":true,"href":"https:\/\/racefinder.pt\/pt\/wp-json\/wp\/v2\/product_brand?post=7149"},{"taxonomy":"product_cat","embeddable":true,"href":"https:\/\/racefinder.pt\/pt\/wp-json\/wp\/v2\/product_cat?post=7149"},{"taxonomy":"product_tag","embeddable":true,"href":"https:\/\/racefinder.pt\/pt\/wp-json\/wp\/v2\/product_tag?post=7149"}],"curies":[{"name":"wp","href":"https:\/\/api.w.org\/{rel}","templated":true}]}}