{"id":646,"date":"2025-05-16T10:20:02","date_gmt":"2025-05-16T09:20:02","guid":{"rendered":"https:\/\/www.racefinder.pt\/event\/sunset-btt-5-0\/"},"modified":"2025-06-25T04:57:44","modified_gmt":"2025-06-25T04:57:44","slug":"sunset-btt-5-0","status":"publish","type":"product","link":"https:\/\/racefinder.pt\/pt\/event\/sunset-btt-5-0\/","title":{"rendered":"Sunset BTT 5.0"},"content":{"rendered":"","protected":false},"excerpt":{"rendered":"","protected":false},"featured_media":645,"comment_status":"open","ping_status":"closed","template":"","meta":{"_acf_changed":false,"footnotes":""},"product_brand":[],"product_cat":[193,130],"product_tag":[],"class_list":{"0":"post-646","1":"product","2":"type-product","3":"status-publish","4":"has-post-thumbnail","6":"product_cat-btt-pt-2","7":"product_cat-ciclismo","9":"first","10":"instock","11":"shipping-taxable","12":"purchasable","13":"product-type-variable"},"acf":{"event_date_start":"20250726","event_date_end":"","event_start_time":"","event_country":"portugal","event_rating":"","is_hot_event":false,"organizer_avatar":false,"event_gallery":false,"event_location_text":"Oliveira Azemeis","event_short_description":"<p>O Sunset BTT 5.0 \u2013 O Renascimento do Coelho realiza-se em Oliveira de Azem\u00e9is, no dia 26 de julho de 2025, com in\u00edcio marcado para as 16:00. Esta prova de resist\u00eancia ao entardecer oferece duas op\u00e7\u00f5es: 4 horas de resist\u00eancia em BTT e 3 horas para E-bike, proporcionando uma experi\u00eancia \u00fanica durante o p\u00f4r do sol. Com um ambiente simultaneamente competitivo e descontra\u00eddo, \u00e9 o evento ideal para atletas experientes e amantes das duas rodas.  <\/p>\n","organizer_name":"Associa\u00e7\u00e3o Desportiva e Cultural Sportaz","organizer_description":"<p><span data-sheets-root=\"1\">Associa\u00e7\u00e3o Desportiva e Cultural Sportaz<\/span><\/p>\n<p><span data-sheets-root=\"1\">adcsportaz@gmail.com<\/span><\/p>\n","race_benefits":"<ul>\n<li data-start=\"845\" data-end=\"885\">\n<p data-start=\"847\" data-end=\"885\">Formato de resist\u00eancia desafiante: 4H BTT \/ 3H E-bike<\/p>\n<\/li>\n<li data-start=\"886\" data-end=\"931\">\n<p data-start=\"888\" data-end=\"931\">Percurso ao p\u00f4r do sol com paisagens incr\u00edveis<\/p>\n<\/li>\n<li data-start=\"932\" data-end=\"971\">\n<p data-start=\"934\" data-end=\"971\">Ambiente informal com esp\u00edrito competitivo<\/p>\n<\/li>\n<li data-start=\"972\" data-end=\"1035\">\n<p data-start=\"974\" data-end=\"1035\">Indicado para ciclistas experientes e amadores<\/p>\n<\/li>\n<li data-start=\"1036\" data-end=\"1094\">\n<p data-start=\"1038\" data-end=\"1094\">Excelente op\u00e7\u00e3o para quem procura uma experi\u00eancia \u00fanica ao fim da tarde<\/p>\n<\/li>\n<\/ul>\n","event_full_address":"","event_latitude":"40.8386","event_longitude":"-8.4786","event_ticket_url":"https:\/\/lap2go.com\/es\/event\/sunset-btt-2025","event_participants_count":"0","organizer_website":{"title":"","url":"https:\/\/www.facebook.com\/events\/parque-de-la-salette\/sunset-btt-50-o-renascer-do-coelho-2025\/23964484459810141\/?locale=fo_FO","target":""}},"_links":{"self":[{"href":"https:\/\/racefinder.pt\/pt\/wp-json\/wp\/v2\/product\/646","targetHints":{"allow":["GET"]}}],"collection":[{"href":"https:\/\/racefinder.pt\/pt\/wp-json\/wp\/v2\/product"}],"about":[{"href":"https:\/\/racefinder.pt\/pt\/wp-json\/wp\/v2\/types\/product"}],"replies":[{"embeddable":true,"href":"https:\/\/racefinder.pt\/pt\/wp-json\/wp\/v2\/comments?post=646"}],"version-history":[{"count":0,"href":"https:\/\/racefinder.pt\/pt\/wp-json\/wp\/v2\/product\/646\/revisions"}],"wp:featuredmedia":[{"embeddable":true,"href":"https:\/\/racefinder.pt\/pt\/wp-json\/wp\/v2\/media\/645"}],"wp:attachment":[{"href":"https:\/\/racefinder.pt\/pt\/wp-json\/wp\/v2\/media?parent=646"}],"wp:term":[{"taxonomy":"product_brand","embeddable":true,"href":"https:\/\/racefinder.pt\/pt\/wp-json\/wp\/v2\/product_brand?post=646"},{"taxonomy":"product_cat","embeddable":true,"href":"https:\/\/racefinder.pt\/pt\/wp-json\/wp\/v2\/product_cat?post=646"},{"taxonomy":"product_tag","embeddable":true,"href":"https:\/\/racefinder.pt\/pt\/wp-json\/wp\/v2\/product_tag?post=646"}],"curies":[{"name":"wp","href":"https:\/\/api.w.org\/{rel}","templated":true}]}}