{"id":597,"date":"2025-05-14T16:03:05","date_gmt":"2025-05-14T15:03:05","guid":{"rendered":"https:\/\/www.racefinder.pt\/event\/trail-santa-justa\/"},"modified":"2025-06-25T04:57:47","modified_gmt":"2025-06-25T04:57:47","slug":"trail-santa-justa","status":"publish","type":"product","link":"https:\/\/racefinder.pt\/pt\/event\/trail-santa-justa\/","title":{"rendered":"Trail Santa Justa"},"content":{"rendered":"","protected":false},"excerpt":{"rendered":"","protected":false},"featured_media":559,"comment_status":"open","ping_status":"closed","template":"","meta":{"_acf_changed":false,"footnotes":""},"product_brand":[],"product_cat":[139],"product_tag":[],"class_list":{"0":"post-597","1":"product","2":"type-product","3":"status-publish","4":"has-post-thumbnail","6":"product_cat-trail-run-pt","8":"first","9":"instock","10":"sale","11":"shipping-taxable","12":"purchasable","13":"product-type-variable"},"acf":{"event_date_start":"20250727","event_date_end":"","event_start_time":"","event_country":"portugal","event_rating":"","is_hot_event":false,"organizer_avatar":false,"event_gallery":false,"event_location_text":"Valongo","event_short_description":"<p>O Trail Santa Justa 2025 assinala a 13.\u00aa edi\u00e7\u00e3o de uma das provas de trail mais emblem\u00e1ticas do norte de Portugal. Realizado nas montanhas acidentadas e c\u00e9nicas da Serra de Santa Justa, o evento oferece percursos t\u00e9cnicos e bem organizados para corredores de todos os n\u00edveis. <\/p>\n<p>\ud83c\udfc1 Categorias &#038; Hor\u00e1rios de Partida<br \/>\nTrail Longo \u2013 31KM \u2192 \u23f0 08:00<br \/>\nMini-Trail \u2013 15KM \u2192 \u23f0 09:00<br \/>\nTrail Curto \u2013 10KM \u2192 \u23f0 09:15<\/p>\n","organizer_name":"Amigos do Trail Associa\u00e7\u00e3o Desportiva","organizer_description":"<table dir=\"ltr\" border=\"1\" cellspacing=\"0\" cellpadding=\"0\" data-sheets-root=\"1\" data-sheets-baot=\"1\">\n<colgroup>\n<col width=\"100\" \/><\/colgroup>\n<tbody>\n<tr>\n<td colspan=\"1\" rowspan=\"3\">\n<div>tsj@atad.pt<\/div>\n<div>\n<table dir=\"ltr\" border=\"1\" cellspacing=\"0\" cellpadding=\"0\" data-sheets-root=\"1\" data-sheets-baot=\"1\">\n<colgroup>\n<col width=\"166\" \/><\/colgroup>\n<tbody>\n<tr>\n<td colspan=\"1\" rowspan=\"3\">\n<div>918 872 261<\/div>\n<\/td>\n<\/tr>\n<\/tbody>\n<\/table>\n<\/div>\n<\/td>\n<\/tr>\n<\/tbody>\n<\/table>\n","race_benefits":"<p>\u2705 Trilhos t\u00e9cnicos e paisagens deslumbrantes na Serra de Santa Justa<br data-start=\"1377\" data-end=\"1380\" \/>\u2705 Integrado em v\u00e1rios circuitos nacionais e regionais de trail<br data-start=\"1439\" data-end=\"1442\" \/>\u2705 T-shirt oficial inclu\u00edda para todos os participantes<br data-start=\"1486\" data-end=\"1489\" \/>\u2705 Ambiente acolhedor com organiza\u00e7\u00e3o experiente e apoio ao longo de todo o percurso<\/p>\n","event_full_address":"","event_ticket_url":"https:\/\/stopandgo.net\/events\/trail-santa-justa-2025","event_latitude":"41.1951","event_longitude":"-8.5022","organizer_website":{"title":"","url":"","target":"","0":"https:\/\/www.facebook.com\/tsantajusta\/?locale=pt_PT"}},"_links":{"self":[{"href":"https:\/\/racefinder.pt\/pt\/wp-json\/wp\/v2\/product\/597","targetHints":{"allow":["GET"]}}],"collection":[{"href":"https:\/\/racefinder.pt\/pt\/wp-json\/wp\/v2\/product"}],"about":[{"href":"https:\/\/racefinder.pt\/pt\/wp-json\/wp\/v2\/types\/product"}],"replies":[{"embeddable":true,"href":"https:\/\/racefinder.pt\/pt\/wp-json\/wp\/v2\/comments?post=597"}],"version-history":[{"count":0,"href":"https:\/\/racefinder.pt\/pt\/wp-json\/wp\/v2\/product\/597\/revisions"}],"wp:featuredmedia":[{"embeddable":true,"href":"https:\/\/racefinder.pt\/pt\/wp-json\/wp\/v2\/media\/559"}],"wp:attachment":[{"href":"https:\/\/racefinder.pt\/pt\/wp-json\/wp\/v2\/media?parent=597"}],"wp:term":[{"taxonomy":"product_brand","embeddable":true,"href":"https:\/\/racefinder.pt\/pt\/wp-json\/wp\/v2\/product_brand?post=597"},{"taxonomy":"product_cat","embeddable":true,"href":"https:\/\/racefinder.pt\/pt\/wp-json\/wp\/v2\/product_cat?post=597"},{"taxonomy":"product_tag","embeddable":true,"href":"https:\/\/racefinder.pt\/pt\/wp-json\/wp\/v2\/product_tag?post=597"}],"curies":[{"name":"wp","href":"https:\/\/api.w.org\/{rel}","templated":true}]}}