{"id":592,"date":"2025-05-14T16:36:28","date_gmt":"2025-05-14T15:36:28","guid":{"rendered":"https:\/\/www.racefinder.pt\/event\/limestone-ultra-trail\/"},"modified":"2025-06-25T04:57:46","modified_gmt":"2025-06-25T04:57:46","slug":"limestone-ultra-trail","status":"publish","type":"product","link":"https:\/\/racefinder.pt\/pt\/event\/limestone-ultra-trail\/","title":{"rendered":"Limestone Ultra Trail"},"content":{"rendered":"","protected":false},"excerpt":{"rendered":"","protected":false},"featured_media":567,"comment_status":"open","ping_status":"closed","template":"","meta":{"_acf_changed":false,"footnotes":""},"product_brand":[],"product_cat":[140,139],"product_tag":[],"class_list":{"0":"post-592","1":"product","2":"type-product","3":"status-publish","4":"has-post-thumbnail","6":"product_cat-caminhada","7":"product_cat-trail-run-pt","9":"first","10":"instock","11":"shipping-taxable","12":"purchasable","13":"product-type-variable"},"acf":{"event_date_start":"20250726","event_date_end":"","event_start_time":"","event_country":"portugal","event_rating":"","is_hot_event":false,"organizer_avatar":false,"event_gallery":false,"event_location_text":"Porto de M\u00f3s","event_short_description":"<p>O Limestone Ultra Trail regressa a Porto de M\u00f3s em 2025 com quatro dist\u00e2ncias de trail tra\u00e7adas na emblem\u00e1tica regi\u00e3o calc\u00e1ria de Portugal, conhecida pelas suas forma\u00e7\u00f5es rochosas impressionantes e trilhos de montanha deslumbrantes. Com percursos que variam entre os 8 km e os 34 km, o evento oferece desafios t\u00e9cnicos para trail runners experientes e uma experi\u00eancia imersiva na natureza para os caminhantes.<br \/>\nAs partidas ao final da tarde permitem aos participantes desfrutar da luz dourada do entardecer pelos trilhos da Serra. <\/p>\n","organizer_name":"Associa\u00e7\u00e3o Porto de M\u00f3s a Correr","organizer_description":"<table dir=\"ltr\" border=\"1\" cellspacing=\"0\" cellpadding=\"0\" data-sheets-root=\"1\" data-sheets-baot=\"1\">\n<colgroup>\n<col width=\"100\" \/><\/colgroup>\n<tbody>\n<tr>\n<td colspan=\"1\" rowspan=\"4\">\n<div>limestoneultratrail@gmail.com<\/div>\n<div>\n<table dir=\"ltr\" border=\"1\" cellspacing=\"0\" cellpadding=\"0\" data-sheets-root=\"1\" data-sheets-baot=\"1\">\n<colgroup>\n<col width=\"166\" \/><\/colgroup>\n<tbody>\n<tr>\n<td colspan=\"1\" rowspan=\"4\">\n<div>938 726 636<\/div>\n<\/td>\n<\/tr>\n<\/tbody>\n<\/table>\n<\/div>\n<\/td>\n<\/tr>\n<\/tbody>\n<\/table>\n","race_benefits":"<p>\u2705 Paisagens calc\u00e1rias deslumbrantes e trilhos naturais acidentados<br data-start=\"1178\" data-end=\"1181\" \/>\u2705 Partidas ao final da tarde para temperaturas mais amenas e vistas deslumbrantes ao p\u00f4r do sol<br data-start=\"1255\" data-end=\"1258\" \/>\u2705 Op\u00e7\u00f5es de trail e caminhada para todos os n\u00edveis<br data-start=\"1299\" data-end=\"1302\" \/>\u2705 Organiza\u00e7\u00e3o profissional com forte apoio local<br data-start=\"1354\" data-end=\"1357\" \/>\u2705 Experi\u00eancia \u00fanica na regi\u00e3o montanhosa do centro de Portugal<\/p>\n","event_full_address":"","event_latitude":"39.6017","event_longitude":"-8.8162","event_ticket_url":"https:\/\/www.recordepessoal.pt\/evento\/limestoneultratrail2025","organizer_website":{"title":"","url":"","target":"","0":"https:\/\/www.facebook.com\/limestoneultratrail\/"}},"_links":{"self":[{"href":"https:\/\/racefinder.pt\/pt\/wp-json\/wp\/v2\/product\/592","targetHints":{"allow":["GET"]}}],"collection":[{"href":"https:\/\/racefinder.pt\/pt\/wp-json\/wp\/v2\/product"}],"about":[{"href":"https:\/\/racefinder.pt\/pt\/wp-json\/wp\/v2\/types\/product"}],"replies":[{"embeddable":true,"href":"https:\/\/racefinder.pt\/pt\/wp-json\/wp\/v2\/comments?post=592"}],"version-history":[{"count":0,"href":"https:\/\/racefinder.pt\/pt\/wp-json\/wp\/v2\/product\/592\/revisions"}],"wp:featuredmedia":[{"embeddable":true,"href":"https:\/\/racefinder.pt\/pt\/wp-json\/wp\/v2\/media\/567"}],"wp:attachment":[{"href":"https:\/\/racefinder.pt\/pt\/wp-json\/wp\/v2\/media?parent=592"}],"wp:term":[{"taxonomy":"product_brand","embeddable":true,"href":"https:\/\/racefinder.pt\/pt\/wp-json\/wp\/v2\/product_brand?post=592"},{"taxonomy":"product_cat","embeddable":true,"href":"https:\/\/racefinder.pt\/pt\/wp-json\/wp\/v2\/product_cat?post=592"},{"taxonomy":"product_tag","embeddable":true,"href":"https:\/\/racefinder.pt\/pt\/wp-json\/wp\/v2\/product_tag?post=592"}],"curies":[{"name":"wp","href":"https:\/\/api.w.org\/{rel}","templated":true}]}}