{"id":5276,"date":"2025-07-08T11:22:49","date_gmt":"2025-07-08T10:22:49","guid":{"rendered":"https:\/\/www.racefinder.pt\/event\/trail-castro-recarei-2\/"},"modified":"2025-10-16T12:54:45","modified_gmt":"2025-10-16T11:54:45","slug":"trail-castro-recarei-2","status":"publish","type":"product","link":"https:\/\/racefinder.pt\/pt\/event\/trail-castro-recarei-2\/","title":{"rendered":"Trail \u201cCastro Recarei\u201d"},"content":{"rendered":"","protected":false},"excerpt":{"rendered":"","protected":false},"featured_media":5242,"comment_status":"open","ping_status":"closed","template":"","meta":{"_acf_changed":false,"footnotes":""},"product_brand":[],"product_cat":[140,129,139],"product_tag":[],"class_list":{"0":"post-5276","1":"product","2":"type-product","3":"status-publish","4":"has-post-thumbnail","6":"product_cat-caminhada","7":"product_cat-corrida","8":"product_cat-trail-run-pt","10":"first","11":"instock","12":"shipping-taxable","13":"purchasable","14":"product-type-variable"},"acf":{"event_date_start":"20251109","event_date_end":"","event_start_time":"","event_country":"portugal","event_ticket_url":"https:\/\/lap2go.com\/pt\/event\/trail-castro-recarei-2025","event_latitude":"40.8410","event_longitude":"-8.4783","event_rating":"","is_hot_event":false,"event_participants_count":"0","organizer_avatar":false,"event_gallery":false,"event_location_text":"Oliveira Azemeis","event_short_description":"<p data-start=\"57\" data-end=\"533\">O <strong data-start=\"59\" data-end=\"87\">VII Trail Castro Recarei<\/strong>, que se realiza a <strong data-start=\"106\" data-end=\"131\">9 de novembro de 2025<\/strong>, em S\u00e3o Martinho da G\u00e2ndara, Oliveira de Azem\u00e9is, oferece uma experi\u00eancia de trail running c\u00e9nica, atravessando bosques verdejantes, levadas, moinhos antigos e nascentes de \u00e1gua fresca. Organizado pelo Centro Desportivo e Cultural de S\u00e3o Martinho da G\u00e2ndara, o evento atrai tanto atletas competitivos como participantes recreativos, com dist\u00e2ncias adaptadas a diferentes n\u00edveis de prepara\u00e7\u00e3o f\u00edsica.<\/p>\n<p data-start=\"535\" data-end=\"575\">Os participantes podem escolher entre:<\/p>\n<ul data-start=\"576\" data-end=\"687\">\n<li data-start=\"576\" data-end=\"614\">\n<p data-start=\"578\" data-end=\"614\"><strong data-start=\"578\" data-end=\"612\">Trail Sprint 20 km (D+ 1000 m)<\/strong><\/p>\n<\/li>\n<li data-start=\"615\" data-end=\"652\">\n<p data-start=\"617\" data-end=\"652\"><strong data-start=\"617\" data-end=\"650\">Trail Sprint 13 km (D+ 720 m)<\/strong><\/p>\n<\/li>\n<li data-start=\"653\" data-end=\"687\">\n<p data-start=\"655\" data-end=\"687\"><strong data-start=\"655\" data-end=\"685\">Caminhada 10 km (D+ 400 m)<\/strong><\/p>\n<\/li>\n<\/ul>\n<p data-start=\"689\" data-end=\"960\">O percurso circular tem partida e chegada no Campo das Alminhas, sede do CDC. O evento est\u00e1 limitado a <strong data-start=\"792\" data-end=\"822\">400 participantes no total<\/strong> (100 no trail de 20 km, 150 no trail de 13 km e 150 na caminhada), garantindo uma experi\u00eancia comunit\u00e1ria e ambientalmente respons\u00e1vel.<\/p>\n<p data-start=\"962\" data-end=\"1295\" data-is-last-node=\"\" data-is-only-node=\"\">Este trail \u00e9 ideal para amantes da natureza e entusiastas da corrida em trilhos que desejem explorar terrenos \u00fanicos \u2014 desde caminhos florestais a trilhos junto a linhas de \u00e1gua \u2014 num ambiente local e festivo. Caminheiros e corredores cruzar-se-\u00e3o em alguns pontos do percurso, criando uma din\u00e2mica acolhedora para todos os n\u00edveis.<\/p>\n","organizer_description":"<ul data-start=\"125\" data-end=\"227\">\n<li data-start=\"125\" data-end=\"169\">\n<p data-start=\"127\" data-end=\"169\"><strong data-start=\"127\" data-end=\"136\">Data:<\/strong> Domingo, 9 de novembro de 2025<\/p>\n<\/li>\n<li data-start=\"170\" data-end=\"227\">\n<p data-start=\"172\" data-end=\"227\"><strong data-start=\"172\" data-end=\"192\">Partida\/Chegada:<\/strong> Campo das Alminhas (sede do CDC)<\/p>\n<\/li>\n<\/ul>\n<p data-start=\"229\" data-end=\"255\"><strong data-start=\"229\" data-end=\"253\">Hor\u00e1rios de Partida:<\/strong><\/p>\n<ul data-start=\"256\" data-end=\"345\">\n<li data-start=\"256\" data-end=\"286\">\n<p data-start=\"258\" data-end=\"286\">08h30 \u2013 Trail Sprint 20 km<\/p>\n<\/li>\n<li data-start=\"287\" data-end=\"317\">\n<p data-start=\"289\" data-end=\"317\">08h50 \u2013 Trail Sprint 13 km<\/p>\n<\/li>\n<li data-start=\"318\" data-end=\"345\">\n<p data-start=\"320\" data-end=\"345\">09h00 \u2013 Caminhada 10 km<\/p>\n<\/li>\n<\/ul>\n<p data-start=\"347\" data-end=\"367\"><strong data-start=\"347\" data-end=\"365\">Tempos Limite:<\/strong><\/p>\n<ul data-start=\"368\" data-end=\"419\">\n<li data-start=\"368\" data-end=\"383\">\n<p data-start=\"370\" data-end=\"383\">20 km: 4h30<\/p>\n<\/li>\n<li data-start=\"384\" data-end=\"399\">\n<p data-start=\"386\" data-end=\"399\">13 km: 3h30<\/p>\n<\/li>\n<li data-start=\"400\" data-end=\"419\">\n<p data-start=\"402\" data-end=\"419\">Caminhada: 4h30<\/p>\n<\/li>\n<\/ul>\n<p data-start=\"421\" data-end=\"451\"><strong data-start=\"421\" data-end=\"449\">Levantamento de Dorsais:<\/strong><\/p>\n<ul data-start=\"452\" data-end=\"530\">\n<li data-start=\"452\" data-end=\"490\">\n<p data-start=\"454\" data-end=\"490\">S\u00e1bado, 8 de novembro: 14h00\u201318h00<\/p>\n<\/li>\n<li data-start=\"491\" data-end=\"530\">\n<p data-start=\"493\" data-end=\"530\">Domingo, 9 de novembro: 07h30\u201308h55<\/p>\n<\/li>\n<\/ul>\n<p data-start=\"532\" data-end=\"547\"><strong data-start=\"532\" data-end=\"545\">Percurso:<\/strong><\/p>\n<ul data-start=\"548\" data-end=\"740\">\n<li data-start=\"548\" data-end=\"652\">\n<p data-start=\"550\" data-end=\"652\">Terreno misto (trilhos florestais, levadas, caminhos de terra e pequenos atravessamentos de estrada)<\/p>\n<\/li>\n<li data-start=\"653\" data-end=\"740\">\n<p data-start=\"655\" data-end=\"740\">N\u00e3o haver\u00e1 cortes de tr\u00e2nsito; os participantes devem respeitar o C\u00f3digo da Estrada<\/p>\n<\/li>\n<\/ul>\n<p data-start=\"742\" data-end=\"779\"><strong data-start=\"742\" data-end=\"777\">Postos de Controlo &amp; Seguran\u00e7a:<\/strong><\/p>\n<ul data-start=\"780\" data-end=\"930\">\n<li data-start=\"780\" data-end=\"847\">\n<p data-start=\"782\" data-end=\"847\">Controlo aleat\u00f3rio atrav\u00e9s de pontos e volunt\u00e1rios com sensores<\/p>\n<\/li>\n<li data-start=\"848\" data-end=\"930\">\n<p data-start=\"850\" data-end=\"930\">Material obrigat\u00f3rio para corredores de trail: manta t\u00e9rmica, apito, telem\u00f3vel<\/p>\n<\/li>\n<\/ul>\n<p data-start=\"932\" data-end=\"962\"><strong data-start=\"932\" data-end=\"960\">Postos de Abastecimento:<\/strong><\/p>\n<ul data-start=\"963\" data-end=\"1072\">\n<li data-start=\"963\" data-end=\"1005\">\n<p data-start=\"965\" data-end=\"1005\">Alto de Vila Cova \u2013 l\u00edquidos + s\u00f3lidos<\/p>\n<\/li>\n<li data-start=\"1006\" data-end=\"1034\">\n<p data-start=\"1008\" data-end=\"1034\">Casa Milheira \u2013 l\u00edquidos<\/p>\n<\/li>\n<li data-start=\"1035\" data-end=\"1072\">\n<p data-start=\"1037\" data-end=\"1072\">\u00c9 obrigat\u00f3rio uso de copo pr\u00f3prio<\/p>\n<\/li>\n<\/ul>\n<p data-start=\"1074\" data-end=\"1101\"><strong data-start=\"1074\" data-end=\"1099\">Condi\u00e7\u00f5es Clim\u00e1ticas:<\/strong><\/p>\n<ul data-start=\"1102\" data-end=\"1208\">\n<li data-start=\"1102\" data-end=\"1179\">\n<p data-start=\"1104\" data-end=\"1179\">Outono em Portugal: tempo fresco e h\u00famido, possibilidade de vento e chuva<\/p>\n<\/li>\n<li data-start=\"1180\" data-end=\"1208\">\n<p data-start=\"1182\" data-end=\"1208\">Recomenda-se corta-vento<\/p>\n<\/li>\n<\/ul>\n","race_benefits":"<p data-start=\"150\" data-end=\"173\">\ud83c\udfbd <strong data-start=\"153\" data-end=\"171\">Kit do Atleta:<\/strong><\/p>\n<ul data-start=\"174\" data-end=\"300\">\n<li data-start=\"174\" data-end=\"206\">\n<p data-start=\"176\" data-end=\"206\">Meias de compress\u00e3o t\u00e9cnicas<\/p>\n<\/li>\n<li data-start=\"207\" data-end=\"250\">\n<p data-start=\"209\" data-end=\"250\">Sandes, bebida (cerveja ou sumo) e sopa<\/p>\n<\/li>\n<li data-start=\"251\" data-end=\"275\">\n<p data-start=\"253\" data-end=\"275\">Ofertas de parceiros<\/p>\n<\/li>\n<li data-start=\"276\" data-end=\"300\">\n<p data-start=\"278\" data-end=\"300\">Dorsal personalizado<\/p>\n<\/li>\n<\/ul>\n<p data-start=\"302\" data-end=\"328\">\ud83e\udd47 <strong data-start=\"305\" data-end=\"326\">Medalha Finisher:<\/strong><\/p>\n<ul data-start=\"329\" data-end=\"395\">\n<li data-start=\"329\" data-end=\"395\">\n<p data-start=\"331\" data-end=\"395\">Para todos os participantes que concluam o trail e a caminhada<\/p>\n<\/li>\n<\/ul>\n<p data-start=\"397\" data-end=\"433\">\ud83d\udd52 <strong data-start=\"400\" data-end=\"431\">Cronometragem &amp; Resultados:<\/strong><\/p>\n<ul data-start=\"434\" data-end=\"485\">\n<li data-start=\"434\" data-end=\"485\">\n<p data-start=\"436\" data-end=\"485\">Resultados oficiais por categoria e por equipas<\/p>\n<\/li>\n<\/ul>\n<p data-start=\"487\" data-end=\"514\">\ud83d\udedf <strong data-start=\"490\" data-end=\"512\">Seguran\u00e7a &amp; Apoio:<\/strong><\/p>\n<ul data-start=\"515\" data-end=\"612\">\n<li data-start=\"515\" data-end=\"554\">\n<p data-start=\"517\" data-end=\"554\">Transporte de emerg\u00eancia dispon\u00edvel<\/p>\n<\/li>\n<li data-start=\"555\" data-end=\"612\">\n<p data-start=\"557\" data-end=\"612\">Apoio de volunt\u00e1rios e bombeiros ao longo do percurso<\/p>\n<\/li>\n<\/ul>\n<p data-start=\"614\" data-end=\"630\">\ud83e\uddfe <strong data-start=\"617\" data-end=\"628\">Seguro:<\/strong><\/p>\n<ul data-start=\"631\" data-end=\"694\">\n<li data-start=\"631\" data-end=\"694\">\n<p data-start=\"633\" data-end=\"694\">Seguro de acidentes pessoais obrigat\u00f3rio para n\u00e3o federados<\/p>\n<\/li>\n<\/ul>\n<p data-start=\"696\" data-end=\"720\">\ud83e\udd64 <strong data-start=\"699\" data-end=\"718\">Abastecimentos:<\/strong><\/p>\n<ul data-start=\"721\" data-end=\"832\">\n<li data-start=\"721\" data-end=\"775\">\n<p data-start=\"723\" data-end=\"775\">L\u00edquidos e s\u00f3lidos em pontos definidos do percurso<\/p>\n<\/li>\n<li data-start=\"776\" data-end=\"832\">\n<p data-start=\"778\" data-end=\"832\">Zona de conv\u00edvio e reabastecimento no final da prova<\/p>\n<\/li>\n<\/ul>\n<p data-start=\"834\" data-end=\"859\">\ud83d\udebf <strong data-start=\"837\" data-end=\"857\">Infraestruturas:<\/strong><\/p>\n<ul data-start=\"860\" data-end=\"902\">\n<li data-start=\"860\" data-end=\"902\">\n<p data-start=\"862\" data-end=\"902\">Balne\u00e1rios com duches quentes no local<\/p>\n<\/li>\n<\/ul>\n<p data-start=\"904\" data-end=\"924\">\ud83d\udcf8 <strong data-start=\"907\" data-end=\"922\">Fotografia:<\/strong><\/p>\n<ul data-start=\"925\" data-end=\"968\">\n<li data-start=\"925\" data-end=\"968\">\n<p data-start=\"927\" data-end=\"968\">Cobertura fotogr\u00e1fica oficial do evento<\/p>\n<\/li>\n<\/ul>\n<p data-start=\"970\" data-end=\"996\">\ud83c\udfc6 <strong data-start=\"973\" data-end=\"994\">Pr\u00e9mios &amp; P\u00f3dios:<\/strong><\/p>\n<ul data-start=\"997\" data-end=\"1151\">\n<li data-start=\"997\" data-end=\"1039\">\n<p data-start=\"999\" data-end=\"1039\">Top 3 da geral (M\/F) nos 13 km e 20 km<\/p>\n<\/li>\n<li data-start=\"1040\" data-end=\"1100\">\n<p data-start=\"1042\" data-end=\"1100\">Pr\u00e9mios por escal\u00e3o et\u00e1rio: Seniores, V30, V40, V50, V60<\/p>\n<\/li>\n<li data-start=\"1101\" data-end=\"1151\">\n<p data-start=\"1103\" data-end=\"1151\">P\u00f3dio por equipas (Top 3 clubes em cada trail)<\/p>\n<\/li>\n<\/ul>\n<p data-start=\"1153\" data-end=\"1169\">\ud83e\udd6a <strong data-start=\"1156\" data-end=\"1167\">Extras:<\/strong><\/p>\n<ul data-start=\"1170\" data-end=\"1243\">\n<li data-start=\"1170\" data-end=\"1243\">\n<p data-start=\"1172\" data-end=\"1243\">Bar no local com petiscos regionais (p\u00e3o com chouri\u00e7o, bebidas, caf\u00e9)<\/p>\n<\/li>\n<\/ul>\n","organizer_website":{"title":"","url":"","target":"","0":""}},"_links":{"self":[{"href":"https:\/\/racefinder.pt\/pt\/wp-json\/wp\/v2\/product\/5276","targetHints":{"allow":["GET"]}}],"collection":[{"href":"https:\/\/racefinder.pt\/pt\/wp-json\/wp\/v2\/product"}],"about":[{"href":"https:\/\/racefinder.pt\/pt\/wp-json\/wp\/v2\/types\/product"}],"replies":[{"embeddable":true,"href":"https:\/\/racefinder.pt\/pt\/wp-json\/wp\/v2\/comments?post=5276"}],"version-history":[{"count":0,"href":"https:\/\/racefinder.pt\/pt\/wp-json\/wp\/v2\/product\/5276\/revisions"}],"wp:featuredmedia":[{"embeddable":true,"href":"https:\/\/racefinder.pt\/pt\/wp-json\/wp\/v2\/media\/5242"}],"wp:attachment":[{"href":"https:\/\/racefinder.pt\/pt\/wp-json\/wp\/v2\/media?parent=5276"}],"wp:term":[{"taxonomy":"product_brand","embeddable":true,"href":"https:\/\/racefinder.pt\/pt\/wp-json\/wp\/v2\/product_brand?post=5276"},{"taxonomy":"product_cat","embeddable":true,"href":"https:\/\/racefinder.pt\/pt\/wp-json\/wp\/v2\/product_cat?post=5276"},{"taxonomy":"product_tag","embeddable":true,"href":"https:\/\/racefinder.pt\/pt\/wp-json\/wp\/v2\/product_tag?post=5276"}],"curies":[{"name":"wp","href":"https:\/\/api.w.org\/{rel}","templated":true}]}}