{"id":49608,"date":"2026-05-09T02:09:23","date_gmt":"2026-05-09T01:09:23","guid":{"rendered":"https:\/\/racefinder.pt\/?post_type=product&#038;p=49608"},"modified":"2026-05-12T15:43:59","modified_gmt":"2026-05-12T14:43:59","slug":"3a-taca-de-portugal-esperancas-2","status":"publish","type":"product","link":"https:\/\/racefinder.pt\/pt\/event\/3a-taca-de-portugal-esperancas-2\/","title":{"rendered":"3\u00aa Ta\u00e7a de Portugal Esperan\u00e7as"},"content":{"rendered":"","protected":false},"excerpt":{"rendered":"","protected":false},"featured_media":49977,"comment_status":"open","ping_status":"closed","template":"","meta":{"_acf_changed":false,"footnotes":""},"product_brand":[],"product_cat":[130,2905,1966],"product_tag":[],"class_list":{"0":"post-49608","1":"product","2":"type-product","3":"status-publish","4":"has-post-thumbnail","6":"product_cat-ciclismo","7":"product_cat-jovens-pt-3","8":"product_cat-kids-pt-3","10":"first","11":"instock","12":"shipping-taxable","13":"product-type-variable"},"acf":{"event_location_text":"Santa Maria da Feira, Aveiro","event_short_description":"<p>A 3\u00aa Prova da Ta\u00e7a de Portugal Esperan\u00e7as \u2013 34\u00aa Volta \u00e0s Terras Santa Maria\/Trof\u00e9u Fernando Mendes \u00e9 uma prova de ciclismo que se realiza a 30 de maio de 2026 em S. Jo\u00e3o de Ver. Esta prova est\u00e1 inscrita no calend\u00e1rio nacional na classe 1.13.<\/p>\n<p>A prova \u00e9 reservada a corredores das categorias Sub23 e Juniores, com equipas podendo inscrever at\u00e9 7 corredores cada. Inclui classifica\u00e7\u00f5es individuais e por equipas, bem como classifica\u00e7\u00f5es espec\u00edficas de montanha, sprint e juventude, com v\u00e1rias camisolas distintivas atribu\u00eddas.<\/p>\n<p>O evento oferece uma atmosfera competitiva com pr\u00e9mios monet\u00e1rios no total de 600\u20ac e trof\u00e9us para os melhores classificados e equipas. O controlo antidopagem realiza-se na linha de chegada para garantir a justi\u00e7a da competi\u00e7\u00e3o.<\/p>\n","organizer_description":"<p><strong><a class=\"\" href=\"https:\/\/www.fpciclismo.pt\/calendarios_ficheiros\/2026\/anexo_guia_tecnico-1765715198wAK4d2BkdWZhuw23l8WdT1777911569.pdf\" target=\"_new\" rel=\"noopener\">Regulamento \u2197<\/a><\/strong><\/p>\n<p><strong>Locais de partida\/chegada:<\/strong> Pavilh\u00e3o Municipal S. Jo\u00e3o de Ver<\/p>\n<p><strong>Hor\u00e1rios de partida por categoria\/dist\u00e2ncia:<\/strong> 13:00<\/p>\n<p><strong>Levantamento de dorsais (data\/hora e local):<\/strong><br \/>\n\u2022 30 de maio de 2026, 11:00\u201311:45<br \/>\n\u2022 Local: Pavilh\u00e3o Municipal de S. Jo\u00e3o de Ver<\/p>\n<p><strong>Limite de participantes:<\/strong> At\u00e9 7 corredores por equipa<\/p>\n<p><strong>Prazo de inscri\u00e7\u00e3o:<\/strong> 28 de maio de 2026<\/p>\n<p><strong>M\u00e9todo de cronometragem:<\/strong> De acordo com regulamentos da UCI<\/p>\n<p><strong>Pr\u00e9mios:<\/strong> Pr\u00e9mios monet\u00e1rios no total de 600\u20ac para a classifica\u00e7\u00e3o geral individual; trof\u00e9us para os 3 primeiros classificados individuais, individual Juniores, juventude, montanha, sprint e classifica\u00e7\u00f5es por equipas<\/p>\n","race_benefits":"","event_faq_headline":"FAQ","event_faq_items":false,"event_date_start":"20260530","event_date_end":"20260530","event_start_time":"","event_country":"portugal","event_ticket_url":"https:\/\/www.fpciclismo.pt\/pagina\/4-taca-de-portugal-esperancas-1-prova","event_latitude":"40.9254","event_longitude":"-8.5426","event_rating":"","is_hot_event":false,"event_participants_count":"0","organizer_avatar":false,"event_gallery":false,"purchasing_all_variations_through_woocommerce":false,"optional_extras":false,"organizer_website":{"title":"","url":"","target":"","0":""}},"_links":{"self":[{"href":"https:\/\/racefinder.pt\/pt\/wp-json\/wp\/v2\/product\/49608","targetHints":{"allow":["GET"]}}],"collection":[{"href":"https:\/\/racefinder.pt\/pt\/wp-json\/wp\/v2\/product"}],"about":[{"href":"https:\/\/racefinder.pt\/pt\/wp-json\/wp\/v2\/types\/product"}],"replies":[{"embeddable":true,"href":"https:\/\/racefinder.pt\/pt\/wp-json\/wp\/v2\/comments?post=49608"}],"version-history":[{"count":1,"href":"https:\/\/racefinder.pt\/pt\/wp-json\/wp\/v2\/product\/49608\/revisions"}],"predecessor-version":[{"id":49609,"href":"https:\/\/racefinder.pt\/pt\/wp-json\/wp\/v2\/product\/49608\/revisions\/49609"}],"wp:featuredmedia":[{"embeddable":true,"href":"https:\/\/racefinder.pt\/pt\/wp-json\/wp\/v2\/media\/49977"}],"wp:attachment":[{"href":"https:\/\/racefinder.pt\/pt\/wp-json\/wp\/v2\/media?parent=49608"}],"wp:term":[{"taxonomy":"product_brand","embeddable":true,"href":"https:\/\/racefinder.pt\/pt\/wp-json\/wp\/v2\/product_brand?post=49608"},{"taxonomy":"product_cat","embeddable":true,"href":"https:\/\/racefinder.pt\/pt\/wp-json\/wp\/v2\/product_cat?post=49608"},{"taxonomy":"product_tag","embeddable":true,"href":"https:\/\/racefinder.pt\/pt\/wp-json\/wp\/v2\/product_tag?post=49608"}],"curies":[{"name":"wp","href":"https:\/\/api.w.org\/{rel}","templated":true}]}}