{"id":49547,"date":"2026-05-09T01:56:13","date_gmt":"2026-05-09T00:56:13","guid":{"rendered":"https:\/\/racefinder.pt\/?post_type=product&#038;p=49547"},"modified":"2026-05-12T09:42:30","modified_gmt":"2026-05-12T08:42:30","slug":"anadia-international-xco-uci-world-cycling-centre-satellite-international","status":"publish","type":"product","link":"https:\/\/racefinder.pt\/pt\/event\/anadia-international-xco-uci-world-cycling-centre-satellite-international\/","title":{"rendered":"Anadia International &#8211; XCO &#8211; UCI World Cycling Centre Satellite International"},"content":{"rendered":"","protected":false},"excerpt":{"rendered":"","protected":false},"featured_media":49960,"comment_status":"open","ping_status":"closed","template":"","meta":{"_acf_changed":false,"footnotes":""},"product_brand":[],"product_cat":[193,130],"product_tag":[],"class_list":{"0":"post-49547","1":"product","2":"type-product","3":"status-publish","4":"has-post-thumbnail","6":"product_cat-btt-pt-2","7":"product_cat-ciclismo","9":"first","10":"instock","11":"shipping-taxable","12":"product-type-variable"},"acf":{"event_location_text":"Anadia, Aveiro","event_short_description":"<p>A Anadia UCI World Cycling Centre Satellite Internacional de Cross-Country Ol\u00edmpico (XCO) decorrer\u00e1 nos dias 21 e 22 de junho de 2026 em Anadia, Portugal. Esta prova de mountain bike apresenta um circuito fechado especialmente desenhado e aprovado para competi\u00e7\u00e3o XCO.<\/p>\n<p>O evento \u00e9 exclusivo para atletas com licen\u00e7a v\u00e1lida, competindo em categorias desde Sub-17 at\u00e9 Elite e Masters, com partidas em massa por categoria. A competi\u00e7\u00e3o segue os padr\u00f5es da UCI e inclui sec\u00e7\u00f5es t\u00e9cnicas, subidas, descidas e obst\u00e1culos naturais e artificiais.<\/p>\n<p>Com m\u00faltiplas voltas por corrida e uma organiza\u00e7\u00e3o profissional que inclui apoio m\u00e9dico e cronometragem eletr\u00f3nica, este evento oferece uma atmosfera competitiva de alto n\u00edvel para atletas de mountain bike.<\/p>\n","organizer_description":"<p><strong><a class=\"\" href=\"https:\/\/www.fpciclismo.pt\/calendarios_ficheiros\/2026\/anexo_guia_tecnico_en-1777053094x716p2IM0b07vvt19DiLK1778100216.pdf\" target=\"_new\" rel=\"noopener\">Regulamento \u2197<\/a><\/strong><\/p>\n<p><strong>Escal\u00f5es\/categorias:<\/strong><br \/>\n\u2022 Sub-17 Femininos<br \/>\n\u2022 Sub-17 Masculinos<br \/>\n\u2022 Sub-19 Femininos<br \/>\n\u2022 Sub-19 Masculinos<br \/>\n\u2022 Elite Femininos<br \/>\n\u2022 Elite Masculinos<br \/>\n\u2022 Master 30 Femininos<br \/>\n\u2022 Master 30 Masculinos<br \/>\n\u2022 Master 40 Femininos<br \/>\n\u2022 Master 40 Masculinos<br \/>\n\u2022 Master 50 Femininos<br \/>\n\u2022 Master 50 Masculinos<br \/>\n\u2022 Master 60 Masculinos<\/p>\n<p><strong>Locais de partida\/chegada:<\/strong> Anadia, Portugal (instala\u00e7\u00f5es do World Cycling Centre Satellite)<\/p>\n<p><strong>Hor\u00e1rios de partida por categoria\/dist\u00e2ncia:<\/strong><br \/>\n\u2022 Sub-17 Masculinos e Femininos: 09:00<br \/>\n\u2022 Elite Femininos, Sub-19 Femininos, Sub-19 Masculinos, Masters Femininos: 10:15<br \/>\n\u2022 Categorias Masters Masculinos: 12:30<br \/>\n\u2022 Elite Masculinos: 14:20<\/p>\n<p><strong>Levantamento de dorsais (data\/hora e local):<\/strong><br \/>\n\u2022 20 de junho de 2026, 15:00\u201317:00 no Race Office<br \/>\n\u2022 21 de junho de 2026, 07:30\u201308:30 no Race Office<\/p>\n<p><strong>M\u00e9todo de cronometragem:<\/strong> Sistema eletr\u00f3nico de cronometragem por transponder<\/p>\n<p><strong>WC e localiza\u00e7\u00e3o dos abastecimentos:<\/strong> Zonas de alimenta\u00e7\u00e3o\/t\u00e9cnicas claramente marcadas no circuito; assist\u00eancia permitida apenas nestas zonas<\/p>\n<p><strong>Pr\u00e9mios:<\/strong> Pr\u00e9mios monet\u00e1rios atribu\u00eddos para categorias Elite e U19 conforme classifica\u00e7\u00e3o<\/p>\n","race_benefits":"","event_faq_headline":"FAQ","event_faq_items":false,"event_date_start":"20260620","event_date_end":"20260621","event_start_time":"","event_country":"portugal","event_ticket_url":"https:\/\/www.fpciclismo.pt\/prova-inscrever\/anadia-international-xco-inscrever","event_latitude":"40.4426","event_longitude":"-8.4359","event_rating":"","is_hot_event":false,"event_participants_count":"0","organizer_avatar":false,"event_gallery":false,"purchasing_all_variations_through_woocommerce":false,"optional_extras":false,"organizer_website":{"title":"","url":"","target":"","0":""}},"_links":{"self":[{"href":"https:\/\/racefinder.pt\/pt\/wp-json\/wp\/v2\/product\/49547","targetHints":{"allow":["GET"]}}],"collection":[{"href":"https:\/\/racefinder.pt\/pt\/wp-json\/wp\/v2\/product"}],"about":[{"href":"https:\/\/racefinder.pt\/pt\/wp-json\/wp\/v2\/types\/product"}],"replies":[{"embeddable":true,"href":"https:\/\/racefinder.pt\/pt\/wp-json\/wp\/v2\/comments?post=49547"}],"version-history":[{"count":1,"href":"https:\/\/racefinder.pt\/pt\/wp-json\/wp\/v2\/product\/49547\/revisions"}],"predecessor-version":[{"id":49548,"href":"https:\/\/racefinder.pt\/pt\/wp-json\/wp\/v2\/product\/49547\/revisions\/49548"}],"wp:featuredmedia":[{"embeddable":true,"href":"https:\/\/racefinder.pt\/pt\/wp-json\/wp\/v2\/media\/49960"}],"wp:attachment":[{"href":"https:\/\/racefinder.pt\/pt\/wp-json\/wp\/v2\/media?parent=49547"}],"wp:term":[{"taxonomy":"product_brand","embeddable":true,"href":"https:\/\/racefinder.pt\/pt\/wp-json\/wp\/v2\/product_brand?post=49547"},{"taxonomy":"product_cat","embeddable":true,"href":"https:\/\/racefinder.pt\/pt\/wp-json\/wp\/v2\/product_cat?post=49547"},{"taxonomy":"product_tag","embeddable":true,"href":"https:\/\/racefinder.pt\/pt\/wp-json\/wp\/v2\/product_tag?post=49547"}],"curies":[{"name":"wp","href":"https:\/\/api.w.org\/{rel}","templated":true}]}}