{"id":49539,"date":"2026-05-09T01:54:21","date_gmt":"2026-05-09T00:54:21","guid":{"rendered":"https:\/\/racefinder.pt\/?post_type=product&#038;p=49539"},"modified":"2026-05-12T09:37:52","modified_gmt":"2026-05-12T08:37:52","slug":"campeonato-nacional-de-enduro-presented-by-shimano-murca","status":"publish","type":"product","link":"https:\/\/racefinder.pt\/pt\/event\/campeonato-nacional-de-enduro-presented-by-shimano-murca\/","title":{"rendered":"Campeonato Nacional de Enduro presented by Shimano &#8211; Mur\u00e7a"},"content":{"rendered":"","protected":false},"excerpt":{"rendered":"","protected":false},"featured_media":49952,"comment_status":"open","ping_status":"closed","template":"","meta":{"_acf_changed":false,"footnotes":""},"product_brand":[],"product_cat":[193,130],"product_tag":[],"class_list":{"0":"post-49539","1":"product","2":"type-product","3":"status-publish","4":"has-post-thumbnail","6":"product_cat-btt-pt-2","7":"product_cat-ciclismo","9":"first","10":"instock","11":"shipping-taxable","12":"purchasable","13":"product-type-variable"},"acf":{"event_location_text":"Mur\u00e7a, Vila Real","event_short_description":"<p>O Campeonato Nacional de Enduro, powered by Shimano, realiza-se nos dias 6 e 7 de junho de 2026, em Mur\u00e7a, distrito de Vila Real. Esta prova de BTT Enduro apresenta especiais t\u00e9cnicas e exigentes, com descidas r\u00e1pidas, zonas rochosas e trilhos sinuosos, desenhadas para testar a resist\u00eancia, per\u00edcia e capacidade de adapta\u00e7\u00e3o dos atletas.<\/p>\n<p>O evento \u00e9 aberto a v\u00e1rias categorias, incluindo Sub 13, Sub 15, Sub 17, Sub 19, Elite, Masters e Open (n\u00e3o federados), masculinas e femininas, incluindo categorias de E-Bikes. Re\u00fane os melhores atletas nacionais e jovens talentos, oferecendo uma competi\u00e7\u00e3o de alto n\u00edvel numa regi\u00e3o reconhecida pela sua beleza natural e terreno desafiante.<\/p>\n<p>Para al\u00e9m da vertente competitiva, a prova celebra o desporto e a natureza, promovendo o envolvimento da comunidade local e a hospitalidade. O evento promete uma atmosfera emocionante para atletas e amantes do BTT.<\/p>\n","organizer_description":"<p><strong><a class=\"\" href=\"https:\/\/www.fpciclismo.pt\/calendarios_ficheiros\/2026\/anexo_guia_tecnico-17657201739hAb7hJ2jc5t3qW3QN7071777538567.pdf\" target=\"_new\" rel=\"noopener\">Regulamento \u2197<\/a><\/strong><\/p>\n<p><strong>Locais de partida\/chegada:<\/strong> Secretariado no Posto de Turismo de Mur\u00e7a, Parque Urbano de Mur\u00e7a (Longitude: -7.450988439547878, Latitude: 41.4060446)<\/p>\n<p><strong>Hor\u00e1rios de partida por categoria\/dist\u00e2ncia:<\/strong><br \/>\n\u2022 CHP: 08:30<br \/>\n\u2022 PEC 1: 09:00<br \/>\n\u2022 PWS: 09:15<br \/>\n\u2022 PEC 2: 09:55<br \/>\n\u2022 PEC 3: 11:15<br \/>\n\u2022 PEC 4: 12:25<br \/>\n\u2022 PEC 5: 13:15<br \/>\n\u2022 CHC: 13:40<\/p>\n<p><strong>Prazo de inscri\u00e7\u00e3o:<\/strong> 3 de junho de 2026, 23:59<\/p>\n<p><strong>Tipos de piso:<\/strong> Trilhos naturais de BTT com descidas t\u00e9cnicas, zonas rochosas e trilhos sinuosos<\/p>\n<p><strong>Formato do percurso:<\/strong> V\u00e1rias especiais cronometradas (PECs) com Power Stage para E-Bikes<\/p>\n<p><strong>M\u00e9todo de cronometragem:<\/strong> Sistema Sportident com chip obrigat\u00f3rio no pulso direito<\/p>\n<p><strong>WC e localiza\u00e7\u00e3o dos abastecimentos:<\/strong> Assist\u00eancia t\u00e9cnica e abastecimento no Parque de Merendas de Serapicos, Serra da Garraia<\/p>\n<p><strong>Pr\u00e9mios:<\/strong> Camisolas de Campe\u00e3o Nacional e medalhas para categorias federadas; trof\u00e9us para categorias de promo\u00e7\u00e3o<\/p>\n","race_benefits":"","event_faq_headline":"FAQ","event_faq_items":false,"event_date_start":"20260606","event_date_end":"20260606","event_start_time":"","event_country":"portugal","event_ticket_url":"https:\/\/www.fpciclismo.pt\/prova-inscrever\/campeonato-nacional-de-enduro-2-inscrever","event_latitude":"41.4259","event_longitude":"-7.4655","event_rating":"","is_hot_event":false,"event_participants_count":"0","organizer_avatar":false,"event_gallery":false,"purchasing_all_variations_through_woocommerce":false,"optional_extras":false,"organizer_website":{"title":"","url":"","target":"","0":""}},"_links":{"self":[{"href":"https:\/\/racefinder.pt\/pt\/wp-json\/wp\/v2\/product\/49539","targetHints":{"allow":["GET"]}}],"collection":[{"href":"https:\/\/racefinder.pt\/pt\/wp-json\/wp\/v2\/product"}],"about":[{"href":"https:\/\/racefinder.pt\/pt\/wp-json\/wp\/v2\/types\/product"}],"replies":[{"embeddable":true,"href":"https:\/\/racefinder.pt\/pt\/wp-json\/wp\/v2\/comments?post=49539"}],"version-history":[{"count":1,"href":"https:\/\/racefinder.pt\/pt\/wp-json\/wp\/v2\/product\/49539\/revisions"}],"predecessor-version":[{"id":49540,"href":"https:\/\/racefinder.pt\/pt\/wp-json\/wp\/v2\/product\/49539\/revisions\/49540"}],"wp:featuredmedia":[{"embeddable":true,"href":"https:\/\/racefinder.pt\/pt\/wp-json\/wp\/v2\/media\/49952"}],"wp:attachment":[{"href":"https:\/\/racefinder.pt\/pt\/wp-json\/wp\/v2\/media?parent=49539"}],"wp:term":[{"taxonomy":"product_brand","embeddable":true,"href":"https:\/\/racefinder.pt\/pt\/wp-json\/wp\/v2\/product_brand?post=49539"},{"taxonomy":"product_cat","embeddable":true,"href":"https:\/\/racefinder.pt\/pt\/wp-json\/wp\/v2\/product_cat?post=49539"},{"taxonomy":"product_tag","embeddable":true,"href":"https:\/\/racefinder.pt\/pt\/wp-json\/wp\/v2\/product_tag?post=49539"}],"curies":[{"name":"wp","href":"https:\/\/api.w.org\/{rel}","templated":true}]}}