{"id":49520,"date":"2026-05-09T01:49:38","date_gmt":"2026-05-09T00:49:38","guid":{"rendered":"https:\/\/racefinder.pt\/?post_type=product&#038;p=49520"},"modified":"2026-05-12T09:21:43","modified_gmt":"2026-05-12T08:21:43","slug":"3a-taca-de-portugal-esperancas","status":"publish","type":"product","link":"https:\/\/racefinder.pt\/pt\/event\/3a-taca-de-portugal-esperancas\/","title":{"rendered":"3\u00aa Ta\u00e7a de Portugal Esperan\u00e7as"},"content":{"rendered":"","protected":false},"excerpt":{"rendered":"","protected":false},"featured_media":49977,"comment_status":"open","ping_status":"closed","template":"","meta":{"_acf_changed":false,"footnotes":""},"product_brand":[],"product_cat":[130,212],"product_tag":[],"class_list":{"0":"post-49520","1":"product","2":"type-product","3":"status-publish","4":"has-post-thumbnail","6":"product_cat-ciclismo","7":"product_cat-ciclismo-de-estrada","9":"first","10":"instock","11":"shipping-taxable","12":"product-type-variable"},"acf":{"event_location_text":"Santa Maria da Feira, Aveiro","event_short_description":"<p>A 3\u00aa Ta\u00e7a de Portugal Esperan\u00e7as \u2013 34\u00aa Volta \u00e0s Terras Santa Maria\/Trof\u00e9u Fernando Mendes \u00e9 uma prova de ciclismo agendada para 30 de maio de 2026, em S. Jo\u00e3o de Ver, Portugal. A prova \u00e9 reservada para corredores das categorias Sub23 e Juniores e est\u00e1 inscrita no calend\u00e1rio nacional como prova de classe 1.13.<\/p>\n<p>Permite a participa\u00e7\u00e3o de equipas de clube e equipas de juniores, com um m\u00e1ximo de 7 corredores por equipa. Apresenta v\u00e1rias classifica\u00e7\u00f5es, incluindo geral, juventude, montanha, sprint e equipas, com diferentes camisolas para os l\u00edderes.<\/p>\n<p>O evento oferece um ambiente competitivo com pr\u00e9mios monet\u00e1rios no total de 600\u20ac e trof\u00e9us para os melhores classificados e equipas. O controlo antidopagem \u00e9 realizado na linha de chegada, garantindo a integridade da competi\u00e7\u00e3o.<\/p>\n","organizer_description":"<p><strong><a class=\"\" href=\"https:\/\/www.fpciclismo.pt\/calendarios_ficheiros\/2026\/anexo_guia_tecnico-1765715198wAK4d2BkdWZhuw23l8WdT1777911569.pdf\" target=\"_new\" rel=\"noopener\">Regulamento \u2197<\/a><\/strong><\/p>\n<p><strong>Locais de partida\/chegada:<\/strong> S. Jo\u00e3o de Ver (Pavilh\u00e3o Municipal S.J.Ver)<\/p>\n<p><strong>Hor\u00e1rios de partida por categoria\/dist\u00e2ncia:<\/strong> 13:00<\/p>\n<p><strong>Levantamento de dorsais (data\/hora e local):<\/strong><br \/>\n\u2022 30 de maio de 2026, 11:00\u201311:45<br \/>\n\u2022 Local: Pavilh\u00e3o Municipal de S. Jo\u00e3o de Ver<\/p>\n<p><strong>Limite de participantes:<\/strong> At\u00e9 7 corredores por equipa<\/p>\n<p><strong>Prazo de inscri\u00e7\u00e3o:<\/strong> 28 de maio de 2026<\/p>\n<p><strong>M\u00e9todo de cronometragem:<\/strong> De acordo com regulamentos da UCI<\/p>\n<p><strong>Pr\u00e9mios:<\/strong> Pr\u00e9mios monet\u00e1rios no total de 600\u20ac para a classifica\u00e7\u00e3o geral individual; trof\u00e9us para os 3 primeiros da geral individual, melhor j\u00fanior individual, classifica\u00e7\u00e3o juventude, montanha, sprint e melhores equipas (clube e juniores)<\/p>\n","race_benefits":"","event_faq_headline":"FAQ","event_faq_items":false,"event_date_start":"20260530","event_date_end":"20260530","event_start_time":"","event_country":"portugal","event_ticket_url":"https:\/\/www.fpciclismo.pt\/prova-inscrever\/4-taca-de-portugal-esperancas-1-inscrever","event_latitude":"40.9254","event_longitude":"-8.5426","event_rating":"","is_hot_event":false,"event_participants_count":"0","organizer_avatar":false,"event_gallery":false,"purchasing_all_variations_through_woocommerce":false,"optional_extras":false,"organizer_website":{"title":"","url":"","target":"","0":""}},"_links":{"self":[{"href":"https:\/\/racefinder.pt\/pt\/wp-json\/wp\/v2\/product\/49520","targetHints":{"allow":["GET"]}}],"collection":[{"href":"https:\/\/racefinder.pt\/pt\/wp-json\/wp\/v2\/product"}],"about":[{"href":"https:\/\/racefinder.pt\/pt\/wp-json\/wp\/v2\/types\/product"}],"replies":[{"embeddable":true,"href":"https:\/\/racefinder.pt\/pt\/wp-json\/wp\/v2\/comments?post=49520"}],"version-history":[{"count":1,"href":"https:\/\/racefinder.pt\/pt\/wp-json\/wp\/v2\/product\/49520\/revisions"}],"predecessor-version":[{"id":49521,"href":"https:\/\/racefinder.pt\/pt\/wp-json\/wp\/v2\/product\/49520\/revisions\/49521"}],"wp:featuredmedia":[{"embeddable":true,"href":"https:\/\/racefinder.pt\/pt\/wp-json\/wp\/v2\/media\/49977"}],"wp:attachment":[{"href":"https:\/\/racefinder.pt\/pt\/wp-json\/wp\/v2\/media?parent=49520"}],"wp:term":[{"taxonomy":"product_brand","embeddable":true,"href":"https:\/\/racefinder.pt\/pt\/wp-json\/wp\/v2\/product_brand?post=49520"},{"taxonomy":"product_cat","embeddable":true,"href":"https:\/\/racefinder.pt\/pt\/wp-json\/wp\/v2\/product_cat?post=49520"},{"taxonomy":"product_tag","embeddable":true,"href":"https:\/\/racefinder.pt\/pt\/wp-json\/wp\/v2\/product_tag?post=49520"}],"curies":[{"name":"wp","href":"https:\/\/api.w.org\/{rel}","templated":true}]}}