{"id":49512,"date":"2026-05-09T01:47:55","date_gmt":"2026-05-09T00:47:55","guid":{"rendered":"https:\/\/racefinder.pt\/?post_type=product&#038;p=49512"},"modified":"2026-05-12T09:17:45","modified_gmt":"2026-05-12T08:17:45","slug":"encontro-inter-regional-escolas-estrada-zona-b","status":"publish","type":"product","link":"https:\/\/racefinder.pt\/pt\/event\/encontro-inter-regional-escolas-estrada-zona-b\/","title":{"rendered":"Encontro Inter Regional Escolas Estrada &#8211; Zona B"},"content":{"rendered":"","protected":false},"excerpt":{"rendered":"","protected":false},"featured_media":49975,"comment_status":"open","ping_status":"closed","template":"","meta":{"_acf_changed":false,"footnotes":""},"product_brand":[],"product_cat":[130,2905,1966],"product_tag":[],"class_list":{"0":"post-49512","1":"product","2":"type-product","3":"status-publish","4":"has-post-thumbnail","6":"product_cat-ciclismo","7":"product_cat-jovens-pt-3","8":"product_cat-kids-pt-3","10":"first","11":"instock","12":"shipping-taxable","13":"product-type-variable"},"acf":{"event_location_text":"Lisboa","event_short_description":"<p>O Encontro Inter Regional Escolas Estrada &#8211; Zona B \u00e9 uma prova de ciclismo agendada para 23 de maio de 2026. Apresenta v\u00e1rias categorias de jovens, incluindo Sub 7\/Sub 9, Sub 11, Sub 13, Sub 15 e Sub 17 Femininos, com todas as provas a iniciarem \u00e0s 09:00.<\/p>\n<p>Este evento destina-se a jovens ciclistas licenciados, focando-se na competi\u00e7\u00e3o inter-escolas regional. Proporciona uma plataforma para jovens ciclistas competirem em disciplinas de estrada sob a organiza\u00e7\u00e3o da Federa\u00e7\u00e3o Portuguesa de Ciclismo.<\/p>\n","organizer_description":"<p><strong>Hor\u00e1rios de partida por categoria\/dist\u00e2ncia:<\/strong><br \/>\n\u2022 Sub 7 \/ Sub 9: 09:00<br \/>\n\u2022 Sub 11: 09:00<br \/>\n\u2022 Sub 13: 09:00<br \/>\n\u2022 Sub 15: 09:00<br \/>\n\u2022 Sub 17 Femininos: 09:00<\/p>\n<p><strong>Prazo de inscri\u00e7\u00e3o:<\/strong> 21 de maio de 2026 \u00e0s 23:59:59<\/p>\n","race_benefits":"","event_faq_headline":"FAQ","event_faq_items":false,"event_date_start":"20260523","event_date_end":"20260523","event_start_time":"","event_country":"portugal","event_ticket_url":"https:\/\/www.fpciclismo.pt\/prova-inscrever\/encontro-inter-regional-escolas-estrada-zona-b-inscrever","event_latitude":"38.7077","event_longitude":"-9.1365","event_rating":"","is_hot_event":false,"event_participants_count":"0","organizer_avatar":false,"event_gallery":false,"purchasing_all_variations_through_woocommerce":false,"optional_extras":false,"organizer_website":{"title":"","url":"","target":"","0":""}},"_links":{"self":[{"href":"https:\/\/racefinder.pt\/pt\/wp-json\/wp\/v2\/product\/49512","targetHints":{"allow":["GET"]}}],"collection":[{"href":"https:\/\/racefinder.pt\/pt\/wp-json\/wp\/v2\/product"}],"about":[{"href":"https:\/\/racefinder.pt\/pt\/wp-json\/wp\/v2\/types\/product"}],"replies":[{"embeddable":true,"href":"https:\/\/racefinder.pt\/pt\/wp-json\/wp\/v2\/comments?post=49512"}],"version-history":[{"count":1,"href":"https:\/\/racefinder.pt\/pt\/wp-json\/wp\/v2\/product\/49512\/revisions"}],"predecessor-version":[{"id":49513,"href":"https:\/\/racefinder.pt\/pt\/wp-json\/wp\/v2\/product\/49512\/revisions\/49513"}],"wp:featuredmedia":[{"embeddable":true,"href":"https:\/\/racefinder.pt\/pt\/wp-json\/wp\/v2\/media\/49975"}],"wp:attachment":[{"href":"https:\/\/racefinder.pt\/pt\/wp-json\/wp\/v2\/media?parent=49512"}],"wp:term":[{"taxonomy":"product_brand","embeddable":true,"href":"https:\/\/racefinder.pt\/pt\/wp-json\/wp\/v2\/product_brand?post=49512"},{"taxonomy":"product_cat","embeddable":true,"href":"https:\/\/racefinder.pt\/pt\/wp-json\/wp\/v2\/product_cat?post=49512"},{"taxonomy":"product_tag","embeddable":true,"href":"https:\/\/racefinder.pt\/pt\/wp-json\/wp\/v2\/product_tag?post=49512"}],"curies":[{"name":"wp","href":"https:\/\/api.w.org\/{rel}","templated":true}]}}