{"id":49391,"date":"2026-05-09T01:23:37","date_gmt":"2026-05-09T00:23:37","guid":{"rendered":"https:\/\/racefinder.pt\/?post_type=product&#038;p=49391"},"modified":"2026-05-11T18:00:21","modified_gmt":"2026-05-11T17:00:21","slug":"rampa-das-merces","status":"publish","type":"product","link":"https:\/\/racefinder.pt\/pt\/event\/rampa-das-merces\/","title":{"rendered":"Rampa das Merc\u00eas"},"content":{"rendered":"","protected":false},"excerpt":{"rendered":"","protected":false},"featured_media":49934,"comment_status":"open","ping_status":"closed","template":"","meta":{"_acf_changed":false,"footnotes":""},"product_brand":[],"product_cat":[193,130],"product_tag":[],"class_list":{"0":"post-49391","1":"product","2":"type-product","3":"status-publish","4":"has-post-thumbnail","6":"product_cat-btt-pt-2","7":"product_cat-ciclismo","9":"first","10":"instock","11":"shipping-taxable","12":"product-type-variable"},"acf":{"event_location_text":"Lisboa","event_short_description":"<p>A Rampa das Merc\u00eas \u00e9 uma prova de BTT marcada para domingo, 27 de setembro de 2026, em Algueir\u00e3o-Mem Martins, Lisboa, Portugal. Trata-se de um evento regional aberto ao p\u00fablico em geral.<\/p>\n<p>Esta corrida faz parte da s\u00e9rie CPT &#8211; Prova Aberta BTT e \u00e9 classificada como Categoria I. A competi\u00e7\u00e3o decorre na zona das Merc\u00eas, oferecendo um percurso desafiante para os entusiastas do mountain bike.<\/p>\n","organizer_description":"<p><strong>Locais de partida\/chegada:<\/strong> Merc\u00eas, Algueir\u00e3o-Mem Martins, Lisboa<\/p>\n<p><strong>Hor\u00e1rios de partida por categoria\/dist\u00e2ncia:<\/strong> 05:00 &#8211; 06:00<\/p>\n<p><strong>Prazo de inscri\u00e7\u00e3o:<\/strong> Brevemente<\/p>\n","race_benefits":"","event_faq_headline":"FAQ","event_faq_items":false,"event_date_start":"20260927","event_date_end":"20260927","event_start_time":"","event_country":"portugal","event_ticket_url":"https:\/\/www.aclisboa.pt\/competicao-2026\/rampa-das-merces","event_latitude":"38.8033","event_longitude":"-9.3348","event_rating":"","is_hot_event":false,"event_participants_count":"0","organizer_avatar":false,"event_gallery":false,"purchasing_all_variations_through_woocommerce":false,"optional_extras":false,"organizer_website":{"title":"","url":"","target":"","0":""}},"_links":{"self":[{"href":"https:\/\/racefinder.pt\/pt\/wp-json\/wp\/v2\/product\/49391","targetHints":{"allow":["GET"]}}],"collection":[{"href":"https:\/\/racefinder.pt\/pt\/wp-json\/wp\/v2\/product"}],"about":[{"href":"https:\/\/racefinder.pt\/pt\/wp-json\/wp\/v2\/types\/product"}],"replies":[{"embeddable":true,"href":"https:\/\/racefinder.pt\/pt\/wp-json\/wp\/v2\/comments?post=49391"}],"version-history":[{"count":1,"href":"https:\/\/racefinder.pt\/pt\/wp-json\/wp\/v2\/product\/49391\/revisions"}],"predecessor-version":[{"id":49392,"href":"https:\/\/racefinder.pt\/pt\/wp-json\/wp\/v2\/product\/49391\/revisions\/49392"}],"wp:featuredmedia":[{"embeddable":true,"href":"https:\/\/racefinder.pt\/pt\/wp-json\/wp\/v2\/media\/49934"}],"wp:attachment":[{"href":"https:\/\/racefinder.pt\/pt\/wp-json\/wp\/v2\/media?parent=49391"}],"wp:term":[{"taxonomy":"product_brand","embeddable":true,"href":"https:\/\/racefinder.pt\/pt\/wp-json\/wp\/v2\/product_brand?post=49391"},{"taxonomy":"product_cat","embeddable":true,"href":"https:\/\/racefinder.pt\/pt\/wp-json\/wp\/v2\/product_cat?post=49391"},{"taxonomy":"product_tag","embeddable":true,"href":"https:\/\/racefinder.pt\/pt\/wp-json\/wp\/v2\/product_tag?post=49391"}],"curies":[{"name":"wp","href":"https:\/\/api.w.org\/{rel}","templated":true}]}}