{"id":49385,"date":"2026-05-09T01:22:22","date_gmt":"2026-05-09T00:22:22","guid":{"rendered":"https:\/\/racefinder.pt\/?post_type=product&#038;p=49385"},"modified":"2026-05-11T17:55:02","modified_gmt":"2026-05-11T16:55:02","slug":"circuito-da-nafarros","status":"publish","type":"product","link":"https:\/\/racefinder.pt\/pt\/event\/circuito-da-nafarros\/","title":{"rendered":"Circuito da Nafarros"},"content":{"rendered":"","protected":false},"excerpt":{"rendered":"","protected":false},"featured_media":49922,"comment_status":"open","ping_status":"closed","template":"","meta":{"_acf_changed":false,"footnotes":""},"product_brand":[],"product_cat":[130,212],"product_tag":[],"class_list":{"0":"post-49385","1":"product","2":"type-product","3":"status-publish","4":"has-post-thumbnail","6":"product_cat-ciclismo","7":"product_cat-ciclismo-de-estrada","9":"first","10":"instock","11":"shipping-taxable","12":"product-type-variable"},"acf":{"event_location_text":"Sintra, Lisboa","event_short_description":"<p>O Circuito da Nafarros \u00e9 uma prova de ciclismo de estrada agendada para 24 de agosto de 2026, em Nafarros, Sintra, Lisboa, Portugal. Faz parte do calend\u00e1rio nacional e conta com a participa\u00e7\u00e3o de ciclistas masculinos elite.<\/p>\n<p>Este evento \u00e9 organizado pela AC Lisboa e CD Nafarros e est\u00e1 classificado na vertente de estrada. Trata-se de uma corrida competitiva de \u00e2mbito nacional, destinada a ciclistas masculinos elite.<\/p>\n","organizer_description":"<p><strong>Locais de partida\/chegada:<\/strong> Estrada de Nafarros, Sintra, Lisboa, Portugal<\/p>\n<p><strong>Hor\u00e1rios de partida por categoria\/dist\u00e2ncia:<\/strong> 06:00 para Elites Masculinos<\/p>\n","race_benefits":"","event_faq_headline":"FAQ","event_faq_items":false,"event_date_start":"20260824","event_date_end":"20260824","event_start_time":"","event_country":"portugal","event_ticket_url":"https:\/\/www.aclisboa.pt\/competicao-2026\/circuito-da-nafarros","event_latitude":"38.8355","event_longitude":"-9.3522","event_rating":"","is_hot_event":false,"event_participants_count":"0","organizer_avatar":false,"event_gallery":false,"purchasing_all_variations_through_woocommerce":false,"optional_extras":false,"organizer_website":{"title":"","url":"","target":"","0":""}},"_links":{"self":[{"href":"https:\/\/racefinder.pt\/pt\/wp-json\/wp\/v2\/product\/49385","targetHints":{"allow":["GET"]}}],"collection":[{"href":"https:\/\/racefinder.pt\/pt\/wp-json\/wp\/v2\/product"}],"about":[{"href":"https:\/\/racefinder.pt\/pt\/wp-json\/wp\/v2\/types\/product"}],"replies":[{"embeddable":true,"href":"https:\/\/racefinder.pt\/pt\/wp-json\/wp\/v2\/comments?post=49385"}],"version-history":[{"count":1,"href":"https:\/\/racefinder.pt\/pt\/wp-json\/wp\/v2\/product\/49385\/revisions"}],"predecessor-version":[{"id":49386,"href":"https:\/\/racefinder.pt\/pt\/wp-json\/wp\/v2\/product\/49385\/revisions\/49386"}],"wp:featuredmedia":[{"embeddable":true,"href":"https:\/\/racefinder.pt\/pt\/wp-json\/wp\/v2\/media\/49922"}],"wp:attachment":[{"href":"https:\/\/racefinder.pt\/pt\/wp-json\/wp\/v2\/media?parent=49385"}],"wp:term":[{"taxonomy":"product_brand","embeddable":true,"href":"https:\/\/racefinder.pt\/pt\/wp-json\/wp\/v2\/product_brand?post=49385"},{"taxonomy":"product_cat","embeddable":true,"href":"https:\/\/racefinder.pt\/pt\/wp-json\/wp\/v2\/product_cat?post=49385"},{"taxonomy":"product_tag","embeddable":true,"href":"https:\/\/racefinder.pt\/pt\/wp-json\/wp\/v2\/product_tag?post=49385"}],"curies":[{"name":"wp","href":"https:\/\/api.w.org\/{rel}","templated":true}]}}