{"id":49367,"date":"2026-05-09T01:18:37","date_gmt":"2026-05-09T00:18:37","guid":{"rendered":"https:\/\/racefinder.pt\/?post_type=product&#038;p=49367"},"modified":"2026-05-11T17:40:06","modified_gmt":"2026-05-11T16:40:06","slug":"premio-joaquim-agostinho","status":"publish","type":"product","link":"https:\/\/racefinder.pt\/pt\/event\/premio-joaquim-agostinho\/","title":{"rendered":"Pr\u00e9mio Joaquim Agostinho"},"content":{"rendered":"","protected":false},"excerpt":{"rendered":"","protected":false},"featured_media":49900,"comment_status":"open","ping_status":"closed","template":"","meta":{"_acf_changed":false,"footnotes":""},"product_brand":[],"product_cat":[130,212],"product_tag":[],"class_list":{"0":"post-49367","1":"product","2":"type-product","3":"status-publish","4":"has-post-thumbnail","6":"product_cat-ciclismo","7":"product_cat-ciclismo-de-estrada","9":"first","10":"instock","11":"shipping-taxable","12":"product-type-variable"},"acf":{"event_location_text":"Torres Vedras, Lisboa","event_short_description":"<p>O Pr\u00e9mio Joaquim Agostinho \u00e9 uma corrida de estrada agendada para s\u00e1bado, 11 de julho de 2026, em Torres Vedras, Lisboa, Portugal. \u00c9 um evento regional organizado pela AC Lisboa e Uni\u00e3o Desportiva do Oeste, com categorias para escolas e escal\u00f5es S15.<\/p>\n","organizer_description":"<p><strong>Locais de partida\/chegada:<\/strong> Torres Vedras, Lisboa, Portugal<\/p>\n<p><strong>Hor\u00e1rios de partida por categoria\/dist\u00e2ncia:<\/strong><br \/>\n\u2022 05:00<br \/>\n\u2022 06:00<\/p>\n","race_benefits":"","event_faq_headline":"FAQ","event_faq_items":false,"event_date_start":"20260711","event_date_end":"20260711","event_start_time":"","event_country":"portugal","event_ticket_url":"https:\/\/www.aclisboa.pt\/competicao-2026\/premio-joaquim-agostinho","event_latitude":"39.093","event_longitude":"-9.2607","event_rating":"","is_hot_event":false,"event_participants_count":"0","organizer_avatar":false,"event_gallery":false,"purchasing_all_variations_through_woocommerce":false,"optional_extras":false,"organizer_website":{"title":"","url":"","target":"","0":""}},"_links":{"self":[{"href":"https:\/\/racefinder.pt\/pt\/wp-json\/wp\/v2\/product\/49367","targetHints":{"allow":["GET"]}}],"collection":[{"href":"https:\/\/racefinder.pt\/pt\/wp-json\/wp\/v2\/product"}],"about":[{"href":"https:\/\/racefinder.pt\/pt\/wp-json\/wp\/v2\/types\/product"}],"replies":[{"embeddable":true,"href":"https:\/\/racefinder.pt\/pt\/wp-json\/wp\/v2\/comments?post=49367"}],"version-history":[{"count":1,"href":"https:\/\/racefinder.pt\/pt\/wp-json\/wp\/v2\/product\/49367\/revisions"}],"predecessor-version":[{"id":49368,"href":"https:\/\/racefinder.pt\/pt\/wp-json\/wp\/v2\/product\/49367\/revisions\/49368"}],"wp:featuredmedia":[{"embeddable":true,"href":"https:\/\/racefinder.pt\/pt\/wp-json\/wp\/v2\/media\/49900"}],"wp:attachment":[{"href":"https:\/\/racefinder.pt\/pt\/wp-json\/wp\/v2\/media?parent=49367"}],"wp:term":[{"taxonomy":"product_brand","embeddable":true,"href":"https:\/\/racefinder.pt\/pt\/wp-json\/wp\/v2\/product_brand?post=49367"},{"taxonomy":"product_cat","embeddable":true,"href":"https:\/\/racefinder.pt\/pt\/wp-json\/wp\/v2\/product_cat?post=49367"},{"taxonomy":"product_tag","embeddable":true,"href":"https:\/\/racefinder.pt\/pt\/wp-json\/wp\/v2\/product_tag?post=49367"}],"curies":[{"name":"wp","href":"https:\/\/api.w.org\/{rel}","templated":true}]}}