{"id":49361,"date":"2026-05-09T01:17:23","date_gmt":"2026-05-09T00:17:23","guid":{"rendered":"https:\/\/racefinder.pt\/?post_type=product&#038;p=49361"},"modified":"2026-05-11T17:31:30","modified_gmt":"2026-05-11T16:31:30","slug":"gp-internacional-torres-vedras-trofeu-joaquim-agostinho","status":"publish","type":"product","link":"https:\/\/racefinder.pt\/pt\/event\/gp-internacional-torres-vedras-trofeu-joaquim-agostinho\/","title":{"rendered":"GP Internacional Torres Vedras &#8211; Trof\u00e9u Joaquim Agostinho"},"content":{"rendered":"","protected":false},"excerpt":{"rendered":"","protected":false},"featured_media":49908,"comment_status":"open","ping_status":"closed","template":"","meta":{"_acf_changed":false,"footnotes":""},"product_brand":[],"product_cat":[130,212],"product_tag":[],"class_list":{"0":"post-49361","1":"product","2":"type-product","3":"status-publish","4":"has-post-thumbnail","6":"product_cat-ciclismo","7":"product_cat-ciclismo-de-estrada","9":"first","10":"instock","11":"shipping-taxable","12":"product-type-variable"},"acf":{"event_location_text":"Torres Vedras, Lisboa","event_short_description":"<p>O GP Internacional Torres Vedras &#8211; Trof\u00e9u Joaquim Agostinho \u00e9 uma corrida internacional de estrada para elite masculina, realizada de 9 a 12 de julho de 2026 em Torres Vedras, Lisboa, Portugal. Este evento de prest\u00edgio atrai ciclistas profissionais de alto n\u00edvel competindo em v\u00e1rias etapas.<\/p>\n<p>Como prova de Categoria I da UCI, integra o calend\u00e1rio internacional de ciclismo, oferecendo uma plataforma competitiva para corredores masculinos de elite. A corrida \u00e9 organizada pela Uni\u00e3o Desportiva do Oeste e decorre na regi\u00e3o do Oeste, apresentando percursos desafiantes t\u00edpicos do ciclismo de estrada profissional.<\/p>\n","organizer_description":"<p><strong>Locais de partida\/chegada:<\/strong> Torres Vedras, Lisboa, Portugal<\/p>\n<p><strong>Hor\u00e1rios de partida por categoria\/dist\u00e2ncia:<\/strong> De 9 de julho de 2026, 05:00 a 12 de julho de 2026, 06:00<\/p>\n<p><strong>Limite de participantes:<\/strong> Categoria Elite Masculina<\/p>\n<p><strong>Percursos da prova:<\/strong> Regi\u00e3o do Oeste<\/p>\n","race_benefits":"","event_faq_headline":"FAQ","event_faq_items":false,"event_date_start":"20260712","event_date_end":"20260712","event_start_time":"","event_country":"portugal","event_ticket_url":"https:\/\/www.aclisboa.pt\/competicao-2026\/gp-internacional-torres-vedras-trofeu-joaquim-agostinho","event_latitude":"39.093","event_longitude":"-9.2607","event_rating":"","is_hot_event":false,"event_participants_count":"0","organizer_avatar":false,"event_gallery":false,"purchasing_all_variations_through_woocommerce":false,"optional_extras":false,"organizer_website":{"title":"","url":"","target":"","0":""}},"_links":{"self":[{"href":"https:\/\/racefinder.pt\/pt\/wp-json\/wp\/v2\/product\/49361","targetHints":{"allow":["GET"]}}],"collection":[{"href":"https:\/\/racefinder.pt\/pt\/wp-json\/wp\/v2\/product"}],"about":[{"href":"https:\/\/racefinder.pt\/pt\/wp-json\/wp\/v2\/types\/product"}],"replies":[{"embeddable":true,"href":"https:\/\/racefinder.pt\/pt\/wp-json\/wp\/v2\/comments?post=49361"}],"version-history":[{"count":1,"href":"https:\/\/racefinder.pt\/pt\/wp-json\/wp\/v2\/product\/49361\/revisions"}],"predecessor-version":[{"id":49362,"href":"https:\/\/racefinder.pt\/pt\/wp-json\/wp\/v2\/product\/49361\/revisions\/49362"}],"wp:featuredmedia":[{"embeddable":true,"href":"https:\/\/racefinder.pt\/pt\/wp-json\/wp\/v2\/media\/49908"}],"wp:attachment":[{"href":"https:\/\/racefinder.pt\/pt\/wp-json\/wp\/v2\/media?parent=49361"}],"wp:term":[{"taxonomy":"product_brand","embeddable":true,"href":"https:\/\/racefinder.pt\/pt\/wp-json\/wp\/v2\/product_brand?post=49361"},{"taxonomy":"product_cat","embeddable":true,"href":"https:\/\/racefinder.pt\/pt\/wp-json\/wp\/v2\/product_cat?post=49361"},{"taxonomy":"product_tag","embeddable":true,"href":"https:\/\/racefinder.pt\/pt\/wp-json\/wp\/v2\/product_tag?post=49361"}],"curies":[{"name":"wp","href":"https:\/\/api.w.org\/{rel}","templated":true}]}}