{"id":49355,"date":"2026-05-09T01:16:03","date_gmt":"2026-05-09T00:16:03","guid":{"rendered":"https:\/\/racefinder.pt\/?post_type=product&#038;p=49355"},"modified":"2026-05-11T17:32:38","modified_gmt":"2026-05-11T16:32:38","slug":"premio-municipio-do-bombarral","status":"publish","type":"product","link":"https:\/\/racefinder.pt\/pt\/event\/premio-municipio-do-bombarral\/","title":{"rendered":"Pr\u00e9mio Munic\u00edpio do Bombarral"},"content":{"rendered":"<p><br data-mce-bogus=\"1\"><\/p>\n","protected":false},"excerpt":{"rendered":"<p><br data-mce-bogus=\"1\"><\/p>\n","protected":false},"featured_media":49914,"comment_status":"open","ping_status":"closed","template":"","meta":{"_acf_changed":false,"footnotes":""},"product_brand":[],"product_cat":[130,1966],"product_tag":[],"class_list":{"0":"post-49355","1":"product","2":"type-product","3":"status-publish","4":"has-post-thumbnail","6":"product_cat-ciclismo","7":"product_cat-kids-pt-3","9":"first","10":"instock","11":"shipping-taxable","12":"product-type-variable"},"acf":{"event_location_text":"Bombarral, Lisboa","event_short_description":"<p>O Pr\u00e9mio Munic\u00edpio do Bombarral \u00e9 uma prova de ciclismo de estrada agendada para s\u00e1bado, 27 de junho de 2026, em Bombarral, Distrito de Leiria, Portugal. Faz parte do calend\u00e1rio regional organizado pela AC Lisboa e pelo Munic\u00edpio do Bombarral.<\/p>\n<p>A corrida \u00e9 destinada \u00e0s categorias Escolas, S15 e S17, com participa\u00e7\u00e3o masculina e feminina. Este evento \u00e9 uma competi\u00e7\u00e3o de \u00e2mbito regional, contribuindo para os campeonatos locais de ciclismo.<\/p>\n","organizer_description":"<p><strong>Locais de partida\/chegada:<\/strong> Bombarral, Distrito de Leiria, 2540 Portugal<\/p>\n<p><strong>Hor\u00e1rios de partida por categoria\/dist\u00e2ncia:<\/strong> 05:00 &#8211; 06:00<\/p>\n<p><strong>Escal\u00f5es\/categorias:<\/strong><br \/>\u2022 Escolas<br \/>\u2022 S15 Feminino<br \/>\u2022 S15 Masculino<br \/>\u2022 S17 Feminino<br \/>\u2022 S17 Masculino<\/p>\n","race_benefits":"","event_faq_headline":"FAQ","event_faq_items":false,"event_date_start":"20260627","event_date_end":"20260627","event_start_time":"","event_country":"portugal","event_ticket_url":"https:\/\/www.aclisboa.pt\/competicao-2026\/premio-municipio-do-bombarral","event_latitude":"39.26674","event_longitude":"-9.15547","event_rating":"","is_hot_event":false,"event_participants_count":"0","organizer_avatar":false,"event_gallery":false,"purchasing_all_variations_through_woocommerce":false,"optional_extras":false,"organizer_website":{"title":"","url":"","target":"","0":""}},"_links":{"self":[{"href":"https:\/\/racefinder.pt\/pt\/wp-json\/wp\/v2\/product\/49355","targetHints":{"allow":["GET"]}}],"collection":[{"href":"https:\/\/racefinder.pt\/pt\/wp-json\/wp\/v2\/product"}],"about":[{"href":"https:\/\/racefinder.pt\/pt\/wp-json\/wp\/v2\/types\/product"}],"replies":[{"embeddable":true,"href":"https:\/\/racefinder.pt\/pt\/wp-json\/wp\/v2\/comments?post=49355"}],"version-history":[{"count":3,"href":"https:\/\/racefinder.pt\/pt\/wp-json\/wp\/v2\/product\/49355\/revisions"}],"predecessor-version":[{"id":49995,"href":"https:\/\/racefinder.pt\/pt\/wp-json\/wp\/v2\/product\/49355\/revisions\/49995"}],"wp:featuredmedia":[{"embeddable":true,"href":"https:\/\/racefinder.pt\/pt\/wp-json\/wp\/v2\/media\/49914"}],"wp:attachment":[{"href":"https:\/\/racefinder.pt\/pt\/wp-json\/wp\/v2\/media?parent=49355"}],"wp:term":[{"taxonomy":"product_brand","embeddable":true,"href":"https:\/\/racefinder.pt\/pt\/wp-json\/wp\/v2\/product_brand?post=49355"},{"taxonomy":"product_cat","embeddable":true,"href":"https:\/\/racefinder.pt\/pt\/wp-json\/wp\/v2\/product_cat?post=49355"},{"taxonomy":"product_tag","embeddable":true,"href":"https:\/\/racefinder.pt\/pt\/wp-json\/wp\/v2\/product_tag?post=49355"}],"curies":[{"name":"wp","href":"https:\/\/api.w.org\/{rel}","templated":true}]}}