{"id":49349,"date":"2026-05-09T01:14:48","date_gmt":"2026-05-09T00:14:48","guid":{"rendered":"https:\/\/racefinder.pt\/?post_type=product&#038;p=49349"},"modified":"2026-05-11T17:25:41","modified_gmt":"2026-05-11T16:25:41","slug":"trofeu-diogo-bicho","status":"publish","type":"product","link":"https:\/\/racefinder.pt\/pt\/event\/trofeu-diogo-bicho\/","title":{"rendered":"Trof\u00e9u Diogo Bicho"},"content":{"rendered":"","protected":false},"excerpt":{"rendered":"","protected":false},"featured_media":49926,"comment_status":"open","ping_status":"closed","template":"","meta":{"_acf_changed":false,"footnotes":""},"product_brand":[],"product_cat":[130,1966],"product_tag":[],"class_list":{"0":"post-49349","1":"product","2":"type-product","3":"status-publish","4":"has-post-thumbnail","6":"product_cat-ciclismo","7":"product_cat-kids-pt-3","9":"first","10":"instock","11":"shipping-taxable","12":"product-type-variable"},"acf":{"event_location_text":"Lisboa","event_short_description":"<p>O Trof\u00e9u Diogo Bicho \u00e9 uma prova regional de ciclismo de estrada agendada para domingo, 21 de junho de 2026, em Matos Cheirinhos, Lisboa, Portugal. Inclui categorias para escolas e grupos juvenis como S15, S17 e S19.<\/p>\n<p>Este evento \u00e9 organizado pela AC Lisboa e GR Matos-Cheirinhos e integra o calend\u00e1rio regional de ciclismo, focando-se no desenvolvimento de jovens talentos na \u00e1rea de Lisboa.<\/p>\n","organizer_description":"<p><strong>Locais de partida\/chegada:<\/strong> Matos Cheirinhos, Lisboa, 2785-227 Portugal<\/p>\n<p><strong>Hor\u00e1rios de partida por categoria\/dist\u00e2ncia:<\/strong> Das 05:00 \u00e0s 06:00<\/p>\n","race_benefits":"","event_faq_headline":"FAQ","event_faq_items":false,"event_date_start":"20260621","event_date_end":"20260621","event_start_time":"","event_country":"portugal","event_ticket_url":"https:\/\/www.aclisboa.pt\/competicao-2026\/trofeu-diogo-bicho","event_latitude":"38.722","event_longitude":"-9.3434","event_rating":"","is_hot_event":false,"event_participants_count":"0","organizer_avatar":false,"event_gallery":false,"purchasing_all_variations_through_woocommerce":false,"optional_extras":false,"organizer_website":{"title":"","url":"","target":"","0":""}},"_links":{"self":[{"href":"https:\/\/racefinder.pt\/pt\/wp-json\/wp\/v2\/product\/49349","targetHints":{"allow":["GET"]}}],"collection":[{"href":"https:\/\/racefinder.pt\/pt\/wp-json\/wp\/v2\/product"}],"about":[{"href":"https:\/\/racefinder.pt\/pt\/wp-json\/wp\/v2\/types\/product"}],"replies":[{"embeddable":true,"href":"https:\/\/racefinder.pt\/pt\/wp-json\/wp\/v2\/comments?post=49349"}],"version-history":[{"count":1,"href":"https:\/\/racefinder.pt\/pt\/wp-json\/wp\/v2\/product\/49349\/revisions"}],"predecessor-version":[{"id":49350,"href":"https:\/\/racefinder.pt\/pt\/wp-json\/wp\/v2\/product\/49349\/revisions\/49350"}],"wp:featuredmedia":[{"embeddable":true,"href":"https:\/\/racefinder.pt\/pt\/wp-json\/wp\/v2\/media\/49926"}],"wp:attachment":[{"href":"https:\/\/racefinder.pt\/pt\/wp-json\/wp\/v2\/media?parent=49349"}],"wp:term":[{"taxonomy":"product_brand","embeddable":true,"href":"https:\/\/racefinder.pt\/pt\/wp-json\/wp\/v2\/product_brand?post=49349"},{"taxonomy":"product_cat","embeddable":true,"href":"https:\/\/racefinder.pt\/pt\/wp-json\/wp\/v2\/product_cat?post=49349"},{"taxonomy":"product_tag","embeddable":true,"href":"https:\/\/racefinder.pt\/pt\/wp-json\/wp\/v2\/product_tag?post=49349"}],"curies":[{"name":"wp","href":"https:\/\/api.w.org\/{rel}","templated":true}]}}