{"id":49343,"date":"2026-05-09T01:13:31","date_gmt":"2026-05-09T00:13:31","guid":{"rendered":"https:\/\/racefinder.pt\/?post_type=product&#038;p=49343"},"modified":"2026-05-11T17:26:16","modified_gmt":"2026-05-11T16:26:16","slug":"campeonato-nacional-de-masters","status":"publish","type":"product","link":"https:\/\/racefinder.pt\/pt\/event\/campeonato-nacional-de-masters\/","title":{"rendered":"Campeonato Nacional de Masters"},"content":{"rendered":"","protected":false},"excerpt":{"rendered":"","protected":false},"featured_media":49920,"comment_status":"open","ping_status":"closed","template":"","meta":{"_acf_changed":false,"footnotes":""},"product_brand":[],"product_cat":[130,212],"product_tag":[],"class_list":{"0":"post-49343","1":"product","2":"type-product","3":"status-publish","4":"has-post-thumbnail","6":"product_cat-ciclismo","7":"product_cat-ciclismo-de-estrada","9":"first","10":"instock","11":"shipping-taxable","12":"product-type-variable"},"acf":{"event_location_text":"Torres Vedras, Lisboa","event_short_description":"<p>O Campeonato Nacional de Masters \u00e9 um campeonato nacional de ciclismo de estrada que se realiza nos dias 20 e 21 de junho de 2026 em Torres Vedras, Lisboa, Portugal. \u00c9 organizado pela AC Lisboa e SP e destina-se \u00e0 categoria Masters.<\/p>\n<p>Este evento integra o calend\u00e1rio nacional de ciclismo e foca-se nas disciplinas de estrada. Re\u00fane ciclistas Masters de todo o pa\u00eds para competir pelos t\u00edtulos nacionais na sua categoria et\u00e1ria.<\/p>\n","organizer_description":"<p><strong>Locais de partida\/chegada:<\/strong> Torres Vedras, Lisboa, Portugal<\/p>\n<p><strong>Escal\u00f5es\/categorias:<\/strong> Masters<\/p>\n","race_benefits":"","event_faq_headline":"FAQ","event_faq_items":false,"event_date_start":"20260620","event_date_end":"20260621","event_start_time":"","event_country":"portugal","event_ticket_url":"https:\/\/www.aclisboa.pt\/competicao-2026\/campeonato-nacional-de-masters","event_latitude":"39.093","event_longitude":"-9.2607","event_rating":"","is_hot_event":false,"event_participants_count":"0","organizer_avatar":false,"event_gallery":false,"purchasing_all_variations_through_woocommerce":false,"optional_extras":false,"organizer_website":{"title":"","url":"","target":"","0":""}},"_links":{"self":[{"href":"https:\/\/racefinder.pt\/pt\/wp-json\/wp\/v2\/product\/49343","targetHints":{"allow":["GET"]}}],"collection":[{"href":"https:\/\/racefinder.pt\/pt\/wp-json\/wp\/v2\/product"}],"about":[{"href":"https:\/\/racefinder.pt\/pt\/wp-json\/wp\/v2\/types\/product"}],"replies":[{"embeddable":true,"href":"https:\/\/racefinder.pt\/pt\/wp-json\/wp\/v2\/comments?post=49343"}],"version-history":[{"count":1,"href":"https:\/\/racefinder.pt\/pt\/wp-json\/wp\/v2\/product\/49343\/revisions"}],"predecessor-version":[{"id":49344,"href":"https:\/\/racefinder.pt\/pt\/wp-json\/wp\/v2\/product\/49343\/revisions\/49344"}],"wp:featuredmedia":[{"embeddable":true,"href":"https:\/\/racefinder.pt\/pt\/wp-json\/wp\/v2\/media\/49920"}],"wp:attachment":[{"href":"https:\/\/racefinder.pt\/pt\/wp-json\/wp\/v2\/media?parent=49343"}],"wp:term":[{"taxonomy":"product_brand","embeddable":true,"href":"https:\/\/racefinder.pt\/pt\/wp-json\/wp\/v2\/product_brand?post=49343"},{"taxonomy":"product_cat","embeddable":true,"href":"https:\/\/racefinder.pt\/pt\/wp-json\/wp\/v2\/product_cat?post=49343"},{"taxonomy":"product_tag","embeddable":true,"href":"https:\/\/racefinder.pt\/pt\/wp-json\/wp\/v2\/product_tag?post=49343"}],"curies":[{"name":"wp","href":"https:\/\/api.w.org\/{rel}","templated":true}]}}