{"id":49322,"date":"2026-05-09T01:08:19","date_gmt":"2026-05-09T00:08:19","guid":{"rendered":"https:\/\/racefinder.pt\/?post_type=product&#038;p=49322"},"modified":"2026-05-11T16:50:56","modified_gmt":"2026-05-11T15:50:56","slug":"circuito-de-alenquer","status":"publish","type":"product","link":"https:\/\/racefinder.pt\/pt\/event\/circuito-de-alenquer\/","title":{"rendered":"Circuito de Alenquer"},"content":{"rendered":"","protected":false},"excerpt":{"rendered":"","protected":false},"featured_media":49930,"comment_status":"open","ping_status":"closed","template":"","meta":{"_acf_changed":false,"footnotes":""},"product_brand":[],"product_cat":[130,212],"product_tag":[],"class_list":{"0":"post-49322","1":"product","2":"type-product","3":"status-publish","4":"has-post-thumbnail","6":"product_cat-ciclismo","7":"product_cat-ciclismo-de-estrada","9":"first","10":"instock","11":"shipping-taxable","12":"product-type-variable"},"acf":{"event_location_text":"Alenquer, Lisboa","event_short_description":"<p>O Circuito de Alenquer \u00e9 uma prova de ciclismo de estrada agendada para 13 de junho de 2026, em Alenquer, Lisboa, Portugal. Faz parte do calend\u00e1rio regional organizado pela AC Lisboa e GD Marmeleirense.<\/p>\n<p>O evento est\u00e1 categorizado como ciclismo de estrada e \u00e9 destinado \u00e0 categoria S17, com participantes masculinos e femininos. Trata-se de uma competi\u00e7\u00e3o de \u00e2mbito regional, contribuindo para o ranking da Ta\u00e7a de Lisboa.<\/p>\n","organizer_description":"<p><strong>Locais de partida\/chegada:<\/strong> Alenquer, Lisboa, Portugal<\/p>\n<p><strong>Hor\u00e1rios de partida por categoria\/dist\u00e2ncia:<\/strong> 05:00 &#8211; 06:00<\/p>\n","race_benefits":"","event_faq_headline":"FAQ","event_faq_items":false,"event_date_start":"20260613","event_date_end":"20260613","event_start_time":"","event_country":"portugal","event_ticket_url":"https:\/\/www.aclisboa.pt\/competicao-2026\/circuito-de-alenquer","event_latitude":"39.0566","event_longitude":"-9.0076","event_rating":"","is_hot_event":false,"event_participants_count":"0","organizer_avatar":false,"event_gallery":false,"purchasing_all_variations_through_woocommerce":false,"optional_extras":false,"organizer_website":{"title":"","url":"","target":"","0":""}},"_links":{"self":[{"href":"https:\/\/racefinder.pt\/pt\/wp-json\/wp\/v2\/product\/49322","targetHints":{"allow":["GET"]}}],"collection":[{"href":"https:\/\/racefinder.pt\/pt\/wp-json\/wp\/v2\/product"}],"about":[{"href":"https:\/\/racefinder.pt\/pt\/wp-json\/wp\/v2\/types\/product"}],"replies":[{"embeddable":true,"href":"https:\/\/racefinder.pt\/pt\/wp-json\/wp\/v2\/comments?post=49322"}],"version-history":[{"count":1,"href":"https:\/\/racefinder.pt\/pt\/wp-json\/wp\/v2\/product\/49322\/revisions"}],"predecessor-version":[{"id":49323,"href":"https:\/\/racefinder.pt\/pt\/wp-json\/wp\/v2\/product\/49322\/revisions\/49323"}],"wp:featuredmedia":[{"embeddable":true,"href":"https:\/\/racefinder.pt\/pt\/wp-json\/wp\/v2\/media\/49930"}],"wp:attachment":[{"href":"https:\/\/racefinder.pt\/pt\/wp-json\/wp\/v2\/media?parent=49322"}],"wp:term":[{"taxonomy":"product_brand","embeddable":true,"href":"https:\/\/racefinder.pt\/pt\/wp-json\/wp\/v2\/product_brand?post=49322"},{"taxonomy":"product_cat","embeddable":true,"href":"https:\/\/racefinder.pt\/pt\/wp-json\/wp\/v2\/product_cat?post=49322"},{"taxonomy":"product_tag","embeddable":true,"href":"https:\/\/racefinder.pt\/pt\/wp-json\/wp\/v2\/product_tag?post=49322"}],"curies":[{"name":"wp","href":"https:\/\/api.w.org\/{rel}","templated":true}]}}