{"id":49304,"date":"2026-05-09T01:02:57","date_gmt":"2026-05-09T00:02:57","guid":{"rendered":"https:\/\/racefinder.pt\/?post_type=product&#038;p=49304"},"modified":"2026-05-11T16:46:12","modified_gmt":"2026-05-11T15:46:12","slug":"taca-de-portugal-masters","status":"publish","type":"product","link":"https:\/\/racefinder.pt\/pt\/event\/taca-de-portugal-masters\/","title":{"rendered":"Ta\u00e7a de Portugal Masters"},"content":{"rendered":"","protected":false},"excerpt":{"rendered":"","protected":false},"featured_media":49918,"comment_status":"open","ping_status":"closed","template":"","meta":{"_acf_changed":false,"footnotes":""},"product_brand":[],"product_cat":[130,212],"product_tag":[],"class_list":{"0":"post-49304","1":"product","2":"type-product","3":"status-publish","4":"has-post-thumbnail","6":"product_cat-ciclismo","7":"product_cat-ciclismo-de-estrada","9":"first","10":"instock","11":"shipping-taxable","12":"product-type-variable"},"acf":{"event_location_text":"Oeiras, Lisboa","event_short_description":"<p>A 4\u00aa Ta\u00e7a de Portugal Masters \u00e9 uma prova de ciclismo de estrada marcada para 17 de maio de 2026, em Taveiro, Coimbra, Portugal. Esta competi\u00e7\u00e3o integra uma s\u00e9rie nacional para Masters e Elite Amadores, com v\u00e1rias categorias et\u00e1rias dos 30 aos 70+ anos.<\/p>\n<p>A prova consiste em voltas num circuito de 18,3 km, com o n\u00famero de voltas variando conforme a categoria, entre 2 e 8 voltas. \u00c9 destinada a atletas licenciados Masters e Elite Amadores, com pontua\u00e7\u00e3o cumulativa para classifica\u00e7\u00e3o geral.<\/p>\n<p>Organizada pela Associa\u00e7\u00e3o de Ciclismo da Beira Litoral e Centro Ciclista do Centro, oferece uma plataforma competitiva e de prest\u00edgio para o ciclismo Masters em Portugal.<\/p>\n","organizer_description":"<p><strong><a class=\"\" href=\"https:\/\/www.fpciclismo.pt\/calendarios_ficheiros\/2026\/anexo_guia_tecnico-1765715198kUFx9l0y6cj4y0gh1k0zj1774465528.pdf\" target=\"_new\" rel=\"noopener\">Regulamento \u2197<\/a><\/strong><\/p>\n<p><strong>Locais de partida\/chegada:<\/strong> Partida e chegada na Junta de Freguesia de Taveiro<\/p>\n<p><strong>Hor\u00e1rios de partida por categoria\/dist\u00e2ncia:<\/strong><br \/>\n\u2022 Elites\/M30\/M40: 10:30<br \/>\n\u2022 Master 50\/M60\/M70: 10:35<\/p>\n<p><strong>Levantamento de dorsais (data\/hora e local):<\/strong> 08:00\u201309:00 no secretariado (confirma\u00e7\u00e3o de licen\u00e7as)<\/p>\n<p><strong>Limite de participantes:<\/strong> Sem limite m\u00e1ximo de atletas por equipa\/categoria<\/p>\n<p><strong>Tipos de piso:<\/strong> Estrada<\/p>\n<p><strong>Formato do percurso:<\/strong> Circuito de 18,3 km por volta<\/p>\n<p><strong>Percursos da prova:<\/strong><br \/>\n\u2022 Masters 30 Masculinos &#8211; 8 voltas<br \/>\n\u2022 Masters 40 Masculinos &#8211; 6 voltas<br \/>\n\u2022 Masters 50 Masculinos &#8211; 4 voltas<br \/>\n\u2022 Masters 60 Masculinos &#8211; 3 voltas<br \/>\n\u2022 Masters 70 Masculinos &#8211; 2 voltas<\/p>\n<p><strong>M\u00e9todo de cronometragem:<\/strong> Cronometragem eletr\u00f3nica FPC<\/p>\n<p><strong>Pr\u00e9mios:<\/strong> Trof\u00e9us para os 3 primeiros de cada categoria e primeira equipa por prova; medalhas para os 3 primeiros da classifica\u00e7\u00e3o individual final por categoria e trof\u00e9us para as 3 primeiras equipas no final da Ta\u00e7a<\/p>\n","race_benefits":"","event_faq_headline":"FAQ","event_faq_items":false,"event_date_start":"20260531","event_date_end":"20260531","event_start_time":"","event_country":"portugal","event_ticket_url":"https:\/\/www.aclisboa.pt\/competicao-2026\/encontro-ir-escolas-estrada-premio-ciclismo-lisboa-wpknf","event_latitude":"38.6925","event_longitude":"-9.3123","event_rating":"","is_hot_event":false,"event_participants_count":"0","organizer_avatar":false,"event_gallery":false,"purchasing_all_variations_through_woocommerce":false,"optional_extras":false,"organizer_website":{"title":"","url":"","target":"","0":""}},"_links":{"self":[{"href":"https:\/\/racefinder.pt\/pt\/wp-json\/wp\/v2\/product\/49304","targetHints":{"allow":["GET"]}}],"collection":[{"href":"https:\/\/racefinder.pt\/pt\/wp-json\/wp\/v2\/product"}],"about":[{"href":"https:\/\/racefinder.pt\/pt\/wp-json\/wp\/v2\/types\/product"}],"replies":[{"embeddable":true,"href":"https:\/\/racefinder.pt\/pt\/wp-json\/wp\/v2\/comments?post=49304"}],"version-history":[{"count":1,"href":"https:\/\/racefinder.pt\/pt\/wp-json\/wp\/v2\/product\/49304\/revisions"}],"predecessor-version":[{"id":49305,"href":"https:\/\/racefinder.pt\/pt\/wp-json\/wp\/v2\/product\/49304\/revisions\/49305"}],"wp:featuredmedia":[{"embeddable":true,"href":"https:\/\/racefinder.pt\/pt\/wp-json\/wp\/v2\/media\/49918"}],"wp:attachment":[{"href":"https:\/\/racefinder.pt\/pt\/wp-json\/wp\/v2\/media?parent=49304"}],"wp:term":[{"taxonomy":"product_brand","embeddable":true,"href":"https:\/\/racefinder.pt\/pt\/wp-json\/wp\/v2\/product_brand?post=49304"},{"taxonomy":"product_cat","embeddable":true,"href":"https:\/\/racefinder.pt\/pt\/wp-json\/wp\/v2\/product_cat?post=49304"},{"taxonomy":"product_tag","embeddable":true,"href":"https:\/\/racefinder.pt\/pt\/wp-json\/wp\/v2\/product_tag?post=49304"}],"curies":[{"name":"wp","href":"https:\/\/api.w.org\/{rel}","templated":true}]}}