{"id":49056,"date":"2026-05-06T17:37:43","date_gmt":"2026-05-06T16:37:43","guid":{"rendered":"https:\/\/racefinder.pt\/event\/ericeira-runners\/"},"modified":"2026-05-06T17:37:43","modified_gmt":"2026-05-06T16:37:43","slug":"ericeira-runners","status":"publish","type":"product","link":"https:\/\/racefinder.pt\/pt\/event\/ericeira-runners\/","title":{"rendered":"Ericeira Runners"},"content":{"rendered":"","protected":false},"excerpt":{"rendered":"","protected":false},"featured_media":48807,"comment_status":"open","ping_status":"closed","template":"","meta":{"_acf_changed":false,"footnotes":""},"product_brand":[],"product_cat":[4026,129],"product_tag":[],"class_list":{"0":"post-49056","1":"product","2":"type-product","3":"status-publish","4":"has-post-thumbnail","6":"product_cat-run-club-pt","7":"product_cat-corrida","9":"first","10":"instock","11":"shipping-taxable","12":"purchasable","13":"product-type-simple"},"acf":{"event_date_start":"20260511","event_date_end":"","event_start_time":"","event_country":"portugal","event_ticket_url":"https:\/\/www.instagram.com\/ericeira.runners\/?hl=en","event_latitude":"38.9681","event_longitude":"-9.4073","event_rating":"","is_hot_event":false,"event_participants_count":"0","organizer_website":{"title":"","url":"","target":"","0":""},"organizer_avatar":false,"event_gallery":false,"purchasing_all_variations_through_woocommerce":false,"optional_extras":false,"event_faq_headline":"","event_faq_items":false,"event_location_text":"Ericeira","event_short_description":"<p>O clube geralmente se re\u00fane \u00e0s segundas-feiras, \u00e0s 18h30, para corridas de cerca de 5 km. O hor\u00e1rio, o ponto de encontro e as dist\u00e2ncias podem sofrer altera\u00e7\u00f5es ocasionais, portanto, consulte a p\u00e1gina oficial do clube para obter as informa\u00e7\u00f5es mais recentes.<\/p>\n"},"_links":{"self":[{"href":"https:\/\/racefinder.pt\/pt\/wp-json\/wp\/v2\/product\/49056","targetHints":{"allow":["GET"]}}],"collection":[{"href":"https:\/\/racefinder.pt\/pt\/wp-json\/wp\/v2\/product"}],"about":[{"href":"https:\/\/racefinder.pt\/pt\/wp-json\/wp\/v2\/types\/product"}],"replies":[{"embeddable":true,"href":"https:\/\/racefinder.pt\/pt\/wp-json\/wp\/v2\/comments?post=49056"}],"version-history":[{"count":0,"href":"https:\/\/racefinder.pt\/pt\/wp-json\/wp\/v2\/product\/49056\/revisions"}],"wp:featuredmedia":[{"embeddable":true,"href":"https:\/\/racefinder.pt\/pt\/wp-json\/wp\/v2\/media\/48807"}],"wp:attachment":[{"href":"https:\/\/racefinder.pt\/pt\/wp-json\/wp\/v2\/media?parent=49056"}],"wp:term":[{"taxonomy":"product_brand","embeddable":true,"href":"https:\/\/racefinder.pt\/pt\/wp-json\/wp\/v2\/product_brand?post=49056"},{"taxonomy":"product_cat","embeddable":true,"href":"https:\/\/racefinder.pt\/pt\/wp-json\/wp\/v2\/product_cat?post=49056"},{"taxonomy":"product_tag","embeddable":true,"href":"https:\/\/racefinder.pt\/pt\/wp-json\/wp\/v2\/product_tag?post=49056"}],"curies":[{"name":"wp","href":"https:\/\/api.w.org\/{rel}","templated":true}]}}