{"id":49048,"date":"2026-05-06T14:23:07","date_gmt":"2026-05-06T13:23:07","guid":{"rendered":"https:\/\/racefinder.pt\/event\/lxrc-lisbon-running-community\/"},"modified":"2026-05-12T17:10:15","modified_gmt":"2026-05-12T16:10:15","slug":"lxrc-lisbon-running-community","status":"publish","type":"product","link":"https:\/\/racefinder.pt\/pt\/event\/lxrc-lisbon-running-community\/","title":{"rendered":"LXRC &#8211; Lisbon Running Community"},"content":{"rendered":"","protected":false},"excerpt":{"rendered":"","protected":false},"featured_media":48734,"comment_status":"open","ping_status":"closed","template":"","meta":{"_acf_changed":false,"footnotes":""},"product_brand":[],"product_cat":[4026,129],"product_tag":[],"class_list":{"0":"post-49048","1":"product","2":"type-product","3":"status-publish","4":"has-post-thumbnail","6":"product_cat-run-club-pt","7":"product_cat-corrida","9":"first","10":"instock","11":"shipping-taxable","12":"purchasable","13":"product-type-simple"},"acf":{"event_date_end":"","event_start_time":"","event_country":"portugal","event_ticket_url":"https:\/\/www.instagram.com\/lisbonrunningcommunity\/","event_latitude":"38.707610","event_longitude":"-9.1498","event_rating":"","is_hot_event":false,"event_participants_count":"0","organizer_avatar":false,"event_gallery":false,"purchasing_all_variations_through_woocommerce":false,"optional_extras":false,"event_faq_headline":"","event_faq_items":false,"event_location_text":"Lisboa","event_short_description":"<p>O clube geralmente se re\u00fane \u00e0s ter\u00e7as-feiras \u00e0s 19h30 e aos domingos \u00e0s 9h para corridas de aproximadamente 5 km. O hor\u00e1rio, o ponto de encontro e as dist\u00e2ncias podem sofrer altera\u00e7\u00f5es ocasionais, portanto, consulte a p\u00e1gina oficial do clube para obter as informa\u00e7\u00f5es mais recentes.<\/p>\n","event_date_start":"20260517","organizer_website":{"title":"","url":"","target":"","0":""}},"_links":{"self":[{"href":"https:\/\/racefinder.pt\/pt\/wp-json\/wp\/v2\/product\/49048","targetHints":{"allow":["GET"]}}],"collection":[{"href":"https:\/\/racefinder.pt\/pt\/wp-json\/wp\/v2\/product"}],"about":[{"href":"https:\/\/racefinder.pt\/pt\/wp-json\/wp\/v2\/types\/product"}],"replies":[{"embeddable":true,"href":"https:\/\/racefinder.pt\/pt\/wp-json\/wp\/v2\/comments?post=49048"}],"version-history":[{"count":1,"href":"https:\/\/racefinder.pt\/pt\/wp-json\/wp\/v2\/product\/49048\/revisions"}],"predecessor-version":[{"id":50223,"href":"https:\/\/racefinder.pt\/pt\/wp-json\/wp\/v2\/product\/49048\/revisions\/50223"}],"wp:featuredmedia":[{"embeddable":true,"href":"https:\/\/racefinder.pt\/pt\/wp-json\/wp\/v2\/media\/48734"}],"wp:attachment":[{"href":"https:\/\/racefinder.pt\/pt\/wp-json\/wp\/v2\/media?parent=49048"}],"wp:term":[{"taxonomy":"product_brand","embeddable":true,"href":"https:\/\/racefinder.pt\/pt\/wp-json\/wp\/v2\/product_brand?post=49048"},{"taxonomy":"product_cat","embeddable":true,"href":"https:\/\/racefinder.pt\/pt\/wp-json\/wp\/v2\/product_cat?post=49048"},{"taxonomy":"product_tag","embeddable":true,"href":"https:\/\/racefinder.pt\/pt\/wp-json\/wp\/v2\/product_tag?post=49048"}],"curies":[{"name":"wp","href":"https:\/\/api.w.org\/{rel}","templated":true}]}}