{"id":48957,"date":"2026-05-07T00:38:06","date_gmt":"2026-05-06T23:38:06","guid":{"rendered":"https:\/\/racefinder.pt\/?post_type=product&#038;p=48957"},"modified":"2026-05-07T12:48:48","modified_gmt":"2026-05-07T11:48:48","slug":"open-e-campeonato-nacional-de-verao-de-aguas-abertas-5km-e-3km-knockout","status":"publish","type":"product","link":"https:\/\/racefinder.pt\/pt\/event\/open-e-campeonato-nacional-de-verao-de-aguas-abertas-5km-e-3km-knockout\/","title":{"rendered":"Open e Campeonato Nacional de Ver\u00e3o de \u00c1guas Abertas &#8211; 5km e 3km knockout"},"content":{"rendered":"","protected":false},"excerpt":{"rendered":"","protected":false},"featured_media":49004,"comment_status":"open","ping_status":"closed","template":"","meta":{"_acf_changed":false,"footnotes":""},"product_brand":[],"product_cat":[233,248,131],"product_tag":[],"class_list":{"0":"post-48957","1":"product","2":"type-product","3":"status-publish","4":"has-post-thumbnail","6":"product_cat-aguas-abertas","7":"product_cat-kids-pt-2","8":"product_cat-natacao","10":"first","11":"instock","12":"shipping-taxable","13":"product-type-variable"},"acf":{"event_location_text":"Sert\u00e3, Castelo Branco","event_short_description":"<p>O Open e Campeonato Nacional de Ver\u00e3o de \u00c1guas Abertas realizar-se-\u00e1 em Sert\u00e3 a 27 de junho de 2026. O evento inclui provas de 5 km e 3 km knockout.<\/p>\n<p>Ser\u00e3o atribu\u00eddos t\u00edtulos de campe\u00e3o nacional para v\u00e1rias categorias et\u00e1rias, incluindo AA14\/15, AA16\/17, AA18\/19, AA20+ e Absolutos, bem como o t\u00edtulo de equipa campe\u00e3 nacional com base nos resultados acumulados das duas competi\u00e7\u00f5es.<\/p>\n","organizer_description":"<p><strong>Locais de partida\/chegada:<\/strong> Sert\u00e3<\/p>\n<p><strong>Percursos da prova:<\/strong><br \/>\n\u2022 5 km<br \/>\n\u2022 3 km knockout<\/p>\n<p><strong>Escal\u00f5es\/categorias:<\/strong><br \/>\n\u2022 AA14\/15<br \/>\n\u2022 AA16\/17<br \/>\n\u2022 AA18\/19<br \/>\n\u2022 AA20+<br \/>\n\u2022 Absolutos<\/p>\n<p><strong>Pr\u00e9mios:<\/strong> T\u00edtulos de Campe\u00e3o Nacional de Ver\u00e3o de \u00c1guas Abertas para cada categoria e t\u00edtulo de equipa campe\u00e3 nacional com base nos resultados acumulados<\/p>\n","race_benefits":"","event_faq_headline":"FAQ","event_faq_items":false,"event_date_start":"20260627","event_date_end":"20260627","event_start_time":"","event_country":"portugal","event_ticket_url":"https:\/\/fpnatacao.pt\/evento.php?codigo=705","event_latitude":"39.7304","event_longitude":"-8.2326","event_rating":"","is_hot_event":false,"event_participants_count":"0","organizer_avatar":false,"event_gallery":false,"purchasing_all_variations_through_woocommerce":false,"optional_extras":false,"organizer_website":{"title":"","url":"","target":"","0":""}},"_links":{"self":[{"href":"https:\/\/racefinder.pt\/pt\/wp-json\/wp\/v2\/product\/48957","targetHints":{"allow":["GET"]}}],"collection":[{"href":"https:\/\/racefinder.pt\/pt\/wp-json\/wp\/v2\/product"}],"about":[{"href":"https:\/\/racefinder.pt\/pt\/wp-json\/wp\/v2\/types\/product"}],"replies":[{"embeddable":true,"href":"https:\/\/racefinder.pt\/pt\/wp-json\/wp\/v2\/comments?post=48957"}],"version-history":[{"count":1,"href":"https:\/\/racefinder.pt\/pt\/wp-json\/wp\/v2\/product\/48957\/revisions"}],"predecessor-version":[{"id":48958,"href":"https:\/\/racefinder.pt\/pt\/wp-json\/wp\/v2\/product\/48957\/revisions\/48958"}],"wp:featuredmedia":[{"embeddable":true,"href":"https:\/\/racefinder.pt\/pt\/wp-json\/wp\/v2\/media\/49004"}],"wp:attachment":[{"href":"https:\/\/racefinder.pt\/pt\/wp-json\/wp\/v2\/media?parent=48957"}],"wp:term":[{"taxonomy":"product_brand","embeddable":true,"href":"https:\/\/racefinder.pt\/pt\/wp-json\/wp\/v2\/product_brand?post=48957"},{"taxonomy":"product_cat","embeddable":true,"href":"https:\/\/racefinder.pt\/pt\/wp-json\/wp\/v2\/product_cat?post=48957"},{"taxonomy":"product_tag","embeddable":true,"href":"https:\/\/racefinder.pt\/pt\/wp-json\/wp\/v2\/product_tag?post=48957"}],"curies":[{"name":"wp","href":"https:\/\/api.w.org\/{rel}","templated":true}]}}