{"id":48555,"date":"2026-05-06T00:41:55","date_gmt":"2026-05-05T23:41:55","guid":{"rendered":"https:\/\/racefinder.pt\/?post_type=product&#038;p=48555"},"modified":"2026-05-06T13:57:07","modified_gmt":"2026-05-06T12:57:07","slug":"tavira-granfondo-2026","status":"publish","type":"product","link":"https:\/\/racefinder.pt\/pt\/event\/tavira-granfondo-2026\/","title":{"rendered":"TAVIRA GRANFONDO 2026"},"content":{"rendered":"","protected":false},"excerpt":{"rendered":"","protected":false},"featured_media":48717,"comment_status":"open","ping_status":"closed","template":"","meta":{"_acf_changed":false,"footnotes":""},"product_brand":[],"product_cat":[130,212],"product_tag":[],"class_list":{"0":"post-48555","1":"product","2":"type-product","3":"status-publish","4":"has-post-thumbnail","6":"product_cat-ciclismo","7":"product_cat-ciclismo-de-estrada","9":"first","10":"instock","11":"shipping-taxable","12":"purchasable","13":"product-type-variable"},"acf":{"event_location_text":"Tavira, Faro","event_short_description":"<p>O Tavira Granfondo 2026 \u00e9 um evento de ciclismo que se realiza a 27 de setembro de 2026 em Tavira, Portugal. Apresenta duas dist\u00e2ncias: Granfondo com aproximadamente 130 km e Mediofondo com aproximadamente 80 km.<\/p>\n<p>O evento \u00e9 aberto a todos os participantes que cumpram os requisitos, incluindo atletas com licen\u00e7a desportiva v\u00e1lida, ciclistas federados na vertente Ciclismo Para Todos e atletas n\u00e3o federados de nacionalidade portuguesa ou estrangeira. As idades m\u00ednimas s\u00e3o 19 anos para Granfondo e 17 anos para Mediofondo.<\/p>\n<p>Este evento Granfondo tem car\u00e1ter recreativo, tur\u00edstico, cultural e social, integrado no programa municipal de atividades f\u00edsicas do Munic\u00edpio de Tavira. \u00c9 organizado segundo o regulamento da Federa\u00e7\u00e3o Portuguesa de Ciclismo e o C\u00f3digo da Estrada, sem car\u00e1ter competitivo federado.<\/p>\n","organizer_description":"<p><strong><a class=\"\" href=\"https:\/\/stopandgo.com.pt\/files\/tavira-granfondo-2026\/69bb35f603ba3_Regulamento%20Final%20Tavira_GRANFONDO%202026%20-%20Portugue%CC%82s.pdf\" target=\"_new\" rel=\"noopener\">Regulamento \u2197<\/a><\/strong><\/p>\n<p><strong>Locais de partida\/chegada:<\/strong> Rua General Jos\u00e9 de Chelmikci &#8211; Parque de Feiras e Exposi\u00e7\u00f5es de Tavira<\/p>\n<p><strong>Hor\u00e1rios de partida por categoria\/dist\u00e2ncia:<\/strong> Partida oficial \u00e0s 09:00<\/p>\n<p><strong>Tempos limite:<\/strong> Tempo m\u00e1ximo para conclus\u00e3o da prova \u00e9 de 6 horas; encerramento operacional \u00e0s 15:00<\/p>\n<p><strong>Levantamento de dorsais (data\/hora e local):<\/strong><br \/>\n\u2022 26 de setembro de 2026 \u2014 das 15:00 \u00e0s 19:00<br \/>\n\u2022 27 de setembro de 2026 \u2014 das 07:00 \u00e0s 08:30<br \/>\n\u2022 Local: Pavilh\u00e3o do Parque de Feiras e Exposi\u00e7\u00f5es de Tavira, Rua General Jos\u00e9 de Chelmikci<\/p>\n<p><strong>Limite de participantes:<\/strong> 600 participantes no total para ambas as dist\u00e2ncias, mais at\u00e9 100 por convite<\/p>\n<p><strong>Prazo de inscri\u00e7\u00e3o:<\/strong> 21 de setembro de 2026 \u00e0s 23:59 ou at\u00e9 atingir limite de participantes<\/p>\n<p><strong>Tipos de piso:<\/strong> Estradas abertas ao tr\u00e2nsito<\/p>\n<p><strong>Formato do percurso:<\/strong> Duas dist\u00e2ncias: Granfondo aproximadamente 130 km, Mediofondo aproximadamente 80 km<\/p>\n<p><strong>Percursos da prova:<\/strong> Partida e chegada na Rua General Jos\u00e9 de Chelmikci &#8211; Parque de Feiras e Exposi\u00e7\u00f5es de Tavira<\/p>\n<p><strong>M\u00e9todo de cronometragem:<\/strong> Sistema eletr\u00f3nico de cronometragem validado pela organiza\u00e7\u00e3o<\/p>\n<p><strong>WC e localiza\u00e7\u00e3o dos abastecimentos:<\/strong> Abastecimentos s\u00f3lidos e l\u00edquidos; assist\u00eancia m\u00e9dica e mec\u00e2nica dispon\u00edvel<\/p>\n<p><strong>Pr\u00e9mios:<\/strong><br \/>\n\u2022 Trof\u00e9us para vencedores absolutos masculino e feminino, vencedor paraciclismo e vencedores por escal\u00e3o<br \/>\n\u2022 Pr\u00e9mios para equipas mais r\u00e1pidas e mais numerosas<br \/>\n\u2022 Cerim\u00f3nia \u00e0s 15:00, presen\u00e7a obrigat\u00f3ria para atribui\u00e7\u00e3o de pr\u00e9mios<\/p>\n","race_benefits":"<p>\ud83c\udfbd Kit do atleta: dorsal personalizado (para inscri\u00e7\u00f5es validadas at\u00e9 20\/09\/2026), jersey oficial 2026 para inscri\u00e7\u00f5es antecipadas<br \/>\n\ud83c\udfc5 Pr\u00e9mio de finalista: medalha finisher, diploma digital<br \/>\n\u23f1\ufe0f Cronometragem + resultados ao vivo por sistema eletr\u00f3nico de chip<br \/>\n\ud83d\udedf Apoio de seguran\u00e7a: assist\u00eancia m\u00e9dica e primeiros socorros no percurso<br \/>\n\ud83e\udd64 Abastecimentos: s\u00f3lidos e l\u00edquidos<br \/>\n\ud83d\udee1\ufe0f Seguro: seguro de acidentes pessoais inclu\u00eddo para todos os participantes<br \/>\n\ud83d\udebf Acesso a balne\u00e1rios<br \/>\n\ud83e\uddf3 Assist\u00eancia mec\u00e2nica<br \/>\n\ud83d\udcf8 Fotografias oficiais do evento<br \/>\n\ud83c\udfc6 Trof\u00e9us e pr\u00e9mios para vencedores e equipas<\/p>\n","event_faq_headline":"FAQ","event_faq_items":false,"event_date_start":"20260927","event_date_end":"20260927","event_start_time":"","event_country":"portugal","event_ticket_url":"https:\/\/stopandgo.net\/events\/tavira-granfondo-2026","event_latitude":"37.1262","event_longitude":"-7.6499","event_rating":"","is_hot_event":false,"event_participants_count":"0","organizer_avatar":false,"event_gallery":false,"purchasing_all_variations_through_woocommerce":false,"optional_extras":false,"organizer_website":{"title":"","url":"","target":"","0":""}},"_links":{"self":[{"href":"https:\/\/racefinder.pt\/pt\/wp-json\/wp\/v2\/product\/48555","targetHints":{"allow":["GET"]}}],"collection":[{"href":"https:\/\/racefinder.pt\/pt\/wp-json\/wp\/v2\/product"}],"about":[{"href":"https:\/\/racefinder.pt\/pt\/wp-json\/wp\/v2\/types\/product"}],"replies":[{"embeddable":true,"href":"https:\/\/racefinder.pt\/pt\/wp-json\/wp\/v2\/comments?post=48555"}],"version-history":[{"count":1,"href":"https:\/\/racefinder.pt\/pt\/wp-json\/wp\/v2\/product\/48555\/revisions"}],"predecessor-version":[{"id":48556,"href":"https:\/\/racefinder.pt\/pt\/wp-json\/wp\/v2\/product\/48555\/revisions\/48556"}],"wp:featuredmedia":[{"embeddable":true,"href":"https:\/\/racefinder.pt\/pt\/wp-json\/wp\/v2\/media\/48717"}],"wp:attachment":[{"href":"https:\/\/racefinder.pt\/pt\/wp-json\/wp\/v2\/media?parent=48555"}],"wp:term":[{"taxonomy":"product_brand","embeddable":true,"href":"https:\/\/racefinder.pt\/pt\/wp-json\/wp\/v2\/product_brand?post=48555"},{"taxonomy":"product_cat","embeddable":true,"href":"https:\/\/racefinder.pt\/pt\/wp-json\/wp\/v2\/product_cat?post=48555"},{"taxonomy":"product_tag","embeddable":true,"href":"https:\/\/racefinder.pt\/pt\/wp-json\/wp\/v2\/product_tag?post=48555"}],"curies":[{"name":"wp","href":"https:\/\/api.w.org\/{rel}","templated":true}]}}