{"id":48495,"date":"2026-05-06T00:27:50","date_gmt":"2026-05-05T23:27:50","guid":{"rendered":"https:\/\/racefinder.pt\/?post_type=product&#038;p=48495"},"modified":"2026-05-06T12:36:43","modified_gmt":"2026-05-06T11:36:43","slug":"corrida-sao-joao-sunset-run-2026","status":"publish","type":"product","link":"https:\/\/racefinder.pt\/pt\/event\/corrida-sao-joao-sunset-run-2026\/","title":{"rendered":"CORRIDA S\u00c3O JO\u00c3O SUNSET RUN 2026"},"content":{"rendered":"","protected":false},"excerpt":{"rendered":"","protected":false},"featured_media":48643,"comment_status":"open","ping_status":"closed","template":"","meta":{"_acf_changed":false,"footnotes":""},"product_brand":[],"product_cat":[140,129,225,224,161],"product_tag":[],"class_list":{"0":"post-48495","1":"product","2":"type-product","3":"status-publish","4":"has-post-thumbnail","6":"product_cat-caminhada","7":"product_cat-corrida","8":"product_cat-10-km-pt","9":"product_cat-5-km-pt","10":"product_cat-kids-pt","12":"first","13":"instock","14":"shipping-taxable","15":"purchasable","16":"product-type-variable"},"acf":{"event_location_text":"Vila Do Conde, Porto","event_short_description":"<p>A Corrida S\u00e3o Jo\u00e3o Sunset Run 2026 \u00e9 um evento de corrida que ocorrer\u00e1 a 27 de junho de 2026 em Vila do Conde, Portugal. Apresenta v\u00e1rias dist\u00e2ncias, incluindo 10 km, 5 km e uma caminhada de 5 km, al\u00e9m de uma Corrida Kids com dist\u00e2ncias entre 300 m e 1300 m para diferentes faixas et\u00e1rias.<\/p>\n<p>O evento \u00e9 aberto a participantes com 18 anos ou mais para as corridas de 10 km e 5 km, enquanto a caminhada \u00e9 aberta a todas as idades, com menores acompanhados por adulto ou com autoriza\u00e7\u00e3o parental. A Corrida Kids requer autoriza\u00e7\u00e3o parental. As provas t\u00eam partida e chegada na Av. Marqu\u00eas S\u00e1 da Bandeira (seca do Bacalhau) em Vila do Conde.<\/p>\n<p>A atmosfera da prova \u00e9 comunit\u00e1ria, com dist\u00e2ncias para todas as idades e n\u00edveis, incluindo caminhada familiar e corridas infantis. A organiza\u00e7\u00e3o \u00e9 da C\u00e2mara Municipal de Vila do Conde e da Associa\u00e7\u00e3o de Atletismo Vilacondense, garantindo um evento seguro e bem estruturado.<\/p>\n","organizer_description":"<p><strong><a class=\"\" href=\"https:\/\/stopandgo.com.pt\/files\/corrida-sao-joao-sunset-run-2026\/69f1ee5097009_REGULAMENTO%20S%C3%83O%20JO%C3%83O%20SUNSET%20RUN%20%202%C2%BA%20Edi%C3%A7%C3%A3o%202026.pdf\" target=\"_new\" rel=\"noopener\">Regulamento \u2197<\/a><\/strong><\/p>\n<p><strong>Escal\u00f5es\/categorias:<\/strong><br \/>\n\u2022 Corrida Kids: Traquinas (nascidos 2019-2022) 300m<br \/>\n\u2022 Benjamins A (2017-2018) 500m<br \/>\n\u2022 Benjamins B (2015-2016) 700m<br \/>\n\u2022 Infantis (2013-2014) 1000m<br \/>\n\u2022 Iniciados (2011-2012) 1200m<br \/>\n\u2022 Juvenis (2009-2010) 1300m<br \/>\n\u2022 Corrida 10km: 18 anos ou mais<br \/>\n\u2022 Corrida 5km: 18 anos ou mais<br \/>\n\u2022 Caminhada 5km: todas as idades (menores acompanhados por adulto ou com autoriza\u00e7\u00e3o parental)<\/p>\n<p><strong>Locais de partida\/chegada:<\/strong> Av. Marqu\u00eas S\u00e1 da Bandeira (seca do Bacalhau), Vila do Conde<\/p>\n<p><strong>Hor\u00e1rios de partida por categoria\/dist\u00e2ncia:<\/strong><br \/>\n\u2022 Corrida Kids: 17:30<br \/>\n\u2022 Corrida 10km: 20:30<br \/>\n\u2022 Corrida 5km: 20:35<br \/>\n\u2022 Caminhada 5km: 20:40<\/p>\n<p><strong>Tempos limite:<\/strong> Dura\u00e7\u00e3o m\u00e1xima de 2 horas para 10 km, 5 km e caminhada 5 km<\/p>\n<p><strong>Levantamento de dorsais (data\/hora e local):<\/strong><br \/>\n\u2022 26 de junho, 14:00\u201320:00<br \/>\n\u2022 27 de junho, 10:00\u201318:00<br \/>\n\u2022 Local: Av. Marqu\u00eas S\u00e1 da Bandeira (seca do Bacalhau), Vila do Conde<\/p>\n<p><strong>Prazo de inscri\u00e7\u00e3o:<\/strong> 21 de junho de 2026 \u00e0s 23:59<\/p>\n<p><strong>Formato do percurso:<\/strong> Partida e chegada no mesmo local para todas as provas<\/p>\n<p><strong>Percursos da prova:<\/strong><br \/>\n\u2022 Corrida Kids: Av. Marqu\u00eas S\u00e1 da Bandeira (seca do Bacalhau), Vila do Conde<br \/>\n\u2022 10 km: Av. Marqu\u00eas S\u00e1 da Bandeira (seca do Bacalhau), Vila do Conde<br \/>\n\u2022 5 km: Av. Marqu\u00eas S\u00e1 da Bandeira (seca do Bacalhau), Vila do Conde<br \/>\n\u2022 Caminhada 5 km: Av. Marqu\u00eas S\u00e1 da Bandeira (seca do Bacalhau), Vila do Conde<\/p>\n<p><strong>M\u00e9todo de cronometragem:<\/strong> Gerido por empresa respons\u00e1vel; resultados divulgados no site oficial<\/p>\n<p><strong>Pr\u00e9mios:<\/strong><br \/>\n\u2022 Trof\u00e9us para 1\u00ba, 2\u00ba e 3\u00ba lugares nas categorias Kids, 10 km e 5 km<br \/>\n\u2022 Trof\u00e9us para as equipas com melhores pontua\u00e7\u00f5es<br \/>\n\u2022 Escal\u00f5es para 10 km: Seniores e Veteranos (35, 40, 45, 50, 55, 60, 65)<\/p>\n","race_benefits":"<p>\ud83c\udfbd Kit do atleta: T-shirt para participantes da Corrida Kids, 10 km, 5 km e caminhada<br \/>\n\ud83c\udfc5 Pr\u00e9mio de finalista: Medalha para todos os participantes que conclu\u00edrem Corrida Kids, 10 km, 5 km e caminhada<br \/>\n\u23f1\ufe0f Cronometragem + resultados divulgados no site oficial do evento<br \/>\n\ud83d\udedf Apoio de seguran\u00e7a: equipas m\u00e9dicas dispon\u00edveis durante o evento<br \/>\n\ud83d\udee1\ufe0f Seguro: seguro de acidentes inclu\u00eddo para todos os atletas<br \/>\n\ud83d\udcf8 Cobertura fotogr\u00e1fica\/v\u00eddeo: Inclu\u00edda pela aceita\u00e7\u00e3o da inscri\u00e7\u00e3o<br \/>\n\ud83c\udfc6 Trof\u00e9us ou pr\u00e9mios para os melhores classificados e equipas<\/p>\n","event_faq_headline":"FAQ","event_faq_items":[{"item_title":"Como posso inscrever-me no evento?","item_description":"As inscri\u00e7\u00f5es s\u00e3o feitas online atrav\u00e9s do website https:\/\/stopandgo.net\/. O prazo termina a 21 de junho de 2026 \u00e0s 23:59."},{"item_title":"As crian\u00e7as podem participar?","item_description":"Sim, h\u00e1 uma Corrida Kids com dist\u00e2ncias entre 300 m e 1300 m para crian\u00e7as nascidas entre 2009 e 2022, com autoriza\u00e7\u00e3o parental necess\u00e1ria."},{"item_title":"Quais s\u00e3o os hor\u00e1rios de partida das provas?","item_description":"A Corrida Kids come\u00e7a \u00e0s 17:30, a corrida de 10 km \u00e0s 20:30, a corrida de 5 km \u00e0s 20:35 e a caminhada de 5 km \u00e0s 20:40 no dia 27 de junho de 2026."},{"item_title":"Onde \u00e9 o local de partida e chegada?","item_description":"Todas as provas t\u00eam partida e chegada na Av. Marqu\u00eas S\u00e1 da Bandeira (seca do Bacalhau), Vila do Conde."},{"item_title":"Existe tempo limite para as provas?","item_description":"Sim, a dura\u00e7\u00e3o m\u00e1xima para as provas de 10 km, 5 km e caminhada de 5 km \u00e9 de 2 horas."}],"event_date_start":"20260627","event_date_end":"20260627","event_start_time":"","event_country":"portugal","event_ticket_url":"https:\/\/stopandgo.net\/events\/corrida-sao-joao-sunset-run-2026","event_latitude":"41.3511","event_longitude":"-8.7475","event_rating":"","is_hot_event":false,"event_participants_count":"0","organizer_avatar":false,"event_gallery":false,"purchasing_all_variations_through_woocommerce":false,"optional_extras":false,"organizer_website":{"title":"","url":"","target":"","0":""}},"_links":{"self":[{"href":"https:\/\/racefinder.pt\/pt\/wp-json\/wp\/v2\/product\/48495","targetHints":{"allow":["GET"]}}],"collection":[{"href":"https:\/\/racefinder.pt\/pt\/wp-json\/wp\/v2\/product"}],"about":[{"href":"https:\/\/racefinder.pt\/pt\/wp-json\/wp\/v2\/types\/product"}],"replies":[{"embeddable":true,"href":"https:\/\/racefinder.pt\/pt\/wp-json\/wp\/v2\/comments?post=48495"}],"version-history":[{"count":1,"href":"https:\/\/racefinder.pt\/pt\/wp-json\/wp\/v2\/product\/48495\/revisions"}],"predecessor-version":[{"id":48496,"href":"https:\/\/racefinder.pt\/pt\/wp-json\/wp\/v2\/product\/48495\/revisions\/48496"}],"wp:featuredmedia":[{"embeddable":true,"href":"https:\/\/racefinder.pt\/pt\/wp-json\/wp\/v2\/media\/48643"}],"wp:attachment":[{"href":"https:\/\/racefinder.pt\/pt\/wp-json\/wp\/v2\/media?parent=48495"}],"wp:term":[{"taxonomy":"product_brand","embeddable":true,"href":"https:\/\/racefinder.pt\/pt\/wp-json\/wp\/v2\/product_brand?post=48495"},{"taxonomy":"product_cat","embeddable":true,"href":"https:\/\/racefinder.pt\/pt\/wp-json\/wp\/v2\/product_cat?post=48495"},{"taxonomy":"product_tag","embeddable":true,"href":"https:\/\/racefinder.pt\/pt\/wp-json\/wp\/v2\/product_tag?post=48495"}],"curies":[{"name":"wp","href":"https:\/\/api.w.org\/{rel}","templated":true}]}}