{"id":48340,"date":"2026-05-05T00:29:21","date_gmt":"2026-05-04T23:29:21","guid":{"rendered":"https:\/\/racefinder.pt\/?post_type=product&#038;p=48340"},"modified":"2026-05-05T13:08:24","modified_gmt":"2026-05-05T12:08:24","slug":"cristo-rei-trail","status":"publish","type":"product","link":"https:\/\/racefinder.pt\/pt\/event\/cristo-rei-trail\/","title":{"rendered":"Cristo Rei Trail"},"content":{"rendered":"","protected":false},"excerpt":{"rendered":"","protected":false},"featured_media":46917,"comment_status":"open","ping_status":"closed","template":"","meta":{"_acf_changed":false,"footnotes":""},"product_brand":[],"product_cat":[129,139],"product_tag":[],"class_list":{"0":"post-48340","1":"product","2":"type-product","3":"status-publish","4":"has-post-thumbnail","6":"product_cat-corrida","7":"product_cat-trail-run-pt","9":"first","10":"instock","11":"shipping-taxable","12":"purchasable","13":"product-type-variable"},"acf":{"event_location_text":"Santa Cruz, Madeira","event_short_description":"<p>O Cristo Rei Trail \u00e9 um evento de trail running que se realizar\u00e1 a 27 de junho de 2026, no Cani\u00e7o, Madeira. Inclui duas provas competitivas: o Cristo Rei Trail Longo (25 km com 1000 m de desn\u00edvel positivo) e o Cristo Rei Trail Curto (10,5 km com 400 m de desn\u00edvel positivo), ambas em formato linear com partida no parque de estacionamento do Cristo Rei e chegada na promenade dos Reis Magos.<\/p>\n<p>O evento integra o Circuito Trail Madeira e a \u00e9poca 2025-2026 da AARAM. A idade m\u00ednima para participa\u00e7\u00e3o \u00e9 de 18 anos para a prova longa e 16 anos para a curta. Os percursos atravessam trilhos diversos da Madeira, incluindo levadas, campos de golfe e zonas costeiras, proporcionando um desafio t\u00e9cnico e paisagens \u00fanicas.<\/p>\n<p>A prova destaca-se pelo respeito pela natureza e fair-play, com regras rigorosas e penaliza\u00e7\u00f5es para garantir a seguran\u00e7a e integridade. Haver\u00e1 classifica\u00e7\u00f5es individuais e coletivas, com trof\u00e9us e medalhas para os vencedores por categoria e geral.<\/p>\n","organizer_description":"<p><strong><a class=\"\" href=\"https:\/\/s3.lap2go.com\/events\/2026\/cristo-rei-trail\/Regulamento-cristo-rei-trail-2026-min.pdf\" target=\"_new\" rel=\"noopener\">Regulamento \u2197<\/a><\/strong><\/p>\n<p><strong>Escal\u00f5es\/categorias:<\/strong><br \/>\n\u2022 Junenis\/Juniores 16-17 anos \/ 18-19 anos<br \/>\n\u2022 Sub-23 20-22 anos<br \/>\n\u2022 Seniores 20 anos em diante<br \/>\n\u2022 Veteranos 35 anos em diante (com subcategorias V35, V40, V45, V50, V55, V60, V65, V70)<\/p>\n<p><strong>Locais de partida\/chegada:<\/strong> Partida no parque de estacionamento do Cristo Rei, chegada na promenade dos Reis Magos (junto ao Hotel Riu)<\/p>\n<p><strong>Hor\u00e1rios de partida por categoria\/dist\u00e2ncia:<\/strong><br \/>\n\u2022 CRT Longo (25 km): 08:00<br \/>\n\u2022 CRT Curto (10,5 km): 09:00<\/p>\n<p><strong>Tempos limite:<\/strong><br \/>\n\u2022 CRT Longo: 5 horas<br \/>\n\u2022 CRT Curto: 3 horas<\/p>\n<p><strong>Levantamento de dorsais (data\/hora e local):<\/strong><br \/>\n\u2022 25 de junho, 18:00\u201320:00 &#8211; Check-in no Gin\u00e1sio Galo Active Health Club<br \/>\n\u2022 26 de junho, 12:30\u201320:00 &#8211; Check-in no Gin\u00e1sio Galo Active Health Club<br \/>\n\u2022 N\u00e3o haver\u00e1 secretariado no dia da prova<\/p>\n<p><strong>Prazo de inscri\u00e7\u00e3o:<\/strong> 14 de junho de 2026<\/p>\n<p><strong>Tipos de piso:<\/strong> Trilhos da Madeira incluindo levadas, caminhos, campo de golfe, acesso pedonal costeiro<\/p>\n<p><strong>Formato do percurso:<\/strong> Percursos lineares<\/p>\n<p><strong>Percursos da prova:<\/strong><br \/>\n\u2022 CRT Longo: 25 km, 1000 m de desn\u00edvel positivo, 1100 m de desn\u00edvel negativo<br \/>\n\u2022 CRT Curto: 10,5 km, 400 m de desn\u00edvel positivo, 500 m de desn\u00edvel negativo<\/p>\n<p><strong>M\u00e9todo de cronometragem:<\/strong> Cronometragem eletr\u00f3nica Mylaps com chip integrado no dorsal<\/p>\n<p><strong>WC e localiza\u00e7\u00e3o dos abastecimentos:<\/strong><br \/>\n\u2022 Abastecimentos com comida s\u00f3lida e l\u00edquida, uso obrigat\u00f3rio de copo pessoal<br \/>\n\u2022 Alguns abastecimentos s\u00f3 l\u00edquidos<br \/>\n\u2022 Primeiros socorros em alguns postos de controlo e na meta<\/p>\n<p><strong>Pr\u00e9mios:<\/strong><br \/>\n\u2022 Trof\u00e9us para os 3 primeiros classificados gerais masculinos e femininos em cada prova<br \/>\n\u2022 Medalhas para os 3 primeiros de cada escal\u00e3o<br \/>\n\u2022 Classifica\u00e7\u00e3o coletiva por equipas de 3 elementos do mesmo sexo<br \/>\n\u2022 Sem pr\u00e9mios monet\u00e1rios<br \/>\n\u2022 Os pr\u00e9mios devem ser levantados presencialmente ou por representante da equipa<\/p>\n","race_benefits":"<p>\ud83c\udfbd Kit do atleta: dorsal personalizado com chip de cronometragem integrado<br \/>\n\ud83d\udee1\ufe0f Seguro: responsabilidade civil e acidentes pessoais inclu\u00eddos<br \/>\n\ud83e\udd64 Abastecimentos: comida s\u00f3lida e l\u00edquida nos pontos definidos, uso obrigat\u00f3rio de copo pessoal<br \/>\n\ud83d\udedf Apoio de seguran\u00e7a: primeiros socorros em alguns postos de controlo e na meta<br \/>\n\ud83d\ude8d Transporte para a zona da meta em caso de abandono ou desclassifica\u00e7\u00e3o<\/p>\n","event_faq_headline":"FAQ","event_faq_items":false,"event_date_start":"20260627","event_date_end":"20260627","event_start_time":"","event_country":"portugal","event_ticket_url":"https:\/\/lap2go.com\/pt\/event\/cristo-rei-trail-2026","event_latitude":"32.6875","event_longitude":"-16.7908","event_rating":"","is_hot_event":false,"event_participants_count":"0","organizer_avatar":false,"event_gallery":false,"purchasing_all_variations_through_woocommerce":false,"optional_extras":false,"organizer_website":{"title":"","url":"","target":"","0":""}},"_links":{"self":[{"href":"https:\/\/racefinder.pt\/pt\/wp-json\/wp\/v2\/product\/48340","targetHints":{"allow":["GET"]}}],"collection":[{"href":"https:\/\/racefinder.pt\/pt\/wp-json\/wp\/v2\/product"}],"about":[{"href":"https:\/\/racefinder.pt\/pt\/wp-json\/wp\/v2\/types\/product"}],"replies":[{"embeddable":true,"href":"https:\/\/racefinder.pt\/pt\/wp-json\/wp\/v2\/comments?post=48340"}],"version-history":[{"count":2,"href":"https:\/\/racefinder.pt\/pt\/wp-json\/wp\/v2\/product\/48340\/revisions"}],"predecessor-version":[{"id":48399,"href":"https:\/\/racefinder.pt\/pt\/wp-json\/wp\/v2\/product\/48340\/revisions\/48399"}],"wp:featuredmedia":[{"embeddable":true,"href":"https:\/\/racefinder.pt\/pt\/wp-json\/wp\/v2\/media\/46917"}],"wp:attachment":[{"href":"https:\/\/racefinder.pt\/pt\/wp-json\/wp\/v2\/media?parent=48340"}],"wp:term":[{"taxonomy":"product_brand","embeddable":true,"href":"https:\/\/racefinder.pt\/pt\/wp-json\/wp\/v2\/product_brand?post=48340"},{"taxonomy":"product_cat","embeddable":true,"href":"https:\/\/racefinder.pt\/pt\/wp-json\/wp\/v2\/product_cat?post=48340"},{"taxonomy":"product_tag","embeddable":true,"href":"https:\/\/racefinder.pt\/pt\/wp-json\/wp\/v2\/product_tag?post=48340"}],"curies":[{"name":"wp","href":"https:\/\/api.w.org\/{rel}","templated":true}]}}