{"id":48256,"date":"2026-05-05T00:11:19","date_gmt":"2026-05-04T23:11:19","guid":{"rendered":"https:\/\/racefinder.pt\/?post_type=product&#038;p=48256"},"modified":"2026-05-05T12:34:16","modified_gmt":"2026-05-05T11:34:16","slug":"gravel-fest","status":"publish","type":"product","link":"https:\/\/racefinder.pt\/pt\/event\/gravel-fest\/","title":{"rendered":"Gravel Fest"},"content":{"rendered":"","protected":false},"excerpt":{"rendered":"","protected":false},"featured_media":48378,"comment_status":"open","ping_status":"closed","template":"","meta":{"_acf_changed":false,"footnotes":""},"product_brand":[],"product_cat":[130,236],"product_tag":[],"class_list":{"0":"post-48256","1":"product","2":"type-product","3":"status-publish","4":"has-post-thumbnail","6":"product_cat-ciclismo","7":"product_cat-gravel-pt","9":"first","10":"instock","11":"shipping-taxable","12":"purchasable","13":"product-type-variable"},"acf":{"event_location_text":"Manteigas, Guarda","event_short_description":"<p>O Gravel Fest \u2013 Festival da Montanha \u00e9 um evento de gravel de dois dias realizado na Serra da Estrela nos dias 6 e 7 de junho. Oferece uma dist\u00e2ncia total de 110,6 km em terreno montanhoso desafiante, desenhado para ciclistas que gostam de explorar trilhos fora do comum e estradas secund\u00e1rias.<\/p>\n<p>Este evento \u00e9 recomendado para participantes com boa prepara\u00e7\u00e3o f\u00edsica e autonomia em bicicleta gravel. Celebra o esp\u00edrito do gravel, focando-se na aventura, partilha e liga\u00e7\u00e3o \u00e0 paisagem natural, sem a press\u00e3o do cron\u00f3metro.<\/p>\n","organizer_description":"<p><strong><a class=\"\" href=\"https:\/\/festivaldamontanha.pt\/atividade\/gravel-fest\/?fbclid=IwY2xjawRlojNleHRuA2FlbQIxMABicmlkETF6UkNyR05EYWVZMXNZa3huc3J0YwZhcHBfaWQQMjIyMDM5MTc4ODIwMDg5MgABHgi7FqMqiavG_oGlTCOy_F_4X5_1ocM15HNs1IVq0COKc5VrEwUppJ_hL_Xw_aem_uC3ZfpA1RkSKDk8sofXpHw\" target=\"_new\" rel=\"noopener\">Regulamento \u2197<\/a><\/strong><\/p>\n<p><strong>Formato do percurso:<\/strong> Circular \u00b7 2 etapas<\/p>\n<p><strong>Percursos da prova:<\/strong><br \/>\n\u2022 Etapa 1 (6 de junho): 57,2 km, 1641 m de desn\u00edvel positivo, dif\u00edcil<br \/>\n\u2022 Etapa 2 (7 de junho): 53,4 km, 1357 m de desn\u00edvel positivo, dif\u00edcil<\/p>\n<p><strong>Hor\u00e1rio de partida por categoria\/dist\u00e2ncia:<\/strong> 6 de junho \u00e0s 09:30<\/p>\n<p><strong>Tipos de piso:<\/strong> Estrad\u00f5es, trilhos e estradas secund\u00e1rias<\/p>\n","race_benefits":"","event_faq_headline":"FAQ","event_faq_items":false,"event_date_start":"20260606","event_date_end":"20260606","event_start_time":"","event_country":"portugal","event_ticket_url":"https:\/\/festivaldamontanha.pt\/atividade\/gravel-fest\/?fbclid=IwY2xjawRlojNleHRuA2FlbQIxMABicmlkETF6UkNyR05EYWVZMXNZa3huc3J0YwZhcHBfaWQQMjIyMDM5MTc4ODIwMDg5MgABHgi7FqMqiavG_oGlTCOy_F_4X5_1ocM15HNs1IVq0COKc5VrEwUppJ_hL_Xw_aem_uC3ZfpA1RkSKDk8sofXpHw","event_latitude":"40.4005","event_longitude":"-7.5408","event_rating":"","is_hot_event":false,"event_participants_count":"0","organizer_avatar":false,"event_gallery":false,"purchasing_all_variations_through_woocommerce":false,"optional_extras":false,"organizer_website":{"title":"","url":"","target":"","0":""}},"_links":{"self":[{"href":"https:\/\/racefinder.pt\/pt\/wp-json\/wp\/v2\/product\/48256","targetHints":{"allow":["GET"]}}],"collection":[{"href":"https:\/\/racefinder.pt\/pt\/wp-json\/wp\/v2\/product"}],"about":[{"href":"https:\/\/racefinder.pt\/pt\/wp-json\/wp\/v2\/types\/product"}],"replies":[{"embeddable":true,"href":"https:\/\/racefinder.pt\/pt\/wp-json\/wp\/v2\/comments?post=48256"}],"version-history":[{"count":1,"href":"https:\/\/racefinder.pt\/pt\/wp-json\/wp\/v2\/product\/48256\/revisions"}],"predecessor-version":[{"id":48257,"href":"https:\/\/racefinder.pt\/pt\/wp-json\/wp\/v2\/product\/48256\/revisions\/48257"}],"wp:featuredmedia":[{"embeddable":true,"href":"https:\/\/racefinder.pt\/pt\/wp-json\/wp\/v2\/media\/48378"}],"wp:attachment":[{"href":"https:\/\/racefinder.pt\/pt\/wp-json\/wp\/v2\/media?parent=48256"}],"wp:term":[{"taxonomy":"product_brand","embeddable":true,"href":"https:\/\/racefinder.pt\/pt\/wp-json\/wp\/v2\/product_brand?post=48256"},{"taxonomy":"product_cat","embeddable":true,"href":"https:\/\/racefinder.pt\/pt\/wp-json\/wp\/v2\/product_cat?post=48256"},{"taxonomy":"product_tag","embeddable":true,"href":"https:\/\/racefinder.pt\/pt\/wp-json\/wp\/v2\/product_tag?post=48256"}],"curies":[{"name":"wp","href":"https:\/\/api.w.org\/{rel}","templated":true}]}}