{"id":48242,"date":"2026-05-05T00:08:12","date_gmt":"2026-05-04T23:08:12","guid":{"rendered":"https:\/\/racefinder.pt\/?post_type=product&#038;p=48242"},"modified":"2026-05-05T12:40:46","modified_gmt":"2026-05-05T11:40:46","slug":"12a-prova-de-aguas-abertas-fluviario-de-mora","status":"publish","type":"product","link":"https:\/\/racefinder.pt\/pt\/event\/12a-prova-de-aguas-abertas-fluviario-de-mora\/","title":{"rendered":"12\u00aa Prova de \u00c1guas Abertas Fluvi\u00e1rio de Mora"},"content":{"rendered":"","protected":false},"excerpt":{"rendered":"","protected":false},"featured_media":48387,"comment_status":"open","ping_status":"closed","template":"","meta":{"_acf_changed":false,"footnotes":""},"product_brand":[],"product_cat":[233,248,131],"product_tag":[],"class_list":{"0":"post-48242","1":"product","2":"type-product","3":"status-publish","4":"has-post-thumbnail","6":"product_cat-aguas-abertas","7":"product_cat-kids-pt-2","8":"product_cat-natacao","10":"first","11":"instock","12":"shipping-taxable","13":"purchasable","14":"product-type-variable"},"acf":{"event_location_text":"Mora, \u00c9vora","event_short_description":"<p>A 12\u00aa Prova de \u00c1guas Abertas Fluvi\u00e1rio de Mora realiza-se a 12 de julho de 2026, no A\u00e7ude do Gameiro, em Mora. Este evento de nata\u00e7\u00e3o em \u00e1guas abertas oferece v\u00e1rias dist\u00e2ncias, incluindo 200m para cadetes, 400m, 1.500m, 3.000m e uma estafeta 4x300m.<\/p>\n<p>As provas est\u00e3o abertas a todos os nadadores interessados, com categorias para cadetes (nascidos entre 2014 e 2017) e categorias abertas para as outras dist\u00e2ncias. A prova de 3.000m \u00e9 v\u00e1lida para o Circuito de \u00c1guas Abertas do Alentejo. O evento tem uma atmosfera amig\u00e1vel e inclusiva, com pr\u00e9mios de participa\u00e7\u00e3o para os cadetes e inscri\u00e7\u00f5es gratuitas para algumas provas.<\/p>\n<p>A prova de estafetas exige que todos os elementos da equipa estejam inscritos noutra dist\u00e2ncia, promovendo o esp\u00edrito de equipa e a competi\u00e7\u00e3o entre clubes.<\/p>\n","organizer_description":"<p><strong><a class=\"\" href=\"https:\/\/multicrono.com\/v2\/evento\/fluviario-de-mora-2026\" target=\"_new\" rel=\"noopener\">Regulamento \u2197<\/a><\/strong><\/p>\n<p><strong>Locais de partida\/chegada:<\/strong> A\u00e7ude do Gameiro, Mora<\/p>\n<p><strong>Hor\u00e1rios de partida por categoria\/dist\u00e2ncia:<\/strong><br \/>\n\u2022 Cadetes 200m: 10:00<br \/>\n\u2022 400m: 10:15<br \/>\n\u2022 1.500m: 10:30<br \/>\n\u2022 3.000m: 11:20<br \/>\n\u2022 Estafeta (4 x 300m): 12:20<\/p>\n<p><strong>Limite de participantes:<\/strong><br \/>\n\u2022 Cadetes 200m: 50<br \/>\n\u2022 400m: 100<br \/>\n\u2022 1.500m: 150<br \/>\n\u2022 3.000m: 150<br \/>\n\u2022 Equipas de estafeta: 20<\/p>\n<p><strong>Pr\u00e9mios:<\/strong> Pr\u00e9mios de participa\u00e7\u00e3o para cadetes; sem pr\u00e9mios para 400m; outros pr\u00e9mios n\u00e3o especificados<\/p>\n<p><strong>M\u00e9todo de cronometragem:<\/strong> Cronometragem eletr\u00f3nica<\/p>\n<p><strong>Escal\u00f5es\/categorias:<\/strong><br \/>\n\u2022 Cadetes (nascidos entre 2014 e 2017)<br \/>\n\u2022 Categorias abertas para outras dist\u00e2ncias<\/p>\n","race_benefits":"","event_faq_headline":"FAQ","event_faq_items":false,"event_date_start":"20260712","event_date_end":"20260712","event_start_time":"","event_country":"portugal","event_ticket_url":"https:\/\/multicrono.com\/v2\/evento\/fluviario-de-mora-2026","event_latitude":"38.9435","event_longitude":"-8.1643","event_rating":"","is_hot_event":false,"event_participants_count":"0","organizer_avatar":false,"event_gallery":false,"purchasing_all_variations_through_woocommerce":false,"optional_extras":false,"organizer_website":{"title":"","url":"","target":"","0":""}},"_links":{"self":[{"href":"https:\/\/racefinder.pt\/pt\/wp-json\/wp\/v2\/product\/48242","targetHints":{"allow":["GET"]}}],"collection":[{"href":"https:\/\/racefinder.pt\/pt\/wp-json\/wp\/v2\/product"}],"about":[{"href":"https:\/\/racefinder.pt\/pt\/wp-json\/wp\/v2\/types\/product"}],"replies":[{"embeddable":true,"href":"https:\/\/racefinder.pt\/pt\/wp-json\/wp\/v2\/comments?post=48242"}],"version-history":[{"count":1,"href":"https:\/\/racefinder.pt\/pt\/wp-json\/wp\/v2\/product\/48242\/revisions"}],"predecessor-version":[{"id":48243,"href":"https:\/\/racefinder.pt\/pt\/wp-json\/wp\/v2\/product\/48242\/revisions\/48243"}],"wp:featuredmedia":[{"embeddable":true,"href":"https:\/\/racefinder.pt\/pt\/wp-json\/wp\/v2\/media\/48387"}],"wp:attachment":[{"href":"https:\/\/racefinder.pt\/pt\/wp-json\/wp\/v2\/media?parent=48242"}],"wp:term":[{"taxonomy":"product_brand","embeddable":true,"href":"https:\/\/racefinder.pt\/pt\/wp-json\/wp\/v2\/product_brand?post=48242"},{"taxonomy":"product_cat","embeddable":true,"href":"https:\/\/racefinder.pt\/pt\/wp-json\/wp\/v2\/product_cat?post=48242"},{"taxonomy":"product_tag","embeddable":true,"href":"https:\/\/racefinder.pt\/pt\/wp-json\/wp\/v2\/product_tag?post=48242"}],"curies":[{"name":"wp","href":"https:\/\/api.w.org\/{rel}","templated":true}]}}