{"id":48058,"date":"2026-05-01T00:18:30","date_gmt":"2026-04-30T23:18:30","guid":{"rendered":"https:\/\/racefinder.pt\/?post_type=product&#038;p=48058"},"modified":"2026-05-04T16:30:43","modified_gmt":"2026-05-04T15:30:43","slug":"4a-taca-de-portugal-downhill-presented-by-shimano-downhill-de-prozelo-c1","status":"publish","type":"product","link":"https:\/\/racefinder.pt\/pt\/event\/4a-taca-de-portugal-downhill-presented-by-shimano-downhill-de-prozelo-c1\/","title":{"rendered":"4\u00aa Ta\u00e7a de Portugal Downhill presented by Shimano &#8211; Downhill De Prozelo &#8211; C1"},"content":{"rendered":"","protected":false},"excerpt":{"rendered":"","protected":false},"featured_media":47243,"comment_status":"open","ping_status":"closed","template":"","meta":{"_acf_changed":false,"footnotes":""},"product_brand":[],"product_cat":[193,130],"product_tag":[],"class_list":{"0":"post-48058","1":"product","2":"type-product","3":"status-publish","4":"has-post-thumbnail","6":"product_cat-btt-pt-2","7":"product_cat-ciclismo","9":"first","10":"instock","11":"shipping-taxable","12":"purchasable","13":"product-type-variable"},"acf":{"event_location_text":"Arcos de Valdezes, Viana do Castelo","event_short_description":"<p>A 4\u00aa etapa da Ta\u00e7a de Portugal Downhill 2026, apresentada pela Shimano, \u00e9 uma prova de downhill realizada nos dias 9 e 10 de maio de 2026 em Prozelo, Arcos de Valdevez, Alto Minho, Portugal. Este evento \u00e9 classificado como Classe 1 (C1) pela UCI, atraindo a elite do downhill nacional e internacional.<\/p>\n<p>A corrida decorre na hist\u00f3rica e exigente pista de downhill de Prozelo, conhecida pela sua elevada tecnicidade e declive acentuado. O percurso tem 1.600 metros de comprimento com 300 metros de desn\u00edvel, apresentando piso misto com terra compacta, sec\u00e7\u00f5es de ra\u00edzes e rock gardens, prometendo um espet\u00e1culo desportivo de alto n\u00edvel.<\/p>\n<p>As categorias incluem v\u00e1rios escal\u00f5es et\u00e1rios para atletas federados masculinos e femininos, bem como categorias open para atletas n\u00e3o federados com seguro di\u00e1rio obrigat\u00f3rio. O evento \u00e9 organizado pela ACRAP e Associa\u00e7\u00e3o de Ciclismo do Minho, com forte apoio institucional e ambiente competitivo festivo.<\/p>\n","organizer_description":"<p><strong><a class=\"\" href=\"https:\/\/www.fpciclismo.pt\/calendarios_ficheiros\/2026\/anexo_guia_tecnico-17657194080Be44mI3H97E0x0UqINJA1776963704.pdf\" target=\"_new\" rel=\"noopener\">Regulamento \u2197<\/a><\/strong><\/p>\n<p><strong>Locais de partida\/chegada:<\/strong> Parque Desportivo do Lameiro, Prozelo, Arcos de Valdevez<\/p>\n<p><strong>Hor\u00e1rios de partida por categoria\/dist\u00e2ncia:<\/strong><br \/>\n\u2022 Sexta-feira, 8 de maio: 15h00\u201318h00 Inspe\u00e7\u00e3o a p\u00e9 (sem bicicletas)<br \/>\n\u2022 S\u00e1bado, 9 de maio: 09h00\u201313h00 Treinos<br \/>\n\u2022 S\u00e1bado, 9 de maio: 14h00\u201315h30 Treinos (Sub 13 e Sub 15)<br \/>\n\u2022 S\u00e1bado, 9 de maio: 14h00\u201316h00 Treinos (Cadetes e Master)<br \/>\n\u2022 S\u00e1bado, 9 de maio: 15h30\u201317h00 Treinos (Elites)<br \/>\n\u2022 S\u00e1bado, 9 de maio: 17h00\u201318h00 Treinos (Todas as categorias)<br \/>\n\u2022 Domingo, 10 de maio: 08h00\u201309h00 Treinos (Todas as categorias)<br \/>\n\u2022 Domingo, 10 de maio: 09h00\u201309h30 Top 20 Elites<br \/>\n\u2022 Domingo, 10 de maio: 10h00 Manga de Qualifica\u00e7\u00e3o<br \/>\n\u2022 Domingo, 10 de maio: 14h00 Manga Final<br \/>\n\u2022 Domingo, 10 de maio: 16h30 Cerim\u00f3nia de P\u00f3dio<\/p>\n<p><strong>Escal\u00f5es\/categorias:<\/strong><br \/>\n\u2022 Federados Masculinos: Sub-13 (11-12), Sub-15 (13-14), Sub-17 (15-16), Sub-19 (17-18), Sub-23 (19-22), Elite (>17), Master 30 (30-34), Master 35 (35-39), Master 40 (40-44), Master 45 (45-49), Master 50 (50-54), Master 55 (55-59), Master 60 (60-64), Master 65 (65-69), Master 70 (>70)<br \/>\n\u2022 Federados Femininos: Sub-13 (11-12), Sub-15 (13-14), Sub-17 (15-16), Sub-19 (17-18), Sub-23 (19-22), Elite (>17), Master Feminino (>30)<br \/>\n\u2022 Open (n\u00e3o federados com seguro di\u00e1rio): Open Sub-17, Open Sub-23, Open Expert (+23), Open Feminino (todas as idades)<\/p>\n<p><strong>Levantamento de dorsais (data\/hora e local):<\/strong> S\u00e1bado, 9 de maio, 08h30\u201313h00 e 14h00\u201318h00; Domingo, 10 de maio, 08h00\u201310h30<\/p>\n<p><strong>Prazo de inscri\u00e7\u00e3o:<\/strong> 6 de maio de 2026, 23h59<\/p>\n<p><strong>Tipos de piso:<\/strong> Misto: terra compacta, sec\u00e7\u00f5es de ra\u00edzes, rock gardens<\/p>\n<p><strong>Formato do percurso:<\/strong> Corrida downhill em pista de 1.600 m com 300 m de desn\u00edvel<\/p>\n<p><strong>Estacionamento e shuttles:<\/strong><br \/>\n\u2022 P1 (Equipas): Junto ao paddock (lugares limitados)<br \/>\n\u2022 P2 (P\u00fablico): Acesso pela estrada municipal, a 300 m da meta<\/p>\n<p><strong>Pr\u00e9mios:<\/strong><br \/>\n\u2022 1\u00ba lugar: Trof\u00e9u + Diploma<br \/>\n\u2022 2\u00ba lugar: Medalha + Diploma<br \/>\n\u2022 3\u00ba lugar: Medalha + Diploma<\/p>\n","race_benefits":"","event_faq_headline":"FAQ","event_faq_items":false,"event_date_start":"20260509","event_date_end":"20260510","event_start_time":"","event_country":"portugal","event_ticket_url":"https:\/\/www.fpciclismo.pt\/prova-inscrever\/4-portugal-cup-dhi-downhill-de-prozelo-c1-inscrever","event_latitude":"41.8653","event_longitude":"-8.4365","event_rating":"","is_hot_event":false,"event_participants_count":"0","organizer_avatar":false,"event_gallery":false,"purchasing_all_variations_through_woocommerce":false,"optional_extras":false,"organizer_website":{"title":"","url":"","target":"","0":""}},"_links":{"self":[{"href":"https:\/\/racefinder.pt\/pt\/wp-json\/wp\/v2\/product\/48058","targetHints":{"allow":["GET"]}}],"collection":[{"href":"https:\/\/racefinder.pt\/pt\/wp-json\/wp\/v2\/product"}],"about":[{"href":"https:\/\/racefinder.pt\/pt\/wp-json\/wp\/v2\/types\/product"}],"replies":[{"embeddable":true,"href":"https:\/\/racefinder.pt\/pt\/wp-json\/wp\/v2\/comments?post=48058"}],"version-history":[{"count":1,"href":"https:\/\/racefinder.pt\/pt\/wp-json\/wp\/v2\/product\/48058\/revisions"}],"predecessor-version":[{"id":48059,"href":"https:\/\/racefinder.pt\/pt\/wp-json\/wp\/v2\/product\/48058\/revisions\/48059"}],"wp:featuredmedia":[{"embeddable":true,"href":"https:\/\/racefinder.pt\/pt\/wp-json\/wp\/v2\/media\/47243"}],"wp:attachment":[{"href":"https:\/\/racefinder.pt\/pt\/wp-json\/wp\/v2\/media?parent=48058"}],"wp:term":[{"taxonomy":"product_brand","embeddable":true,"href":"https:\/\/racefinder.pt\/pt\/wp-json\/wp\/v2\/product_brand?post=48058"},{"taxonomy":"product_cat","embeddable":true,"href":"https:\/\/racefinder.pt\/pt\/wp-json\/wp\/v2\/product_cat?post=48058"},{"taxonomy":"product_tag","embeddable":true,"href":"https:\/\/racefinder.pt\/pt\/wp-json\/wp\/v2\/product_tag?post=48058"}],"curies":[{"name":"wp","href":"https:\/\/api.w.org\/{rel}","templated":true}]}}