{"id":48037,"date":"2026-05-01T00:09:42","date_gmt":"2026-04-30T23:09:42","guid":{"rendered":"https:\/\/racefinder.pt\/?post_type=product&#038;p=48037"},"modified":"2026-05-04T16:21:45","modified_gmt":"2026-05-04T15:21:45","slug":"encontro-inter-regional-escolas-btt-zona-b","status":"publish","type":"product","link":"https:\/\/racefinder.pt\/pt\/event\/encontro-inter-regional-escolas-btt-zona-b\/","title":{"rendered":"Encontro Inter Regional Escolas BTT &#8211; Zona B"},"content":{"rendered":"","protected":false},"excerpt":{"rendered":"","protected":false},"featured_media":47245,"comment_status":"open","ping_status":"closed","template":"","meta":{"_acf_changed":false,"footnotes":""},"product_brand":[],"product_cat":[130,2905],"product_tag":[],"class_list":{"0":"post-48037","1":"product","2":"type-product","3":"status-publish","4":"has-post-thumbnail","6":"product_cat-ciclismo","7":"product_cat-jovens-pt-3","9":"first","10":"instock","11":"shipping-taxable","12":"product-type-variable"},"acf":{"event_location_text":"Porto de M\u00f3s, Leiria","event_short_description":"<p>O Encontro Inter Regional de Escolas de BTT &#8211; Zona B \u00e9 uma prova competitiva de bicicleta de montanha que se realiza a 9 de maio de 2026, em Porto de M\u00f3s, Portugal. Inclui categorias para jovens atletas desde sub-7 at\u00e9 sub-15, com dist\u00e2ncias que variam entre provas de destreza, sprint e corridas em linha de 2 a 10 km conforme a idade.<\/p>\n<p>A participa\u00e7\u00e3o exige licen\u00e7a desportiva v\u00e1lida da Federa\u00e7\u00e3o Portuguesa de Ciclismo. O evento integra o calend\u00e1rio nacional e \u00e9 supervisionado pela Associa\u00e7\u00e3o de Ciclismo de Santar\u00e9m, oferecendo classifica\u00e7\u00f5es individuais e por equipas escolares com pr\u00e9mios para os melhores classificados.<\/p>\n<p>A prova decorre no recinto das Festas de S\u00e3o Pedro, proporcionando um ambiente festivo, estruturado e seguro para os jovens ciclistas competirem e desenvolverem as suas compet\u00eancias.<\/p>\n","organizer_description":"<p><strong><a class=\"\" href=\"https:\/\/www.fpciclismo.pt\/calendarios_ficheiros\/2026\/anexo_guia_tecnico-1765720110IS8ZgK1Gg302d3c12XsHR1776360949.pdf\" target=\"_new\" rel=\"noopener\">Regulamento \u2197<\/a><\/strong><\/p>\n<p><strong>Escal\u00f5es\/categorias:<\/strong><br \/>\n\u2022 sub-7<br \/>\n\u2022 sub-9<br \/>\n\u2022 sub-11<br \/>\n\u2022 sub-13<br \/>\n\u2022 sub-15<\/p>\n<p><strong>Locais de partida\/chegada:<\/strong> Porto de M\u00f3s, recinto das Festas de S\u00e3o Pedro<\/p>\n<p><strong>Hor\u00e1rios de partida por categoria\/dist\u00e2ncia:<\/strong><br \/>\n\u2022 sub-7\/sub-9: destreza (2 mangas) ou prova de destreza e sprint; ap\u00f3s destreza dos sub-11<br \/>\n\u2022 sub-11: prova de destreza 1 manga \u00e0s 15h; prova em linha 2 a 4 km ap\u00f3s corrida dos sub-15<br \/>\n\u2022 sub-13: 3 a 5 km \u00e0s 15h<br \/>\n\u2022 sub-15: 7 a 10 km ap\u00f3s corrida dos sub-13<\/p>\n<p><strong>Prazo de inscri\u00e7\u00e3o:<\/strong> 7 de maio de 2026<\/p>\n<p><strong>Levantamento de dorsais (data\/hora e local):<\/strong> Confirma\u00e7\u00e3o e verifica\u00e7\u00e3o de licen\u00e7as no secretariado da prova at\u00e9 uma hora antes da primeira prova<\/p>\n","race_benefits":"","event_faq_headline":"FAQ","event_faq_items":false,"event_date_start":"20260509","event_date_end":"20260509","event_start_time":"","event_country":"portugal","event_ticket_url":"https:\/\/www.fpciclismo.pt\/pagina\/encontro-inter-regional-escolas-btt-zona-b-prova-1","event_latitude":"39.5994","event_longitude":"-8.8112","event_rating":"","is_hot_event":false,"event_participants_count":"0","organizer_avatar":false,"event_gallery":false,"purchasing_all_variations_through_woocommerce":false,"optional_extras":false,"organizer_website":{"title":"","url":"","target":"","0":""}},"_links":{"self":[{"href":"https:\/\/racefinder.pt\/pt\/wp-json\/wp\/v2\/product\/48037","targetHints":{"allow":["GET"]}}],"collection":[{"href":"https:\/\/racefinder.pt\/pt\/wp-json\/wp\/v2\/product"}],"about":[{"href":"https:\/\/racefinder.pt\/pt\/wp-json\/wp\/v2\/types\/product"}],"replies":[{"embeddable":true,"href":"https:\/\/racefinder.pt\/pt\/wp-json\/wp\/v2\/comments?post=48037"}],"version-history":[{"count":1,"href":"https:\/\/racefinder.pt\/pt\/wp-json\/wp\/v2\/product\/48037\/revisions"}],"predecessor-version":[{"id":48038,"href":"https:\/\/racefinder.pt\/pt\/wp-json\/wp\/v2\/product\/48037\/revisions\/48038"}],"wp:featuredmedia":[{"embeddable":true,"href":"https:\/\/racefinder.pt\/pt\/wp-json\/wp\/v2\/media\/47245"}],"wp:attachment":[{"href":"https:\/\/racefinder.pt\/pt\/wp-json\/wp\/v2\/media?parent=48037"}],"wp:term":[{"taxonomy":"product_brand","embeddable":true,"href":"https:\/\/racefinder.pt\/pt\/wp-json\/wp\/v2\/product_brand?post=48037"},{"taxonomy":"product_cat","embeddable":true,"href":"https:\/\/racefinder.pt\/pt\/wp-json\/wp\/v2\/product_cat?post=48037"},{"taxonomy":"product_tag","embeddable":true,"href":"https:\/\/racefinder.pt\/pt\/wp-json\/wp\/v2\/product_tag?post=48037"}],"curies":[{"name":"wp","href":"https:\/\/api.w.org\/{rel}","templated":true}]}}