{"id":47663,"date":"2026-04-30T00:21:36","date_gmt":"2026-04-29T23:21:36","guid":{"rendered":"https:\/\/racefinder.pt\/?post_type=product&#038;p=47663"},"modified":"2026-04-30T12:52:06","modified_gmt":"2026-04-30T11:52:06","slug":"stone-race-ocr-2026","status":"publish","type":"product","link":"https:\/\/racefinder.pt\/pt\/event\/stone-race-ocr-2026\/","title":{"rendered":"STONE RACE OCR 2026"},"content":{"rendered":"","protected":false},"excerpt":{"rendered":"","protected":false},"featured_media":45073,"comment_status":"open","ping_status":"closed","template":"","meta":{"_acf_changed":false,"footnotes":""},"product_brand":[],"product_cat":[129,3769],"product_tag":[],"class_list":{"0":"post-47663","1":"product","2":"type-product","3":"status-publish","4":"has-post-thumbnail","6":"product_cat-corrida","7":"product_cat-corrida-de-obstaculos","9":"first","10":"instock","11":"shipping-taxable","12":"purchasable","13":"product-type-variable"},"acf":{"event_location_text":"Almeirim, Santar\u00e9m","event_short_description":"<p>A STONE RACE OCR 2026 \u00e9 uma prova de obst\u00e1culos que se realizar\u00e1 no domingo, 12 de setembro de 2026, no parque urbano da Zona Norte em Almeirim, Portugal. A corrida tem cerca de 6 km com mais de 30 obst\u00e1culos naturais e artificiais que desafiam a resist\u00eancia f\u00edsica e mental.<\/p>\n<p>O evento conta com tr\u00eas categorias: Elite para atletas competitivos em alto n\u00edvel, Open para amadores que desejam superar o m\u00e1ximo de obst\u00e1culos poss\u00edvel, e Team Building para equipas de quatro elementos (com pelo menos uma mulher) de empresas ou fam\u00edlias para promover a coes\u00e3o e esp\u00edrito de equipa.<\/p>\n<p>Os participantes enfrentar\u00e3o um percurso desafiante em ambiente natural e urbano, com uma atmosfera divertida e amig\u00e1vel. A prova inclui competi\u00e7\u00f5es individuais e por equipas com p\u00f3dios para classifica\u00e7\u00e3o geral e por escal\u00f5es et\u00e1rios.<\/p>\n","organizer_description":"<p><strong><a class=\"\" href=\"https:\/\/stopandgo.com.pt\/files\/stone-race-ocr-2026\/69f1f0ea2576c_Regulamento_StoneRaceOCR_2026.pdf\" target=\"_new\" rel=\"noopener\">Regulamento \u2197<\/a><\/strong><\/p>\n<p><strong>Escal\u00f5es\/categorias:<\/strong><br \/>\n\u2022 16-17<br \/>\n\u2022 18-19<br \/>\n\u2022 20-24<br \/>\n\u2022 25-29<br \/>\n\u2022 30-34<br \/>\n\u2022 35-39<br \/>\n\u2022 40-44<br \/>\n\u2022 45-49<br \/>\n\u2022 50-54<br \/>\n\u2022 55-59<br \/>\n\u2022 60-64<br \/>\n\u2022 65-69<br \/>\n\u2022 70-74<br \/>\n\u2022 75+<\/p>\n<p><strong>Locais de partida\/chegada:<\/strong> Parque urbano da Zona Norte em Almeirim &#8211; Av. D Jo\u00e3o I, 2080-014 Almeirim<\/p>\n<p><strong>Hor\u00e1rios de partida por categoria\/dist\u00e2ncia:<\/strong><br \/>\n\u2022 Elite: a partir das 09:00<br \/>\n\u2022 Open e Team Building: em pequenos grupos ap\u00f3s Elite<\/p>\n<p><strong>Levantamento de dorsais (data\/hora e local):<\/strong> S\u00e1bado, 12 de setembro, a partir das 07:30 na Zona Norte, Almeirim<\/p>\n<p><strong>Tipos de piso:<\/strong> Terreno natural e urbano com obst\u00e1culos naturais e artificiais<\/p>\n<p><strong>Formato do percurso:<\/strong> Aproximadamente 6 km com mais de 30 obst\u00e1culos, marcado e sinalizado pela organiza\u00e7\u00e3o<\/p>\n<p><strong>Percursos da prova:<\/strong> Mesmo percurso para as categorias Elite, Open e Team Building<\/p>\n<p><strong>WC e localiza\u00e7\u00e3o dos abastecimentos:<\/strong> Abastecimentos l\u00edquidos e s\u00f3lidos na zona de chegada e no meio do percurso<\/p>\n<p><strong>Estacionamento e shuttles:<\/strong> V\u00e1rios locais de estacionamento dispon\u00edveis perto da partida\/chegada<\/p>\n<p><strong>Pr\u00e9mios:<\/strong> Premia\u00e7\u00e3o para 1\u00ba, 2\u00ba e 3\u00ba lugar masculino e feminino em cada escal\u00e3o<\/p>\n","race_benefits":"<p>\ud83c\udfbd Kit do atleta: t-shirt alusiva ao evento e produtos de empresas colaboradoras no levantamento do dorsal<br \/>\n\ud83c\udfc5 Pr\u00e9mio de finalista: medalha para todos os atletas que conclu\u00edrem o desafio<br \/>\n\ud83e\udd64 Abastecimentos: l\u00edquidos e s\u00f3lidos na chegada e no meio do percurso<br \/>\n\ud83d\udebf Duches: balne\u00e1rios do est\u00e1dio municipal com chuveiros exteriores dispon\u00edveis ap\u00f3s a prova<br \/>\n\ud83e\uddf3 Guarda-volumes: local seguro para deixar pertences pessoais como chaves de ve\u00edculos<\/p>\n","event_faq_headline":"FAQ","event_faq_items":[{"item_title":"Como chegar ao evento?","item_description":"O evento realiza-se no parque urbano da Zona Norte em Almeirim, onde existem v\u00e1rios locais de estacionamento dispon\u00edveis."},{"item_title":"Podem participar crian\u00e7as?","item_description":"A idade m\u00ednima \u00e9 16 anos, exceto na categoria Team Building, onde a idade m\u00ednima \u00e9 12 anos."},{"item_title":"Como fa\u00e7o a inscri\u00e7\u00e3o?","item_description":"Os detalhes para inscri\u00e7\u00e3o est\u00e3o dispon\u00edveis no site oficial e devem ser conclu\u00eddos antes do evento."},{"item_title":"Existem penaliza\u00e7\u00f5es por falhar obst\u00e1culos?","item_description":"Sim, falhar obst\u00e1culos implica cumprir penaliza\u00e7\u00f5es como burpees ou outros exerc\u00edcios."},{"item_title":"\u00c9 necess\u00e1rio equipamento especial?","item_description":"A prova inclui obst\u00e1culos naturais e artificiais; os participantes devem estar preparados fisicamente e usar equipamento adequado."}],"event_date_start":"20260912","event_date_end":"20260912","event_start_time":"","event_country":"portugal","event_ticket_url":"https:\/\/stopandgo.net\/events\/stone-race-ocr-2026","event_latitude":"39.209","event_longitude":"-8.6164","event_rating":"","is_hot_event":false,"event_participants_count":"0","organizer_avatar":false,"event_gallery":false,"purchasing_all_variations_through_woocommerce":false,"optional_extras":false,"organizer_website":{"title":"","url":"","target":"","0":""}},"_links":{"self":[{"href":"https:\/\/racefinder.pt\/pt\/wp-json\/wp\/v2\/product\/47663","targetHints":{"allow":["GET"]}}],"collection":[{"href":"https:\/\/racefinder.pt\/pt\/wp-json\/wp\/v2\/product"}],"about":[{"href":"https:\/\/racefinder.pt\/pt\/wp-json\/wp\/v2\/types\/product"}],"replies":[{"embeddable":true,"href":"https:\/\/racefinder.pt\/pt\/wp-json\/wp\/v2\/comments?post=47663"}],"version-history":[{"count":1,"href":"https:\/\/racefinder.pt\/pt\/wp-json\/wp\/v2\/product\/47663\/revisions"}],"predecessor-version":[{"id":47664,"href":"https:\/\/racefinder.pt\/pt\/wp-json\/wp\/v2\/product\/47663\/revisions\/47664"}],"wp:featuredmedia":[{"embeddable":true,"href":"https:\/\/racefinder.pt\/pt\/wp-json\/wp\/v2\/media\/45073"}],"wp:attachment":[{"href":"https:\/\/racefinder.pt\/pt\/wp-json\/wp\/v2\/media?parent=47663"}],"wp:term":[{"taxonomy":"product_brand","embeddable":true,"href":"https:\/\/racefinder.pt\/pt\/wp-json\/wp\/v2\/product_brand?post=47663"},{"taxonomy":"product_cat","embeddable":true,"href":"https:\/\/racefinder.pt\/pt\/wp-json\/wp\/v2\/product_cat?post=47663"},{"taxonomy":"product_tag","embeddable":true,"href":"https:\/\/racefinder.pt\/pt\/wp-json\/wp\/v2\/product_tag?post=47663"}],"curies":[{"name":"wp","href":"https:\/\/api.w.org\/{rel}","templated":true}]}}