{"id":47388,"date":"2026-04-29T00:14:55","date_gmt":"2026-04-28T23:14:55","guid":{"rendered":"https:\/\/racefinder.pt\/?post_type=product&#038;p=47388"},"modified":"2026-04-29T12:22:23","modified_gmt":"2026-04-29T11:22:23","slug":"xiii-grande-premio-de-atletismo-joao-silva-concelho-de-mira","status":"publish","type":"product","link":"https:\/\/racefinder.pt\/pt\/event\/xiii-grande-premio-de-atletismo-joao-silva-concelho-de-mira\/","title":{"rendered":"XIII Grande Pr\u00e9mio de Atletismo Jo\u00e3o Silva \/ Concelho de Mira"},"content":{"rendered":"","protected":false},"excerpt":{"rendered":"","protected":false},"featured_media":45198,"comment_status":"open","ping_status":"closed","template":"","meta":{"_acf_changed":false,"footnotes":""},"product_brand":[],"product_cat":[129,225,2697,161],"product_tag":[],"class_list":{"0":"post-47388","1":"product","2":"type-product","3":"status-publish","4":"has-post-thumbnail","6":"product_cat-corrida","7":"product_cat-10-km-pt","8":"product_cat-jovens","9":"product_cat-kids-pt","11":"first","12":"instock","13":"shipping-taxable","14":"purchasable","15":"product-type-variable"},"acf":{"event_location_text":"Mira, Coimbra","event_short_description":"<p>O XIII Grande Pr\u00e9mio de Atletismo Jo\u00e3o Silva \/ Concelho de Mira realiza-se a 10 de junho de 2026, na Praia de Mira, Portugal. O evento inclui v\u00e1rias dist\u00e2ncias de corrida, como 900 m, 1500 m, 2000 m, 2600 m, uma caminhada de 3,82 km e a prova principal de 10 km.<\/p>\n<p>Aberto a atletas federados e n\u00e3o federados, abrangendo v\u00e1rias categorias et\u00e1rias desde Benjamins a Veteranos, incluindo o Campeonato Distrital Jovem para os mais jovens. A prova principal de 10 km \u00e9 homologada internacionalmente e integra o Circuito Distrital de Provas de Estrada ADAC 2026.<\/p>\n<p>Os percursos decorrem pelas ruas da Praia de Mira, proporcionando um ambiente competitivo e comunit\u00e1rio, com classifica\u00e7\u00f5es individuais e coletivas, trof\u00e9us e pr\u00e9mios monet\u00e1rios para os melhores classificados.<\/p>\n","organizer_description":"<p><strong><a class=\"\" href=\"https:\/\/s3.lap2go.com\/events\/2026\/gp-mira\/Regulamento-gp-mira-2026-min.pdf\" target=\"_new\" rel=\"noopener\">Regulamento \u2197<\/a><\/strong><\/p>\n<p><strong>Escal\u00f5es\/categorias:<\/strong><br \/>\n\u2022 Sub10 (Benjamins A e B)<br \/>\n\u2022 Sub12<br \/>\n\u2022 Sub14<br \/>\n\u2022 Sub16<br \/>\n\u2022 Sub18<br \/>\n\u2022 Sub20 (Juniores)<br \/>\n\u2022 Sub23<br \/>\n\u2022 Seniores<br \/>\n\u2022 Veteranos (M40\/M50\/M60, F40\/F50\/F60)<\/p>\n<p><strong>Locais de partida\/chegada:<\/strong> Largo da Barrinha, Praia de Mira<\/p>\n<p><strong>Hor\u00e1rios de partida por categoria\/dist\u00e2ncia:<\/strong><br \/>\n\u2022 09:45 &#8211; 1500 m (Sub14\/Infantis)<br \/>\n\u2022 10:00 &#8211; 2000 m (Sub16\/Iniciados)<br \/>\n\u2022 10:15 &#8211; Caminhada para todos<br \/>\n\u2022 10:20 &#8211; 2600 m (Sub18\/Juvenis)<br \/>\n\u2022 10:40 &#8211; 900 m (Sub10\/Benjamins A e Sub12\/Benjamins B)<br \/>\n\u2022 11:00 &#8211; 10 km (Sub20, Sub23, Seniores, Veteranos)<\/p>\n<p><strong>Levantamento de dorsais (data\/hora e local):<\/strong> A partir das 09:00 no dia da prova, no Largo da Barrinha<\/p>\n<p><strong>M\u00e9todo de cronometragem:<\/strong> Cronometragem eletr\u00f3nica pela Lap2Go<\/p>\n<p><strong>Pr\u00e9mios:<\/strong> Trof\u00e9us individuais, pr\u00e9mios monet\u00e1rios para os 10 primeiros nas categorias J\u00fanior\/S\u00e9nior e Veteranos, medalhas para os 3 primeiros do campeonato distrital jovem, trof\u00e9us coletivos para equipas<\/p>\n","race_benefits":"<p>\ud83c\udfbd Kit do atleta: T-shirts, brindes, almo\u00e7o<br \/>\n\ud83c\udfc5 Pr\u00e9mio de finalista: medalhas para os 3 primeiros do campeonato distrital jovem<br \/>\n\u23f1\ufe0f Cronometragem eletr\u00f3nica com resultados ao vivo pela Lap2Go<br \/>\n\ud83c\udfc6 Trof\u00e9us individuais e coletivos e pr\u00e9mios monet\u00e1rios<br \/>\n\ud83d\udee1\ufe0f Seguro: obrigat\u00f3rio para todos os atletas<\/p>\n","event_faq_headline":"FAQ","event_faq_items":[{"item_title":"Como fa\u00e7o a inscri\u00e7\u00e3o para o evento?","item_description":"A inscri\u00e7\u00e3o \u00e9 feita online em https:\/\/lap2go.com\/pt\/event\/gp-mira-2026. O pagamento \u00e9 obrigat\u00f3rio para as categorias aplic\u00e1veis."},{"item_title":"As crian\u00e7as podem participar?","item_description":"Sim, h\u00e1 provas gratuitas para as categorias Sub10, Sub12, Sub14, Sub16 e Sub18 no \u00e2mbito do campeonato distrital jovem."},{"item_title":"Quais s\u00e3o as dist\u00e2ncias das provas?","item_description":"As dist\u00e2ncias variam de 900 m para Benjamins at\u00e9 10 km para a prova principal, incluindo 1500 m, 2000 m, 2600 m e uma caminhada de 3,82 km."},{"item_title":"Onde e quando posso levantar o dorsal?","item_description":"Os dorsais podem ser levantados a partir das 09:00 no dia da prova, no Largo da Barrinha, Praia de Mira."},{"item_title":"\u00c9 necess\u00e1rio ter seguro?","item_description":"Sim, todos os atletas devem possuir seguro desportivo. Quem n\u00e3o tiver deve indicar no momento da inscri\u00e7\u00e3o para ser inclu\u00eddo no seguro do evento."}],"event_date_start":"20260610","event_date_end":"20260610","event_start_time":"","event_country":"portugal","event_ticket_url":"https:\/\/lap2go.com\/pt\/event\/gp-mira-2026","event_latitude":"40.4289","event_longitude":"-8.7374","event_rating":"","is_hot_event":false,"event_participants_count":"0","organizer_avatar":false,"event_gallery":false,"purchasing_all_variations_through_woocommerce":false,"optional_extras":false,"organizer_website":{"title":"","url":"","target":"","0":""}},"_links":{"self":[{"href":"https:\/\/racefinder.pt\/pt\/wp-json\/wp\/v2\/product\/47388","targetHints":{"allow":["GET"]}}],"collection":[{"href":"https:\/\/racefinder.pt\/pt\/wp-json\/wp\/v2\/product"}],"about":[{"href":"https:\/\/racefinder.pt\/pt\/wp-json\/wp\/v2\/types\/product"}],"replies":[{"embeddable":true,"href":"https:\/\/racefinder.pt\/pt\/wp-json\/wp\/v2\/comments?post=47388"}],"version-history":[{"count":1,"href":"https:\/\/racefinder.pt\/pt\/wp-json\/wp\/v2\/product\/47388\/revisions"}],"predecessor-version":[{"id":47389,"href":"https:\/\/racefinder.pt\/pt\/wp-json\/wp\/v2\/product\/47388\/revisions\/47389"}],"wp:featuredmedia":[{"embeddable":true,"href":"https:\/\/racefinder.pt\/pt\/wp-json\/wp\/v2\/media\/45198"}],"wp:attachment":[{"href":"https:\/\/racefinder.pt\/pt\/wp-json\/wp\/v2\/media?parent=47388"}],"wp:term":[{"taxonomy":"product_brand","embeddable":true,"href":"https:\/\/racefinder.pt\/pt\/wp-json\/wp\/v2\/product_brand?post=47388"},{"taxonomy":"product_cat","embeddable":true,"href":"https:\/\/racefinder.pt\/pt\/wp-json\/wp\/v2\/product_cat?post=47388"},{"taxonomy":"product_tag","embeddable":true,"href":"https:\/\/racefinder.pt\/pt\/wp-json\/wp\/v2\/product_tag?post=47388"}],"curies":[{"name":"wp","href":"https:\/\/api.w.org\/{rel}","templated":true}]}}