{"id":47370,"date":"2026-04-29T00:10:04","date_gmt":"2026-04-28T23:10:04","guid":{"rendered":"https:\/\/racefinder.pt\/?post_type=product&#038;p=47370"},"modified":"2026-04-29T12:15:18","modified_gmt":"2026-04-29T11:15:18","slug":"travessia-da-ria-a-nado","status":"publish","type":"product","link":"https:\/\/racefinder.pt\/pt\/event\/travessia-da-ria-a-nado\/","title":{"rendered":"Travessia da Ria a Nado"},"content":{"rendered":"","protected":false},"excerpt":{"rendered":"","protected":false},"featured_media":46388,"comment_status":"open","ping_status":"closed","template":"","meta":{"_acf_changed":false,"footnotes":""},"product_brand":[],"product_cat":[233,131],"product_tag":[],"class_list":{"0":"post-47370","1":"product","2":"type-product","3":"status-publish","4":"has-post-thumbnail","6":"product_cat-aguas-abertas","7":"product_cat-natacao","9":"first","10":"instock","11":"shipping-taxable","12":"product-type-variable"},"acf":{"event_location_text":"\u00cdlhavo, Aveiro","event_short_description":"<p>A 17\u00aa edi\u00e7\u00e3o da Travessia da Ria a Nado, uma prova de nata\u00e7\u00e3o em \u00e1guas abertas, realizar-se-\u00e1 a 28 de junho de 2026 na Costa Nova, Portugal. O evento \u00e9 organizado pela C\u00e2mara Municipal de \u00cdlhavo e integra a Semana Jovem de \u00cdlhavo.<\/p>\n<p>A prova oferece uma oportunidade \u00fanica para nadar atrav\u00e9s da Ria num cen\u00e1rio costeiro pitoresco. Atrai nadadores de v\u00e1rios n\u00edveis, promovendo uma atmosfera festiva e comunit\u00e1ria.<\/p>\n","organizer_description":"<p><strong>Locais de partida\/chegada:<\/strong> Costa Nova, Portugal<\/p>\n<p><strong>M\u00e9todo de cronometragem:<\/strong> Cronometragem eletr\u00f3nica<\/p>\n","race_benefits":"","event_faq_headline":"FAQ","event_faq_items":false,"event_date_start":"20260628","event_date_end":"20260628","event_start_time":"","event_country":"portugal","event_ticket_url":"https:\/\/lap2go.com\/pt\/event\/travessia-da-ria-a-nado-2026","event_latitude":"40.6125","event_longitude":"-8.7495","event_rating":"","is_hot_event":false,"event_participants_count":"0","organizer_avatar":false,"event_gallery":false,"purchasing_all_variations_through_woocommerce":false,"optional_extras":false,"organizer_website":{"title":"","url":"","target":"","0":""}},"_links":{"self":[{"href":"https:\/\/racefinder.pt\/pt\/wp-json\/wp\/v2\/product\/47370","targetHints":{"allow":["GET"]}}],"collection":[{"href":"https:\/\/racefinder.pt\/pt\/wp-json\/wp\/v2\/product"}],"about":[{"href":"https:\/\/racefinder.pt\/pt\/wp-json\/wp\/v2\/types\/product"}],"replies":[{"embeddable":true,"href":"https:\/\/racefinder.pt\/pt\/wp-json\/wp\/v2\/comments?post=47370"}],"version-history":[{"count":1,"href":"https:\/\/racefinder.pt\/pt\/wp-json\/wp\/v2\/product\/47370\/revisions"}],"predecessor-version":[{"id":47371,"href":"https:\/\/racefinder.pt\/pt\/wp-json\/wp\/v2\/product\/47370\/revisions\/47371"}],"wp:featuredmedia":[{"embeddable":true,"href":"https:\/\/racefinder.pt\/pt\/wp-json\/wp\/v2\/media\/46388"}],"wp:attachment":[{"href":"https:\/\/racefinder.pt\/pt\/wp-json\/wp\/v2\/media?parent=47370"}],"wp:term":[{"taxonomy":"product_brand","embeddable":true,"href":"https:\/\/racefinder.pt\/pt\/wp-json\/wp\/v2\/product_brand?post=47370"},{"taxonomy":"product_cat","embeddable":true,"href":"https:\/\/racefinder.pt\/pt\/wp-json\/wp\/v2\/product_cat?post=47370"},{"taxonomy":"product_tag","embeddable":true,"href":"https:\/\/racefinder.pt\/pt\/wp-json\/wp\/v2\/product_tag?post=47370"}],"curies":[{"name":"wp","href":"https:\/\/api.w.org\/{rel}","templated":true}]}}