{"id":47061,"date":"2026-04-28T00:14:22","date_gmt":"2026-04-27T23:14:22","guid":{"rendered":"https:\/\/racefinder.pt\/?post_type=product&#038;p=47061"},"modified":"2026-04-28T10:53:36","modified_gmt":"2026-04-28T09:53:36","slug":"triatlo-cross-ponde-de-lima","status":"publish","type":"product","link":"https:\/\/racefinder.pt\/pt\/event\/triatlo-cross-ponde-de-lima\/","title":{"rendered":"Triatlo Cross Ponde de Lima"},"content":{"rendered":"","protected":false},"excerpt":{"rendered":"","protected":false},"featured_media":46398,"comment_status":"open","ping_status":"closed","template":"","meta":{"_acf_changed":false,"footnotes":""},"product_brand":[],"product_cat":[254,132],"product_tag":[],"class_list":{"0":"post-47061","1":"product","2":"type-product","3":"status-publish","4":"has-post-thumbnail","6":"product_cat-sprint-pt","7":"product_cat-triatlo","9":"first","10":"instock","11":"shipping-taxable","12":"purchasable","13":"product-type-variable"},"acf":{"event_location_text":"Ponta de Lima, Viana do Castelo","event_short_description":"<p>O Triatlo Cross Ponde de Lima \u00e9 um evento de triatlo cross marcado para 6 de junho de 2026. Oferece formatos de prova individuais, duplas e triplas, abrangendo v\u00e1rias categorias et\u00e1rias desde jovens at\u00e9 seniores.<\/p>\n<p>O evento inclui categorias para paratletas e equipas mistas, tornando-o inclusivo para diversos participantes. As inscri\u00e7\u00f5es abrem em 14 de abril de 2026 e encerram em 31 de maio de 2026, com pre\u00e7os diferenciados conforme a data de pagamento.<\/p>\n","organizer_description":"<p><strong><a class=\"\" href=\"https:\/\/www.sinctime.com\/evento\/492\" target=\"_new\" rel=\"noopener\">Regulamento \u2197<\/a><\/strong><\/p>\n<p><strong>Prazo de inscri\u00e7\u00e3o:<\/strong> 31 de maio de 2026 \u00e0s 23:59<\/p>\n<p><strong>Hor\u00e1rio de partida por categoria\/dist\u00e2ncia:<\/strong> 6 de junho de 2026 \u00e0s 15:00 para todas as categorias<\/p>\n<p><strong>Escal\u00f5es\/categorias:<\/strong><br \/>\n\u2022 Paratleta (2 a 15 anos)<br \/>\n\u2022 16-17 Masculino<br \/>\n\u2022 16-17 Feminino<br \/>\n\u2022 18-19 Masculino<br \/>\n\u2022 18-19 Feminino<br \/>\n\u2022 20-24 Masculino<br \/>\n\u2022 20-24 Feminino<br \/>\n\u2022 25-29 Masculino<br \/>\n\u2022 25-29 Feminino<br \/>\n\u2022 30-34 Masculino<br \/>\n\u2022 30-34 Feminino<br \/>\n\u2022 35-39 Masculino<br \/>\n\u2022 35-39 Feminino<br \/>\n\u2022 40-44 Masculino<br \/>\n\u2022 40-44 Feminino<br \/>\n\u2022 45-49 Masculino<br \/>\n\u2022 45-49 Feminino<br \/>\n\u2022 50-54 Masculino<br \/>\n\u2022 50-54 Feminino<br \/>\n\u2022 55-59 Masculino<br \/>\n\u2022 55-59 Feminino<br \/>\n\u2022 60-64 Masculino<br \/>\n\u2022 60-64 Feminino<br \/>\n\u2022 65-69 Masculino<br \/>\n\u2022 65-69 Feminino<br \/>\n\u2022 70-99 Masculino<br \/>\n\u2022 70-99 Feminino<br \/>\n\u2022 Triplas Masculino (16 a 99 anos)<br \/>\n\u2022 Triplas Feminino (16 a 99 anos)<br \/>\n\u2022 Triplas Mistas (16 a 99 anos)<br \/>\n\u2022 Duplas Masculino (16 a 99 anos)<br \/>\n\u2022 Duplas Feminino (16 a 99 anos)<br \/>\n\u2022 Duplas Mistas (16 a 99 anos)<\/p>\n","race_benefits":"","event_faq_headline":"FAQ","event_faq_items":false,"event_date_start":"20260606","event_date_end":"20260606","event_start_time":"","event_country":"portugal","event_ticket_url":"https:\/\/www.sinctime.com\/evento\/492","event_latitude":"41.76367","event_longitude":"-8.58164","event_rating":"","is_hot_event":false,"event_participants_count":"0","organizer_avatar":false,"event_gallery":false,"purchasing_all_variations_through_woocommerce":false,"optional_extras":false,"organizer_website":{"title":"","url":"","target":"","0":""}},"_links":{"self":[{"href":"https:\/\/racefinder.pt\/pt\/wp-json\/wp\/v2\/product\/47061","targetHints":{"allow":["GET"]}}],"collection":[{"href":"https:\/\/racefinder.pt\/pt\/wp-json\/wp\/v2\/product"}],"about":[{"href":"https:\/\/racefinder.pt\/pt\/wp-json\/wp\/v2\/types\/product"}],"replies":[{"embeddable":true,"href":"https:\/\/racefinder.pt\/pt\/wp-json\/wp\/v2\/comments?post=47061"}],"version-history":[{"count":2,"href":"https:\/\/racefinder.pt\/pt\/wp-json\/wp\/v2\/product\/47061\/revisions"}],"predecessor-version":[{"id":47235,"href":"https:\/\/racefinder.pt\/pt\/wp-json\/wp\/v2\/product\/47061\/revisions\/47235"}],"wp:featuredmedia":[{"embeddable":true,"href":"https:\/\/racefinder.pt\/pt\/wp-json\/wp\/v2\/media\/46398"}],"wp:attachment":[{"href":"https:\/\/racefinder.pt\/pt\/wp-json\/wp\/v2\/media?parent=47061"}],"wp:term":[{"taxonomy":"product_brand","embeddable":true,"href":"https:\/\/racefinder.pt\/pt\/wp-json\/wp\/v2\/product_brand?post=47061"},{"taxonomy":"product_cat","embeddable":true,"href":"https:\/\/racefinder.pt\/pt\/wp-json\/wp\/v2\/product_cat?post=47061"},{"taxonomy":"product_tag","embeddable":true,"href":"https:\/\/racefinder.pt\/pt\/wp-json\/wp\/v2\/product_tag?post=47061"}],"curies":[{"name":"wp","href":"https:\/\/api.w.org\/{rel}","templated":true}]}}