{"id":47049,"date":"2026-04-28T00:12:10","date_gmt":"2026-04-27T23:12:10","guid":{"rendered":"https:\/\/racefinder.pt\/?post_type=product&#038;p=47049"},"modified":"2026-04-28T10:55:27","modified_gmt":"2026-04-28T09:55:27","slug":"2o-trail-do-rabacal","status":"publish","type":"product","link":"https:\/\/racefinder.pt\/pt\/event\/2o-trail-do-rabacal\/","title":{"rendered":"2\u00ba Trail do Raba\u00e7al"},"content":{"rendered":"","protected":false},"excerpt":{"rendered":"","protected":false},"featured_media":46915,"comment_status":"open","ping_status":"closed","template":"","meta":{"_acf_changed":false,"footnotes":""},"product_brand":[],"product_cat":[140,129,139],"product_tag":[],"class_list":{"0":"post-47049","1":"product","2":"type-product","3":"status-publish","4":"has-post-thumbnail","6":"product_cat-caminhada","7":"product_cat-corrida","8":"product_cat-trail-run-pt","10":"first","11":"instock","12":"shipping-taxable","13":"purchasable","14":"product-type-variable"},"acf":{"event_location_text":"Vinhais, Bragan\u00e7a","event_short_description":"<p>O 2\u00ba Trail do Raba\u00e7al \u00e9 uma prova de trail running que se realiza a 7 de junho de 2026, em Rebordelo, Portugal. Oferece uma dist\u00e2ncia de trail de aproximadamente 16 km e uma caminhada n\u00e3o competitiva de 8 km, ambas com partida \u00e0s 09:00.<\/p>\n<p>A prova \u00e9 aberta a atletas filiados na Federa\u00e7\u00e3o Portuguesa de Atletismo e populares em representa\u00e7\u00e3o individual, sendo que atletas estrangeiros s\u00f3 podem participar mediante convite. Existem v\u00e1rias categorias et\u00e1rias desde sub-20 at\u00e9 veteranos com mais de 70 anos.<\/p>\n<p>Organizado pela C\u00e2mara Municipal de Vinhais e associa\u00e7\u00f5es locais com apoio t\u00e9cnico da Associa\u00e7\u00e3o de Atletismo de Bragan\u00e7a, o evento apresenta uma atmosfera competitiva com classifica\u00e7\u00f5es individuais e pr\u00e9mios para os melhores classificados e atletas locais.<\/p>\n","organizer_description":"<p><strong><a class=\"\" href=\"https:\/\/www.sinctime.com\/storage\/files\/eventos\/d5c9\/dd77\/8033\/4484\/9cd5\/33f1\/b864\/45a8.pdf\" target=\"_new\" rel=\"noopener\">Regulamento \u2197<\/a><\/strong><\/p>\n<p><strong>Locais de partida\/chegada:<\/strong> A competi\u00e7\u00e3o realiza-se na localidade de Rebordelo com in\u00edcio \u00e0s 09:00 e chegada no centro da localidade.<\/p>\n<p><strong>Levantamento de dorsais (data\/hora e local):<\/strong> Os dorsais podem ser levantados a partir das 08:00 no local do secretariado pelo delegado do clube e at\u00e9 30 minutos antes do in\u00edcio da prova.<\/p>\n<p><strong>Hor\u00e1rios de partida por categoria\/dist\u00e2ncia:<\/strong><br \/>\n\u2022 Caminhada (Fem\/Masc) 8 km: 09:00<br \/>\n\u2022 Trail (Sub.20\/Sen\/Vet40\/Vet50\/Vet60\/Vet70, Fem\/Masc) aprox. 16 km: 09:00<\/p>\n<p><strong>Prazo de inscri\u00e7\u00e3o:<\/strong> 2 de junho de 2026<\/p>\n<p><strong>Escal\u00f5es\/categorias:<\/strong><br \/>\n\u2022 Sub-20: 18 a 19 anos<br \/>\n\u2022 S\u00e9nior: 20 a 39 anos<br \/>\n\u2022 Veterano 40: 40 a 49 anos<br \/>\n\u2022 Veterano 50: 50 a 59 anos<br \/>\n\u2022 Veterano 60: 60 a 69 anos<br \/>\n\u2022 Veterano 70: 70 anos ou mais<\/p>\n<p><strong>Pr\u00e9mios:<\/strong> Pr\u00e9mios monet\u00e1rios para os 5 primeiros classificados gerais masculinos\/femininos (\u20ac150, \u20ac100, \u20ac75, \u20ac50, \u20ac40), trof\u00e9us para os 3 primeiros locais, para os 3 primeiros de cada escal\u00e3o e g\u00e9nero, e para a equipa mais numerosa.<\/p>\n","race_benefits":"","event_faq_headline":"FAQ","event_faq_items":false,"event_date_start":"20260607","event_date_end":"20260607","event_start_time":"","event_country":"portugal","event_ticket_url":"https:\/\/www.sinctime.com\/evento\/498","event_latitude":"41.7393","event_longitude":"-7.1654","event_rating":"","is_hot_event":false,"event_participants_count":"0","organizer_avatar":false,"event_gallery":false,"purchasing_all_variations_through_woocommerce":false,"optional_extras":false,"organizer_website":{"title":"","url":"","target":"","0":""}},"_links":{"self":[{"href":"https:\/\/racefinder.pt\/pt\/wp-json\/wp\/v2\/product\/47049","targetHints":{"allow":["GET"]}}],"collection":[{"href":"https:\/\/racefinder.pt\/pt\/wp-json\/wp\/v2\/product"}],"about":[{"href":"https:\/\/racefinder.pt\/pt\/wp-json\/wp\/v2\/types\/product"}],"replies":[{"embeddable":true,"href":"https:\/\/racefinder.pt\/pt\/wp-json\/wp\/v2\/comments?post=47049"}],"version-history":[{"count":1,"href":"https:\/\/racefinder.pt\/pt\/wp-json\/wp\/v2\/product\/47049\/revisions"}],"predecessor-version":[{"id":47050,"href":"https:\/\/racefinder.pt\/pt\/wp-json\/wp\/v2\/product\/47049\/revisions\/47050"}],"wp:featuredmedia":[{"embeddable":true,"href":"https:\/\/racefinder.pt\/pt\/wp-json\/wp\/v2\/media\/46915"}],"wp:attachment":[{"href":"https:\/\/racefinder.pt\/pt\/wp-json\/wp\/v2\/media?parent=47049"}],"wp:term":[{"taxonomy":"product_brand","embeddable":true,"href":"https:\/\/racefinder.pt\/pt\/wp-json\/wp\/v2\/product_brand?post=47049"},{"taxonomy":"product_cat","embeddable":true,"href":"https:\/\/racefinder.pt\/pt\/wp-json\/wp\/v2\/product_cat?post=47049"},{"taxonomy":"product_tag","embeddable":true,"href":"https:\/\/racefinder.pt\/pt\/wp-json\/wp\/v2\/product_tag?post=47049"}],"curies":[{"name":"wp","href":"https:\/\/api.w.org\/{rel}","templated":true}]}}