{"id":47035,"date":"2026-04-28T00:09:42","date_gmt":"2026-04-27T23:09:42","guid":{"rendered":"https:\/\/racefinder.pt\/?post_type=product&#038;p=47035"},"modified":"2026-04-28T11:54:19","modified_gmt":"2026-04-28T10:54:19","slug":"corrida-solidaria-aeist-x-nova-su","status":"publish","type":"product","link":"https:\/\/racefinder.pt\/pt\/event\/corrida-solidaria-aeist-x-nova-su\/","title":{"rendered":"Corrida Solid\u00e1ria AEIST x Nova SU"},"content":{"rendered":"","protected":false},"excerpt":{"rendered":"","protected":false},"featured_media":47234,"comment_status":"open","ping_status":"closed","template":"","meta":{"_acf_changed":false,"footnotes":""},"product_brand":[],"product_cat":[225,140,129],"product_tag":[],"class_list":{"0":"post-47035","1":"product","2":"type-product","3":"status-publish","4":"has-post-thumbnail","6":"product_cat-10-km-pt","7":"product_cat-caminhada","8":"product_cat-corrida","10":"first","11":"instock","12":"shipping-taxable","13":"purchasable","14":"product-type-variable"},"acf":{"event_location_text":"Oeiras, Lisboa","event_short_description":"<p>A Corrida Solid\u00e1ria AEIST x Nova SU \u00e9 um evento desportivo e solid\u00e1rio que se realizar\u00e1 no dia 9 de maio de 2026, no campus do IST Taguspark, em Oeiras. Inclui duas modalidades: corrida de 10 km e caminhada de 5 km, abertas a estudantes e ao p\u00fablico em geral.<\/p>\n<p>O evento promove a pr\u00e1tica de atividade f\u00edsica, o bem-estar f\u00edsico e mental, e o esp\u00edrito de comunidade, aliando o desporto a uma vertente solid\u00e1ria atrav\u00e9s da angaria\u00e7\u00e3o de fundos para uma causa social. Os participantes poder\u00e3o desfrutar de um ambiente din\u00e2mico e de conv\u00edvio.<\/p>\n","organizer_description":"<p><strong><a class=\"\" href=\"https:\/\/ws.bol.pt\/FicheirosDownload\/regulamento-corrida-solidaria-aeist.pdf?_gl=1*11smf3q*_gcl_au*MzAwMjUxODc3LjE3NzA5NzkyMTY.*_ga*MTA4MDA5NzQzMC4xNzcwOTc5MjE2*_ga_6BRGNM4YKH*czE3NzczNzM0MTgkbzIyJGcxJHQxNzc3MzczNDkxJGo1OCRsMCRoMA..*_ga_KRS3QMRXGK*czE3NzczNzM0MTgkbzIyJGcxJHQxNzc3MzczNDkxJGo1OCRsMCRoMA..\" target=\"_new\" rel=\"noopener\">Regulamento \u2197<\/a><\/strong><\/p>\n<p><strong>Escal\u00f5es\/categorias:<\/strong><br \/>\n\u2022 Todas as idades a partir dos 10 anos<\/p>\n<p><strong>Locais de partida\/chegada:<\/strong> Campus IST Taguspark, Oeiras<\/p>\n<p><strong>Hor\u00e1rios de partida por categoria\/dist\u00e2ncia:<\/strong><br \/>\n\u2022 Corrida 10 km: 10:00<br \/>\n\u2022 Caminhada 5 km: 10:20<\/p>\n<p><strong>Levantamento de dorsais (data\/hora e local):<\/strong><br \/>\n\u2022 08:00 no local do evento<\/p>\n<p><strong>Formato do percurso:<\/strong> Caminhada 5 km = 1 volta, Corrida 10 km = 2 voltas<\/p>\n<p><strong>Pr\u00e9mios:<\/strong> Medalhas para os primeiros classificados masculino e feminino da corrida de 10 km<\/p>\n","race_benefits":"<p>\ud83c\udfbd Kit do atleta: t-shirt, v\u00e1rios brindes e uma senha para o churrasco que acompanha o evento<br \/>\n\ud83c\udfc5 Pr\u00e9mio de finalista: medalhas para os primeiros classificados da corrida de 10 km<\/p>\n","event_faq_headline":"FAQ","event_faq_items":[{"item_title":"As crian\u00e7as podem participar?","item_description":"O evento est\u00e1 aberto a todas as idades a partir dos 10 anos."},{"item_title":"Como fa\u00e7o a inscri\u00e7\u00e3o?","item_description":"Os bilhetes podem ser adquiridos online na p\u00e1gina oficial do evento na BOL."},{"item_title":"Quais s\u00e3o os hor\u00e1rios de partida?","item_description":"A corrida de 10 km come\u00e7a \u00e0s 10:00 e a caminhada de 5 km \u00e0s 10:20."},{"item_title":"Onde \u00e9 o evento?","item_description":"O evento realiza-se no campus IST Taguspark, em Oeiras."},{"item_title":"O que inclui o kit do atleta?","item_description":"O kit inclui uma t-shirt, v\u00e1rios brindes e uma senha para o churrasco ap\u00f3s o evento."}],"event_date_start":"20260509","event_date_end":"20260509","event_start_time":"","event_country":"portugal","event_ticket_url":"https:\/\/www.bol.pt\/Comprar\/Bilhetes\/176449-corrida_solidaria_aeist_x_nova_su-associacao_dos_estudantes_do_instituto_superior_tecnico\/","event_latitude":"38.7407","event_longitude":"-9.30386","event_rating":"","is_hot_event":true,"event_participants_count":"0","organizer_avatar":false,"event_gallery":false,"optional_extras":false,"organizer_website":{"title":"","url":"","target":"","0":""}},"_links":{"self":[{"href":"https:\/\/racefinder.pt\/pt\/wp-json\/wp\/v2\/product\/47035","targetHints":{"allow":["GET"]}}],"collection":[{"href":"https:\/\/racefinder.pt\/pt\/wp-json\/wp\/v2\/product"}],"about":[{"href":"https:\/\/racefinder.pt\/pt\/wp-json\/wp\/v2\/types\/product"}],"replies":[{"embeddable":true,"href":"https:\/\/racefinder.pt\/pt\/wp-json\/wp\/v2\/comments?post=47035"}],"version-history":[{"count":2,"href":"https:\/\/racefinder.pt\/pt\/wp-json\/wp\/v2\/product\/47035\/revisions"}],"predecessor-version":[{"id":47231,"href":"https:\/\/racefinder.pt\/pt\/wp-json\/wp\/v2\/product\/47035\/revisions\/47231"}],"wp:featuredmedia":[{"embeddable":true,"href":"https:\/\/racefinder.pt\/pt\/wp-json\/wp\/v2\/media\/47234"}],"wp:attachment":[{"href":"https:\/\/racefinder.pt\/pt\/wp-json\/wp\/v2\/media?parent=47035"}],"wp:term":[{"taxonomy":"product_brand","embeddable":true,"href":"https:\/\/racefinder.pt\/pt\/wp-json\/wp\/v2\/product_brand?post=47035"},{"taxonomy":"product_cat","embeddable":true,"href":"https:\/\/racefinder.pt\/pt\/wp-json\/wp\/v2\/product_cat?post=47035"},{"taxonomy":"product_tag","embeddable":true,"href":"https:\/\/racefinder.pt\/pt\/wp-json\/wp\/v2\/product_tag?post=47035"}],"curies":[{"name":"wp","href":"https:\/\/api.w.org\/{rel}","templated":true}]}}