{"id":46731,"date":"2026-04-25T01:02:20","date_gmt":"2026-04-25T00:02:20","guid":{"rendered":"https:\/\/racefinder.pt\/?post_type=product&#038;p=46731"},"modified":"2026-04-27T12:36:34","modified_gmt":"2026-04-27T11:36:34","slug":"6-o-triatlo-de-viana-do-castelo","status":"publish","type":"product","link":"https:\/\/racefinder.pt\/pt\/event\/6-o-triatlo-de-viana-do-castelo\/","title":{"rendered":"6 \u00ba TRIATLO DE VIANA DO CASTELO"},"content":{"rendered":"","protected":false},"excerpt":{"rendered":"","protected":false},"featured_media":46415,"comment_status":"open","ping_status":"closed","template":"","meta":{"_acf_changed":false,"footnotes":""},"product_brand":[],"product_cat":[253,132],"product_tag":[],"class_list":{"0":"post-46731","1":"product","2":"type-product","3":"status-publish","4":"has-post-thumbnail","6":"product_cat-olimpica","7":"product_cat-triatlo","9":"first","10":"instock","11":"shipping-taxable","12":"purchasable","13":"product-type-variable"},"acf":{"event_location_text":"Viana do Castelo","event_short_description":"<p>O 6\u00ba Triatlo de Viana do Castelo \u00e9 um evento de triatlo ol\u00edmpico marcado para 5 de julho de 2026, em Viana do Castelo, Portugal. A prova inclui a dist\u00e2ncia ol\u00edmpica e faz parte do Desafio Triatlo Norte.<\/p>\n<p>O evento \u00e9 aberto a atletas individuais e equipas nas categorias masculina, feminina e mista, com faixas et\u00e1rias dos 2 aos 99 anos, incluindo paratletas. Proporciona uma atmosfera competitiva e inclusiva para diversos participantes.<\/p>\n","organizer_description":"<p><strong><a class=\"\" href=\"https:\/\/sinctime.com\/evento\/457\" target=\"_new\" rel=\"noopener\">Regulamento \u2197<\/a><\/strong><\/p>\n<p><strong>Locais de partida\/chegada:<\/strong> Latitude: 41.690712 Longitude: -8.827941<\/p>\n<p><strong>Hor\u00e1rios de partida por categoria\/dist\u00e2ncia:<\/strong> 10:00 em 5 de julho de 2026<\/p>\n<p><strong>Prazo de inscri\u00e7\u00e3o:<\/strong> 28 de junho de 2026 \u00e0s 23:59<\/p>\n<p><strong>Escal\u00f5es\/categorias:<\/strong><br \/>\n\u2022 Paratleta (2 a 15 anos)<br \/>\n\u2022 16-17 Masculino<br \/>\n\u2022 16-17 Feminino<br \/>\n\u2022 18-19 Masculino<br \/>\n\u2022 18-19 Feminino<br \/>\n\u2022 20-24 Masculino<br \/>\n\u2022 20-24 Feminino<br \/>\n\u2022 25-29 Masculino<br \/>\n\u2022 25-29 Feminino<br \/>\n\u2022 30-34 Masculino<br \/>\n\u2022 30-34 Feminino<br \/>\n\u2022 35-39 Masculino<br \/>\n\u2022 35-39 Feminino<br \/>\n\u2022 40-44 Masculino<br \/>\n\u2022 40-44 Feminino<br \/>\n\u2022 45-49 Masculino<br \/>\n\u2022 45-49 Feminino<br \/>\n\u2022 50-54 Masculino<br \/>\n\u2022 50-54 Feminino<br \/>\n\u2022 55-59 Masculino<br \/>\n\u2022 55-59 Feminino<br \/>\n\u2022 60-64 Masculino<br \/>\n\u2022 60-64 Feminino<br \/>\n\u2022 65-69 Masculino<br \/>\n\u2022 65-69 Feminino<br \/>\n\u2022 70-99 Masculino<br \/>\n\u2022 70-99 Feminino<br \/>\n\u2022 Duplas MASC (Equipas masculinas 16 a 90 anos)<br \/>\n\u2022 Duplas FEM (Equipas femininas 16 a 90 anos)<br \/>\n\u2022 Duplas MISTAS (Equipas mistas 16 a 90 anos)<br \/>\n\u2022 Triplas MASC (Equipas masculinas 16 a 90 anos)<br \/>\n\u2022 Triplas FEM (Equipas femininas 16 a 90 anos)<br \/>\n\u2022 Triplas MISTAS (Equipas mistas 16 a 90 anos)<\/p>\n","race_benefits":"","event_faq_headline":"FAQ","event_faq_items":false,"event_date_start":"20260705","event_date_end":"20260705","event_start_time":"","event_country":"portugal","event_ticket_url":"https:\/\/sinctime.com\/evento\/457","event_latitude":"41.7181","event_longitude":"-8.7637","event_rating":"","is_hot_event":false,"event_participants_count":"0","organizer_avatar":false,"event_gallery":false,"purchasing_all_variations_through_woocommerce":false,"optional_extras":false,"organizer_website":{"title":"","url":"","target":"","0":""}},"_links":{"self":[{"href":"https:\/\/racefinder.pt\/pt\/wp-json\/wp\/v2\/product\/46731","targetHints":{"allow":["GET"]}}],"collection":[{"href":"https:\/\/racefinder.pt\/pt\/wp-json\/wp\/v2\/product"}],"about":[{"href":"https:\/\/racefinder.pt\/pt\/wp-json\/wp\/v2\/types\/product"}],"replies":[{"embeddable":true,"href":"https:\/\/racefinder.pt\/pt\/wp-json\/wp\/v2\/comments?post=46731"}],"version-history":[{"count":1,"href":"https:\/\/racefinder.pt\/pt\/wp-json\/wp\/v2\/product\/46731\/revisions"}],"predecessor-version":[{"id":46732,"href":"https:\/\/racefinder.pt\/pt\/wp-json\/wp\/v2\/product\/46731\/revisions\/46732"}],"wp:featuredmedia":[{"embeddable":true,"href":"https:\/\/racefinder.pt\/pt\/wp-json\/wp\/v2\/media\/46415"}],"wp:attachment":[{"href":"https:\/\/racefinder.pt\/pt\/wp-json\/wp\/v2\/media?parent=46731"}],"wp:term":[{"taxonomy":"product_brand","embeddable":true,"href":"https:\/\/racefinder.pt\/pt\/wp-json\/wp\/v2\/product_brand?post=46731"},{"taxonomy":"product_cat","embeddable":true,"href":"https:\/\/racefinder.pt\/pt\/wp-json\/wp\/v2\/product_cat?post=46731"},{"taxonomy":"product_tag","embeddable":true,"href":"https:\/\/racefinder.pt\/pt\/wp-json\/wp\/v2\/product_tag?post=46731"}],"curies":[{"name":"wp","href":"https:\/\/api.w.org\/{rel}","templated":true}]}}