{"id":46674,"date":"2026-04-25T00:47:48","date_gmt":"2026-04-24T23:47:48","guid":{"rendered":"https:\/\/racefinder.pt\/?post_type=product&#038;p=46674"},"modified":"2026-04-27T12:25:27","modified_gmt":"2026-04-27T11:25:27","slug":"trail-do-gadanha","status":"publish","type":"product","link":"https:\/\/racefinder.pt\/pt\/event\/trail-do-gadanha\/","title":{"rendered":"Trail do Gadanha"},"content":{"rendered":"","protected":false},"excerpt":{"rendered":"","protected":false},"featured_media":46892,"comment_status":"open","ping_status":"closed","template":"","meta":{"_acf_changed":false,"footnotes":""},"product_brand":[],"product_cat":[140,129,139],"product_tag":[],"class_list":{"0":"post-46674","1":"product","2":"type-product","3":"status-publish","4":"has-post-thumbnail","6":"product_cat-caminhada","7":"product_cat-corrida","8":"product_cat-trail-run-pt","10":"first","11":"instock","12":"shipping-taxable","13":"purchasable","14":"product-type-variable"},"acf":{"event_location_text":"Mon\u00e7\u00e3o, Viana do Castelo","event_short_description":"<p>O Trail do Gadanha \u00e9 um evento de trail running que se realizar\u00e1 a 26 de julho de 2026, organizado pela AGE &#8211; Associa\u00e7\u00e3o Gestos e Encontros com o apoio da Junta de Freguesia de Barro\u00e7as e Taias. O evento inclui provas competitivas de aproximadamente 22 km (Trail Longo) e 14 km (Trail Curto), bem como uma Caminhada n\u00e3o competitiva de 12 km.<\/p>\n<p>As provas come\u00e7am pela manh\u00e3, com o Trail Longo \u00e0s 09h30, Trail Curto \u00e0s 09h40 e a Caminhada \u00e0s 10h00. O evento promove a pr\u00e1tica desportiva e o conv\u00edvio entre os participantes.<\/p>\n","organizer_description":"<p><strong><a class=\"\" href=\"https:\/\/sinctime.com\/evento\/495\" target=\"_new\" rel=\"noopener\">Regulamento \u2197<\/a><\/strong><\/p>\n<p><strong>Hor\u00e1rios de partida por categoria\/dist\u00e2ncia:<\/strong><br \/>\n\u2022 Trail Longo (22 km): 09h30<br \/>\n\u2022 Trail Curto (14 km): 09h40<br \/>\n\u2022 Caminhada (12 km): 10h00<\/p>\n<p><strong>Escal\u00f5es\/categorias:<\/strong><br \/>\n\u2022 SENIOR MASC (18 a 39 anos)<br \/>\n\u2022 SENIOR FEM (18 a 39 anos)<br \/>\n\u2022 M40 MASC (40 a 49 anos)<br \/>\n\u2022 M40 FEM (40 a 49 anos)<br \/>\n\u2022 M50 MASC (50 a 90 anos)<br \/>\n\u2022 M50 FEM (50 a 90 anos)<\/p>\n","race_benefits":"","event_faq_headline":"FAQ","event_faq_items":false,"event_date_start":"20260726","event_date_end":"20260726","event_start_time":"","event_country":"portugal","event_ticket_url":"https:\/\/sinctime.com\/evento\/495","event_latitude":"42.0019","event_longitude":"-8.4977","event_rating":"","is_hot_event":false,"event_participants_count":"0","organizer_avatar":false,"event_gallery":false,"purchasing_all_variations_through_woocommerce":false,"optional_extras":false,"organizer_website":{"title":"","url":"","target":"","0":""}},"_links":{"self":[{"href":"https:\/\/racefinder.pt\/pt\/wp-json\/wp\/v2\/product\/46674","targetHints":{"allow":["GET"]}}],"collection":[{"href":"https:\/\/racefinder.pt\/pt\/wp-json\/wp\/v2\/product"}],"about":[{"href":"https:\/\/racefinder.pt\/pt\/wp-json\/wp\/v2\/types\/product"}],"replies":[{"embeddable":true,"href":"https:\/\/racefinder.pt\/pt\/wp-json\/wp\/v2\/comments?post=46674"}],"version-history":[{"count":1,"href":"https:\/\/racefinder.pt\/pt\/wp-json\/wp\/v2\/product\/46674\/revisions"}],"predecessor-version":[{"id":46675,"href":"https:\/\/racefinder.pt\/pt\/wp-json\/wp\/v2\/product\/46674\/revisions\/46675"}],"wp:featuredmedia":[{"embeddable":true,"href":"https:\/\/racefinder.pt\/pt\/wp-json\/wp\/v2\/media\/46892"}],"wp:attachment":[{"href":"https:\/\/racefinder.pt\/pt\/wp-json\/wp\/v2\/media?parent=46674"}],"wp:term":[{"taxonomy":"product_brand","embeddable":true,"href":"https:\/\/racefinder.pt\/pt\/wp-json\/wp\/v2\/product_brand?post=46674"},{"taxonomy":"product_cat","embeddable":true,"href":"https:\/\/racefinder.pt\/pt\/wp-json\/wp\/v2\/product_cat?post=46674"},{"taxonomy":"product_tag","embeddable":true,"href":"https:\/\/racefinder.pt\/pt\/wp-json\/wp\/v2\/product_tag?post=46674"}],"curies":[{"name":"wp","href":"https:\/\/api.w.org\/{rel}","templated":true}]}}