{"id":46608,"date":"2026-04-25T00:29:12","date_gmt":"2026-04-24T23:29:12","guid":{"rendered":"https:\/\/racefinder.pt\/?post_type=product&#038;p=46608"},"modified":"2026-04-27T12:06:59","modified_gmt":"2026-04-27T11:06:59","slug":"4o-cross-trail-campos-do-lis","status":"publish","type":"product","link":"https:\/\/racefinder.pt\/pt\/event\/4o-cross-trail-campos-do-lis\/","title":{"rendered":"4\u00ba CROSS TRAIL CAMPOS DO LIS"},"content":{"rendered":"","protected":false},"excerpt":{"rendered":"","protected":false},"featured_media":46896,"comment_status":"open","ping_status":"closed","template":"","meta":{"_acf_changed":false,"footnotes":""},"product_brand":[],"product_cat":[129,139],"product_tag":[],"class_list":{"0":"post-46608","1":"product","2":"type-product","3":"status-publish","4":"has-post-thumbnail","6":"product_cat-corrida","7":"product_cat-trail-run-pt","9":"first","10":"instock","11":"shipping-taxable","12":"product-type-variable"},"acf":{"event_location_text":"Marinha Grande, Leiria","event_short_description":"<p>A 4\u00aa Cross Trail Campos do Lis \u00e9 uma prova de trail running marcada para o dia 12 de julho de 2026, em Vieira, Leiria, Portugal. A corrida tem in\u00edcio \u00e0s 09h00 e oferece uma experi\u00eancia desportiva em ambiente natural.<\/p>\n<p>Este evento destina-se a entusiastas do trail running e proporciona a oportunidade de competir num cen\u00e1rio paisag\u00edstico. Mais informa\u00e7\u00f5es sobre dist\u00e2ncias e categorias ser\u00e3o divulgadas em breve.<\/p>\n","organizer_description":"","race_benefits":"","event_faq_headline":"FAQ","event_faq_items":false,"event_date_start":"20260712","event_date_end":"20260712","event_start_time":"","event_country":"portugal","event_ticket_url":"https:\/\/www.recordepessoal.pt\/evento\/4crosstrailcamposdolis","event_latitude":"39.8695","event_longitude":"-8.9338","event_rating":"","is_hot_event":false,"event_participants_count":"0","organizer_avatar":false,"event_gallery":false,"purchasing_all_variations_through_woocommerce":false,"optional_extras":false,"organizer_website":{"title":"","url":"","target":"","0":""}},"_links":{"self":[{"href":"https:\/\/racefinder.pt\/pt\/wp-json\/wp\/v2\/product\/46608","targetHints":{"allow":["GET"]}}],"collection":[{"href":"https:\/\/racefinder.pt\/pt\/wp-json\/wp\/v2\/product"}],"about":[{"href":"https:\/\/racefinder.pt\/pt\/wp-json\/wp\/v2\/types\/product"}],"replies":[{"embeddable":true,"href":"https:\/\/racefinder.pt\/pt\/wp-json\/wp\/v2\/comments?post=46608"}],"version-history":[{"count":1,"href":"https:\/\/racefinder.pt\/pt\/wp-json\/wp\/v2\/product\/46608\/revisions"}],"predecessor-version":[{"id":46609,"href":"https:\/\/racefinder.pt\/pt\/wp-json\/wp\/v2\/product\/46608\/revisions\/46609"}],"wp:featuredmedia":[{"embeddable":true,"href":"https:\/\/racefinder.pt\/pt\/wp-json\/wp\/v2\/media\/46896"}],"wp:attachment":[{"href":"https:\/\/racefinder.pt\/pt\/wp-json\/wp\/v2\/media?parent=46608"}],"wp:term":[{"taxonomy":"product_brand","embeddable":true,"href":"https:\/\/racefinder.pt\/pt\/wp-json\/wp\/v2\/product_brand?post=46608"},{"taxonomy":"product_cat","embeddable":true,"href":"https:\/\/racefinder.pt\/pt\/wp-json\/wp\/v2\/product_cat?post=46608"},{"taxonomy":"product_tag","embeddable":true,"href":"https:\/\/racefinder.pt\/pt\/wp-json\/wp\/v2\/product_tag?post=46608"}],"curies":[{"name":"wp","href":"https:\/\/api.w.org\/{rel}","templated":true}]}}