{"id":46478,"date":"2026-04-25T00:05:37","date_gmt":"2026-04-24T23:05:37","guid":{"rendered":"https:\/\/racefinder.pt\/?post_type=product&#038;p=46478"},"modified":"2026-04-27T11:04:23","modified_gmt":"2026-04-27T10:04:23","slug":"triatlo-de-agueda-2","status":"publish","type":"product","link":"https:\/\/racefinder.pt\/pt\/event\/triatlo-de-agueda-2\/","title":{"rendered":"Triatlo de \u00c1gueda"},"content":{"rendered":"","protected":false},"excerpt":{"rendered":"","protected":false},"featured_media":46394,"comment_status":"open","ping_status":"closed","template":"","meta":{"_acf_changed":false,"footnotes":""},"product_brand":[],"product_cat":[254,132],"product_tag":[],"class_list":{"0":"post-46478","1":"product","2":"type-product","3":"status-publish","4":"has-post-thumbnail","6":"product_cat-sprint-pt","7":"product_cat-triatlo","9":"first","10":"instock","11":"shipping-taxable","12":"product-type-variable"},"acf":{"event_location_text":"\u00c1gueda, Aveiro","event_short_description":"<p>O Triatlo de \u00c1gueda \u00e9 um evento de triatlo agendado para 26 e 27 de setembro de 2026, em \u00c1gueda, Portugal. Inclui competi\u00e7\u00f5es para categorias jovens, integrando o Campeonato Norte e o Campeonato Norte Jovem.<\/p>\n<p>Organizado pela Federa\u00e7\u00e3o de Triatlo de Portugal, faz parte do calend\u00e1rio competitivo regional, atraindo jovens triatletas da regi\u00e3o norte. A prova oferece um ambiente competitivo focado no desenvolvimento dos jovens no desporto.<\/p>\n","organizer_description":"<p><strong>Locais de partida\/chegada:<\/strong> Alameda do Sabugueiro, 1-B Murganhal, 2760\u2013128 Caxias, Portugal<\/p>\n<p><strong>Hor\u00e1rios de partida por categoria\/dist\u00e2ncia:<\/strong> 26 (S\u00e1bado) 13:05 &#8211; 27 (Domingo) 13:05<\/p>\n","race_benefits":"","event_faq_headline":"FAQ","event_faq_items":false,"event_date_start":"20260926","event_date_end":"20260927","event_start_time":"","event_country":"portugal","event_ticket_url":"https:\/\/www.federacao-triatlo.pt\/ftp2015\/events\/triatlo-de-agueda\/","event_latitude":"40.5785","event_longitude":"-8.4438","event_rating":"","is_hot_event":false,"event_participants_count":"0","organizer_avatar":false,"event_gallery":false,"purchasing_all_variations_through_woocommerce":false,"optional_extras":false,"organizer_website":{"title":"","url":"","target":"","0":""}},"_links":{"self":[{"href":"https:\/\/racefinder.pt\/pt\/wp-json\/wp\/v2\/product\/46478","targetHints":{"allow":["GET"]}}],"collection":[{"href":"https:\/\/racefinder.pt\/pt\/wp-json\/wp\/v2\/product"}],"about":[{"href":"https:\/\/racefinder.pt\/pt\/wp-json\/wp\/v2\/types\/product"}],"replies":[{"embeddable":true,"href":"https:\/\/racefinder.pt\/pt\/wp-json\/wp\/v2\/comments?post=46478"}],"version-history":[{"count":1,"href":"https:\/\/racefinder.pt\/pt\/wp-json\/wp\/v2\/product\/46478\/revisions"}],"predecessor-version":[{"id":46479,"href":"https:\/\/racefinder.pt\/pt\/wp-json\/wp\/v2\/product\/46478\/revisions\/46479"}],"wp:featuredmedia":[{"embeddable":true,"href":"https:\/\/racefinder.pt\/pt\/wp-json\/wp\/v2\/media\/46394"}],"wp:attachment":[{"href":"https:\/\/racefinder.pt\/pt\/wp-json\/wp\/v2\/media?parent=46478"}],"wp:term":[{"taxonomy":"product_brand","embeddable":true,"href":"https:\/\/racefinder.pt\/pt\/wp-json\/wp\/v2\/product_brand?post=46478"},{"taxonomy":"product_cat","embeddable":true,"href":"https:\/\/racefinder.pt\/pt\/wp-json\/wp\/v2\/product_cat?post=46478"},{"taxonomy":"product_tag","embeddable":true,"href":"https:\/\/racefinder.pt\/pt\/wp-json\/wp\/v2\/product_tag?post=46478"}],"curies":[{"name":"wp","href":"https:\/\/api.w.org\/{rel}","templated":true}]}}