{"id":46466,"date":"2026-04-25T00:02:31","date_gmt":"2026-04-24T23:02:31","guid":{"rendered":"https:\/\/racefinder.pt\/?post_type=product&#038;p=46466"},"modified":"2026-04-27T10:58:09","modified_gmt":"2026-04-27T09:58:09","slug":"iii-duatlo-de-santo-andre","status":"publish","type":"product","link":"https:\/\/racefinder.pt\/pt\/event\/iii-duatlo-de-santo-andre\/","title":{"rendered":"III Duatlo de Santo Andr\u00e9"},"content":{"rendered":"","protected":false},"excerpt":{"rendered":"","protected":false},"featured_media":46419,"comment_status":"open","ping_status":"closed","template":"","meta":{"_acf_changed":false,"footnotes":""},"product_brand":[],"product_cat":[141,239],"product_tag":[],"class_list":{"0":"post-46466","1":"product","2":"type-product","3":"status-publish","4":"has-post-thumbnail","6":"product_cat-duatlo","7":"product_cat-duatlo-2","9":"first","10":"instock","11":"shipping-taxable","12":"product-type-variable"},"acf":{"event_location_text":"Santiago do Cac\u00e9m, Set\u00fabal","event_short_description":"<p>O III Duatlo de Santo Andr\u00e9 \u00e9 uma prova de duatlo marcada para 13 de junho de 2026, em Santo Andr\u00e9, Portugal. Faz parte do Campeonato Lisboa e Alto Alentejo e inclui categorias jovens.<\/p>\n<p>Esta prova \u00e9 organizada pela Federa\u00e7\u00e3o de Triatlo de Portugal e destina-se a atletas jovens que competem no campeonato regional. O evento oferece um ambiente competitivo na regi\u00e3o de Lisboa e Alto Alentejo.<\/p>\n","organizer_description":"<p><strong>Locais de partida\/chegada:<\/strong> Alameda do Sabugueiro, 1-B Murganhal, Caxias, Portugal<\/p>\n<p><strong>Hor\u00e1rios de partida por categoria\/dist\u00e2ncia:<\/strong> 09:32 (s\u00e1bado)<\/p>\n<p><strong>Levantamento de dorsais (data\/hora e local):<\/strong> Atendimento ao p\u00fablico (Secretaria): 9:30 &#8211; 12:30 | 14:00 &#8211; 17:30<\/p>\n","race_benefits":"","event_faq_headline":"FAQ","event_faq_items":false,"event_date_start":"20260613","event_date_end":"20260613","event_start_time":"","event_country":"portugal","event_ticket_url":"https:\/\/www.federacao-triatlo.pt\/ftp2015\/events\/iii-duatlo-de-santo-andre\/","event_latitude":"38.0619","event_longitude":"-8.7855","event_rating":"","is_hot_event":false,"event_participants_count":"0","organizer_website":{"title":"","url":"","target":"","0":""},"organizer_avatar":false,"event_gallery":false,"purchasing_all_variations_through_woocommerce":false,"optional_extras":false},"_links":{"self":[{"href":"https:\/\/racefinder.pt\/pt\/wp-json\/wp\/v2\/product\/46466","targetHints":{"allow":["GET"]}}],"collection":[{"href":"https:\/\/racefinder.pt\/pt\/wp-json\/wp\/v2\/product"}],"about":[{"href":"https:\/\/racefinder.pt\/pt\/wp-json\/wp\/v2\/types\/product"}],"replies":[{"embeddable":true,"href":"https:\/\/racefinder.pt\/pt\/wp-json\/wp\/v2\/comments?post=46466"}],"version-history":[{"count":1,"href":"https:\/\/racefinder.pt\/pt\/wp-json\/wp\/v2\/product\/46466\/revisions"}],"predecessor-version":[{"id":46467,"href":"https:\/\/racefinder.pt\/pt\/wp-json\/wp\/v2\/product\/46466\/revisions\/46467"}],"wp:featuredmedia":[{"embeddable":true,"href":"https:\/\/racefinder.pt\/pt\/wp-json\/wp\/v2\/media\/46419"}],"wp:attachment":[{"href":"https:\/\/racefinder.pt\/pt\/wp-json\/wp\/v2\/media?parent=46466"}],"wp:term":[{"taxonomy":"product_brand","embeddable":true,"href":"https:\/\/racefinder.pt\/pt\/wp-json\/wp\/v2\/product_brand?post=46466"},{"taxonomy":"product_cat","embeddable":true,"href":"https:\/\/racefinder.pt\/pt\/wp-json\/wp\/v2\/product_cat?post=46466"},{"taxonomy":"product_tag","embeddable":true,"href":"https:\/\/racefinder.pt\/pt\/wp-json\/wp\/v2\/product_tag?post=46466"}],"curies":[{"name":"wp","href":"https:\/\/api.w.org\/{rel}","templated":true}]}}