{"id":46244,"date":"2026-04-24T00:32:47","date_gmt":"2026-04-23T23:32:47","guid":{"rendered":"https:\/\/racefinder.pt\/?post_type=product&#038;p=46244"},"modified":"2026-04-24T15:05:22","modified_gmt":"2026-04-24T14:05:22","slug":"duatlo-cross-de-salvaterra-de-magos","status":"publish","type":"product","link":"https:\/\/racefinder.pt\/pt\/event\/duatlo-cross-de-salvaterra-de-magos\/","title":{"rendered":"Duatlo Cross de Salvaterra de Magos"},"content":{"rendered":"","protected":false},"excerpt":{"rendered":"","protected":false},"featured_media":46415,"comment_status":"open","ping_status":"closed","template":"","meta":{"_acf_changed":false,"footnotes":""},"product_brand":[],"product_cat":[141,239],"product_tag":[],"class_list":{"0":"post-46244","1":"product","2":"type-product","3":"status-publish","4":"has-post-thumbnail","6":"product_cat-duatlo","7":"product_cat-duatlo-2","9":"first","10":"instock","11":"shipping-taxable","12":"product-type-variable"},"acf":{"event_location_text":"Salvaterra de Magos, Santar\u00e9m","event_short_description":"<p>O Duatlo Cross de Salvaterra de Magos \u00e9 uma prova de duatlo cross agendada para 11 de outubro de 2026, em Salvaterra de Magos, Portugal. Faz parte do Campeonato Litoral e Interior Centro e do Campeonato Jovem.<\/p>\n<p>A prova \u00e9 organizada pela Federa\u00e7\u00e3o de Triatlo de Portugal e inclui categorias para atletas jovens. O evento realiza-se no final da tarde, com in\u00edcio \u00e0s 18:00.<\/p>\n","organizer_description":"<p><strong>Hor\u00e1rios de partida por categoria\/dist\u00e2ncia:<\/strong> 18:00<\/p>\n<p><strong>Locais de partida\/chegada:<\/strong> Alameda do Sabugueiro, 1-B Murganhal, 2760\u2013128 Caxias, Portugal<\/p>\n","race_benefits":"","event_faq_headline":"FAQ","event_faq_items":false,"event_date_start":"20261011","event_date_end":"20261011","event_start_time":"","event_country":"portugal","event_ticket_url":"https:\/\/www.federacao-triatlo.pt\/ftp2015\/events\/duatlo-cross-de-salvaterra-de-magos\/","event_latitude":"39.0249","event_longitude":"-8.7929","event_rating":"","is_hot_event":false,"event_participants_count":"0","organizer_avatar":false,"event_gallery":false,"purchasing_all_variations_through_woocommerce":false,"optional_extras":false,"organizer_website":{"title":"","url":"","target":"","0":""}},"_links":{"self":[{"href":"https:\/\/racefinder.pt\/pt\/wp-json\/wp\/v2\/product\/46244","targetHints":{"allow":["GET"]}}],"collection":[{"href":"https:\/\/racefinder.pt\/pt\/wp-json\/wp\/v2\/product"}],"about":[{"href":"https:\/\/racefinder.pt\/pt\/wp-json\/wp\/v2\/types\/product"}],"replies":[{"embeddable":true,"href":"https:\/\/racefinder.pt\/pt\/wp-json\/wp\/v2\/comments?post=46244"}],"version-history":[{"count":1,"href":"https:\/\/racefinder.pt\/pt\/wp-json\/wp\/v2\/product\/46244\/revisions"}],"predecessor-version":[{"id":46245,"href":"https:\/\/racefinder.pt\/pt\/wp-json\/wp\/v2\/product\/46244\/revisions\/46245"}],"wp:featuredmedia":[{"embeddable":true,"href":"https:\/\/racefinder.pt\/pt\/wp-json\/wp\/v2\/media\/46415"}],"wp:attachment":[{"href":"https:\/\/racefinder.pt\/pt\/wp-json\/wp\/v2\/media?parent=46244"}],"wp:term":[{"taxonomy":"product_brand","embeddable":true,"href":"https:\/\/racefinder.pt\/pt\/wp-json\/wp\/v2\/product_brand?post=46244"},{"taxonomy":"product_cat","embeddable":true,"href":"https:\/\/racefinder.pt\/pt\/wp-json\/wp\/v2\/product_cat?post=46244"},{"taxonomy":"product_tag","embeddable":true,"href":"https:\/\/racefinder.pt\/pt\/wp-json\/wp\/v2\/product_tag?post=46244"}],"curies":[{"name":"wp","href":"https:\/\/api.w.org\/{rel}","templated":true}]}}