{"id":46229,"date":"2026-04-24T00:28:51","date_gmt":"2026-04-23T23:28:51","guid":{"rendered":"https:\/\/racefinder.pt\/?post_type=product&#038;p=46229"},"modified":"2026-04-24T15:00:20","modified_gmt":"2026-04-24T14:00:20","slug":"x-duatlo-cross-da-amadora","status":"publish","type":"product","link":"https:\/\/racefinder.pt\/pt\/event\/x-duatlo-cross-da-amadora\/","title":{"rendered":"X Duatlo Cross da Amadora"},"content":{"rendered":"","protected":false},"excerpt":{"rendered":"","protected":false},"featured_media":46408,"comment_status":"open","ping_status":"closed","template":"","meta":{"_acf_changed":false,"footnotes":""},"product_brand":[],"product_cat":[141,239],"product_tag":[],"class_list":{"0":"post-46229","1":"product","2":"type-product","3":"status-publish","4":"has-post-thumbnail","6":"product_cat-duatlo","7":"product_cat-duatlo-2","9":"first","10":"instock","11":"shipping-taxable","12":"product-type-variable"},"acf":{"event_location_text":"Amadora, Lisboa","event_short_description":"<p>O X Duatlo Cross da Amadora \u00e9 um evento de duatlo cross que se realiza em julho de 2026 na Amadora, Portugal. Faz parte do campeonato regional Lisboa e Alto Alentejo na categoria jovem.<\/p>\n<p>A prova destina-se a atletas jovens que competem na regi\u00e3o de Lisboa e Alto Alentejo, oferecendo um ambiente competitivo no \u00e2mbito do campeonato regional.<\/p>\n","organizer_description":"<p><strong>Locais de partida\/chegada:<\/strong> Alameda do Sabugueiro, 1-B Murganhal, Caxias, Portugal<\/p>\n<p><strong>Hor\u00e1rios de partida por categoria\/dist\u00e2ncia:<\/strong> Agendado para s\u00e1bado, julho de 2026, hor\u00e1rios exatos n\u00e3o especificados<\/p>\n","race_benefits":"","event_faq_headline":"FAQ","event_faq_items":false,"event_date_start":"20260704","event_date_end":"20260704","event_start_time":"","event_country":"portugal","event_ticket_url":"https:\/\/www.federacao-triatlo.pt\/ftp2015\/events\/x-duatlo-cross-da-amadora\/","event_latitude":"38.7589","event_longitude":"-9.2365","event_rating":"","is_hot_event":false,"event_participants_count":"0","organizer_website":{"title":"","url":"","target":"","0":""},"organizer_avatar":false,"event_gallery":false,"purchasing_all_variations_through_woocommerce":false,"optional_extras":false},"_links":{"self":[{"href":"https:\/\/racefinder.pt\/pt\/wp-json\/wp\/v2\/product\/46229","targetHints":{"allow":["GET"]}}],"collection":[{"href":"https:\/\/racefinder.pt\/pt\/wp-json\/wp\/v2\/product"}],"about":[{"href":"https:\/\/racefinder.pt\/pt\/wp-json\/wp\/v2\/types\/product"}],"replies":[{"embeddable":true,"href":"https:\/\/racefinder.pt\/pt\/wp-json\/wp\/v2\/comments?post=46229"}],"version-history":[{"count":1,"href":"https:\/\/racefinder.pt\/pt\/wp-json\/wp\/v2\/product\/46229\/revisions"}],"predecessor-version":[{"id":46230,"href":"https:\/\/racefinder.pt\/pt\/wp-json\/wp\/v2\/product\/46229\/revisions\/46230"}],"wp:featuredmedia":[{"embeddable":true,"href":"https:\/\/racefinder.pt\/pt\/wp-json\/wp\/v2\/media\/46408"}],"wp:attachment":[{"href":"https:\/\/racefinder.pt\/pt\/wp-json\/wp\/v2\/media?parent=46229"}],"wp:term":[{"taxonomy":"product_brand","embeddable":true,"href":"https:\/\/racefinder.pt\/pt\/wp-json\/wp\/v2\/product_brand?post=46229"},{"taxonomy":"product_cat","embeddable":true,"href":"https:\/\/racefinder.pt\/pt\/wp-json\/wp\/v2\/product_cat?post=46229"},{"taxonomy":"product_tag","embeddable":true,"href":"https:\/\/racefinder.pt\/pt\/wp-json\/wp\/v2\/product_tag?post=46229"}],"curies":[{"name":"wp","href":"https:\/\/api.w.org\/{rel}","templated":true}]}}