{"id":46191,"date":"2026-04-24T00:20:03","date_gmt":"2026-04-23T23:20:03","guid":{"rendered":"https:\/\/racefinder.pt\/?post_type=product&#038;p=46191"},"modified":"2026-04-24T11:04:03","modified_gmt":"2026-04-24T10:04:03","slug":"ix-duatlo-de-ferreiras","status":"publish","type":"product","link":"https:\/\/racefinder.pt\/pt\/event\/ix-duatlo-de-ferreiras\/","title":{"rendered":"IX Duatlo de Ferreiras"},"content":{"rendered":"","protected":false},"excerpt":{"rendered":"","protected":false},"featured_media":45955,"comment_status":"open","ping_status":"closed","template":"","meta":{"_acf_changed":false,"footnotes":""},"product_brand":[],"product_cat":[141,239],"product_tag":[],"class_list":{"0":"post-46191","1":"product","2":"type-product","3":"status-publish","4":"has-post-thumbnail","6":"product_cat-duatlo","7":"product_cat-duatlo-2","9":"first","10":"instock","11":"shipping-taxable","12":"purchasable","13":"product-type-variable"},"acf":{"event_location_text":"Albufeira, Faro","event_short_description":"<p>O IX Duatlo de Ferreiras \u00e9 uma prova de duatlo sprint que se realizar\u00e1 a 26 de abril de 2026, em Ferreiras, Albufeira, Portugal. \u00c9 a primeira etapa do Campeonato do Algarve e Baixo Alentejo, aberta a atletas licenciados e n\u00e3o licenciados nascidos at\u00e9 2010.<\/p>\n<p>A prova consiste numa corrida de 4,7 km (duas voltas), num circuito de ciclismo de 18 km e numa corrida final de 2,3 km. O percurso \u00e9 plano e em asfalto, passando perto do centro de Albufeira. O evento oferece classifica\u00e7\u00f5es por g\u00e9nero, grupos et\u00e1rios e equipas locais.<\/p>\n<p>Os participantes desfrutar\u00e3o de uma atmosfera competitiva com o apoio do clube local e do munic\u00edpio, com postos de abastecimento organizados e cerim\u00f3nia de pr\u00e9mios para vencedores individuais e coletivos em v\u00e1rias categorias et\u00e1rias.<\/p>\n","organizer_description":"<p><strong><a class=\"\" href=\"https:\/\/www.federacao-triatlo.pt\/ftp2015\/wp-content\/uploads\/2026\/04\/2026-04-25-regulamento-ix-duatlo-ferreiras-rev03.pdf\" target=\"_new\" rel=\"noopener\">Regulamento \u2197<\/a><\/strong><\/p>\n<p><strong>Locais de partida\/chegada:<\/strong><br \/>\n\u2022 Partida: Junta de Freguesia das Ferreira<br \/>\n\u2022 Chegada: Estacionamento do Est\u00e1dio da Nora<\/p>\n<p><strong>Levantamento de dorsais (data\/hora e local):<\/strong> 08:30 &#8211; 09:30 no Parque de Estacionamento do Est\u00e1dio da Nora<\/p>\n<p><strong>Hor\u00e1rios de partida por categoria\/dist\u00e2ncia:<\/strong> Partida \u00e0s 10:00 para todos os participantes<\/p>\n<p><strong>Prazo de inscri\u00e7\u00e3o:<\/strong> 20 de abril de 2026 \u00e0s 23:59 (online), com inscri\u00e7\u00f5es tardias no dia da prova mediante taxa adicional<\/p>\n<p><strong>Tipos de piso:<\/strong> Asfalto em todos os segmentos<\/p>\n<p><strong>Formato do percurso:<\/strong> Duatlo sprint com 2 segmentos de corrida e 1 de ciclismo<\/p>\n<p><strong>Percursos da prova:<\/strong><br \/>\n\u2022 1\u00aa Corrida: 4,7 km (2 voltas, plano, asfalto)<br \/>\n\u2022 Ciclismo: 18 km (1 volta, asfalto, circuito junto ao centro de Albufeira)<br \/>\n\u2022 2\u00aa Corrida: 2,3 km (1 volta, asfalto)<\/p>\n<p><strong>WC e localiza\u00e7\u00e3o dos abastecimentos:<\/strong><br \/>\n\u2022 Abastecimentos no in\u00edcio da 2\u00aa volta da 1\u00aa corrida, in\u00edcio da 2\u00aa corrida e zona de recupera\u00e7\u00e3o com \u00e1gua e fruta<\/p>\n<p><strong>Pr\u00e9mios:<\/strong> Trof\u00e9us individuais e coletivos para v\u00e1rias categorias et\u00e1rias e vencedores absolutos, masculino e feminino<\/p>\n","race_benefits":"<p>\ud83e\udd64 Abastecimentos: \u00e1gua e fruta na zona de recupera\u00e7\u00e3o, garrafas de \u00e1gua seladas nos outros pontos<br \/>\n\ud83d\udee1\ufe0f Seguro: inclu\u00eddo para atletas n\u00e3o licenciados<br \/>\n\ud83d\udebf Duches dispon\u00edveis no Est\u00e1dio da Nora<br \/>\n\ud83c\udfc6 Trof\u00e9us para os 3 primeiros em categorias individuais e coletivas<\/p>\n","event_faq_headline":"FAQ","event_faq_items":false,"event_date_start":"20260426","event_date_end":"20260426","event_start_time":"","event_country":"portugal","event_ticket_url":"https:\/\/www.federacao-triatlo.pt\/ftp2015\/events\/ix-duatlo-de-ferreiras\/","event_latitude":"37.1292","event_longitude":"-8.2375","event_rating":"","is_hot_event":false,"event_participants_count":"0","organizer_avatar":false,"event_gallery":false,"purchasing_all_variations_through_woocommerce":false,"optional_extras":false,"organizer_website":{"title":"","url":"","target":"","0":""}},"_links":{"self":[{"href":"https:\/\/racefinder.pt\/pt\/wp-json\/wp\/v2\/product\/46191","targetHints":{"allow":["GET"]}}],"collection":[{"href":"https:\/\/racefinder.pt\/pt\/wp-json\/wp\/v2\/product"}],"about":[{"href":"https:\/\/racefinder.pt\/pt\/wp-json\/wp\/v2\/types\/product"}],"replies":[{"embeddable":true,"href":"https:\/\/racefinder.pt\/pt\/wp-json\/wp\/v2\/comments?post=46191"}],"version-history":[{"count":1,"href":"https:\/\/racefinder.pt\/pt\/wp-json\/wp\/v2\/product\/46191\/revisions"}],"predecessor-version":[{"id":46192,"href":"https:\/\/racefinder.pt\/pt\/wp-json\/wp\/v2\/product\/46191\/revisions\/46192"}],"wp:featuredmedia":[{"embeddable":true,"href":"https:\/\/racefinder.pt\/pt\/wp-json\/wp\/v2\/media\/45955"}],"wp:attachment":[{"href":"https:\/\/racefinder.pt\/pt\/wp-json\/wp\/v2\/media?parent=46191"}],"wp:term":[{"taxonomy":"product_brand","embeddable":true,"href":"https:\/\/racefinder.pt\/pt\/wp-json\/wp\/v2\/product_brand?post=46191"},{"taxonomy":"product_cat","embeddable":true,"href":"https:\/\/racefinder.pt\/pt\/wp-json\/wp\/v2\/product_cat?post=46191"},{"taxonomy":"product_tag","embeddable":true,"href":"https:\/\/racefinder.pt\/pt\/wp-json\/wp\/v2\/product_tag?post=46191"}],"curies":[{"name":"wp","href":"https:\/\/api.w.org\/{rel}","templated":true}]}}