{"id":46155,"date":"2026-04-24T00:11:01","date_gmt":"2026-04-23T23:11:01","guid":{"rendered":"https:\/\/racefinder.pt\/?post_type=product&#038;p=46155"},"modified":"2026-04-24T10:56:25","modified_gmt":"2026-04-24T09:56:25","slug":"algarve-7s-open-water-swimming","status":"publish","type":"product","link":"https:\/\/racefinder.pt\/pt\/event\/algarve-7s-open-water-swimming\/","title":{"rendered":"Algarve 7s Open Water Swimming"},"content":{"rendered":"","protected":false},"excerpt":{"rendered":"","protected":false},"featured_media":35967,"comment_status":"open","ping_status":"closed","template":"","meta":{"_acf_changed":false,"footnotes":""},"product_brand":[],"product_cat":[233,131],"product_tag":[],"class_list":{"0":"post-46155","1":"product","2":"type-product","3":"status-publish","4":"has-post-thumbnail","6":"product_cat-aguas-abertas","7":"product_cat-natacao","9":"first","10":"instock","11":"shipping-taxable","12":"product-type-variable"},"acf":{"event_location_text":"Vila Real de Santo Ant\u00f3nio, Faro","event_short_description":"<p>O Algarve 7s Sports Festival 2026 apresenta uma prova de Nata\u00e7\u00e3o em \u00c1guas Abertas a realizar-se a 7 de junho de 2026 na Praia de Monte Gordo, no Algarve, Portugal. Este evento convida nadadores de todo o mundo a competir numa prova \u00fanica que combina competi\u00e7\u00e3o, divers\u00e3o e a deslumbrante paisagem da costa atl\u00e2ntica.<\/p>\n<p>Os participantes podem desfrutar do desafio da nata\u00e7\u00e3o em \u00e1guas abertas em \u00e1guas cristalinas com um horizonte infinito. A atmosfera do festival inclui festas nos dias 5, 6 e 7 de junho, criando um ambiente vibrante e festivo para atletas e espetadores.<\/p>\n","organizer_description":"","race_benefits":"","event_faq_headline":"FAQ","event_faq_items":false,"event_date_start":"20260605","event_date_end":"20260608","event_start_time":"","event_country":"portugal","event_ticket_url":"https:\/\/www.algarve7s.com\/post\/algarve-7s-sports-festival-2026-open-water-swimming","event_latitude":"37.1766","event_longitude":"-7.4434","event_rating":"","is_hot_event":false,"event_participants_count":"0","organizer_avatar":false,"event_gallery":false,"purchasing_all_variations_through_woocommerce":false,"optional_extras":false,"organizer_website":{"title":"","url":"","target":"","0":""}},"_links":{"self":[{"href":"https:\/\/racefinder.pt\/pt\/wp-json\/wp\/v2\/product\/46155","targetHints":{"allow":["GET"]}}],"collection":[{"href":"https:\/\/racefinder.pt\/pt\/wp-json\/wp\/v2\/product"}],"about":[{"href":"https:\/\/racefinder.pt\/pt\/wp-json\/wp\/v2\/types\/product"}],"replies":[{"embeddable":true,"href":"https:\/\/racefinder.pt\/pt\/wp-json\/wp\/v2\/comments?post=46155"}],"version-history":[{"count":1,"href":"https:\/\/racefinder.pt\/pt\/wp-json\/wp\/v2\/product\/46155\/revisions"}],"predecessor-version":[{"id":46156,"href":"https:\/\/racefinder.pt\/pt\/wp-json\/wp\/v2\/product\/46155\/revisions\/46156"}],"wp:featuredmedia":[{"embeddable":true,"href":"https:\/\/racefinder.pt\/pt\/wp-json\/wp\/v2\/media\/35967"}],"wp:attachment":[{"href":"https:\/\/racefinder.pt\/pt\/wp-json\/wp\/v2\/media?parent=46155"}],"wp:term":[{"taxonomy":"product_brand","embeddable":true,"href":"https:\/\/racefinder.pt\/pt\/wp-json\/wp\/v2\/product_brand?post=46155"},{"taxonomy":"product_cat","embeddable":true,"href":"https:\/\/racefinder.pt\/pt\/wp-json\/wp\/v2\/product_cat?post=46155"},{"taxonomy":"product_tag","embeddable":true,"href":"https:\/\/racefinder.pt\/pt\/wp-json\/wp\/v2\/product_tag?post=46155"}],"curies":[{"name":"wp","href":"https:\/\/api.w.org\/{rel}","templated":true}]}}