{"id":45893,"date":"2026-04-23T00:29:25","date_gmt":"2026-04-22T23:29:25","guid":{"rendered":"https:\/\/racefinder.pt\/?post_type=product&#038;p=45893"},"modified":"2026-04-23T11:00:32","modified_gmt":"2026-04-23T10:00:32","slug":"viii-aquatlo-jovem-de-lagos","status":"publish","type":"product","link":"https:\/\/racefinder.pt\/pt\/event\/viii-aquatlo-jovem-de-lagos\/","title":{"rendered":"VIII Aquatlo Jovem de Lagos"},"content":{"rendered":"","protected":false},"excerpt":{"rendered":"","protected":false},"featured_media":45974,"comment_status":"open","ping_status":"closed","template":"","meta":{"_acf_changed":false,"footnotes":""},"product_brand":[],"product_cat":[254,132],"product_tag":[],"class_list":{"0":"post-45893","1":"product","2":"type-product","3":"status-publish","4":"has-post-thumbnail","6":"product_cat-sprint-pt","7":"product_cat-triatlo","9":"first","10":"instock","11":"shipping-taxable","12":"product-type-variable"},"acf":{"event_location_text":"Lagos, Faro","event_short_description":"<p>O VIII Aquatlo Jovem de Lagos \u00e9 um evento de aquatlo para jovens que se realizar\u00e1 em junho de 2026 em Lagos, Portugal. Faz parte do campeonato regional de jovens do Algarve e Baixo Alentejo.<\/p>\n<p>Este evento \u00e9 direcionado especificamente para atletas jovens, promovendo a participa\u00e7\u00e3o competitiva em multisport na regi\u00e3o. Oferece uma plataforma para os jovens competirem nas disciplinas do aquatlo num ambiente de campeonato estruturado.<\/p>\n","organizer_description":"<p><strong>Locais de partida\/chegada:<\/strong> Alameda do Sabugueiro, 1-B Murganhal, 2760\u2013128 Caxias, Portugal<\/p>\n<p><strong>Hor\u00e1rios de partida por categoria\/dist\u00e2ncia:<\/strong> 10:42 (domingo)<\/p>\n","race_benefits":"","event_faq_headline":"FAQ","event_faq_items":false,"event_date_start":"20260621","event_date_end":"20260621","event_start_time":"","event_country":"portugal","event_ticket_url":"https:\/\/www.federacao-triatlo.pt\/ftp2015\/events\/viii-aquatlo-jovem-de-lagos\/","event_latitude":"37.1027","event_longitude":"-8.6728","event_rating":"","is_hot_event":false,"event_participants_count":"0","organizer_avatar":false,"event_gallery":false,"purchasing_all_variations_through_woocommerce":false,"optional_extras":false,"organizer_website":{"title":"","url":"","target":"","0":""}},"_links":{"self":[{"href":"https:\/\/racefinder.pt\/pt\/wp-json\/wp\/v2\/product\/45893","targetHints":{"allow":["GET"]}}],"collection":[{"href":"https:\/\/racefinder.pt\/pt\/wp-json\/wp\/v2\/product"}],"about":[{"href":"https:\/\/racefinder.pt\/pt\/wp-json\/wp\/v2\/types\/product"}],"replies":[{"embeddable":true,"href":"https:\/\/racefinder.pt\/pt\/wp-json\/wp\/v2\/comments?post=45893"}],"version-history":[{"count":1,"href":"https:\/\/racefinder.pt\/pt\/wp-json\/wp\/v2\/product\/45893\/revisions"}],"predecessor-version":[{"id":45894,"href":"https:\/\/racefinder.pt\/pt\/wp-json\/wp\/v2\/product\/45893\/revisions\/45894"}],"wp:featuredmedia":[{"embeddable":true,"href":"https:\/\/racefinder.pt\/pt\/wp-json\/wp\/v2\/media\/45974"}],"wp:attachment":[{"href":"https:\/\/racefinder.pt\/pt\/wp-json\/wp\/v2\/media?parent=45893"}],"wp:term":[{"taxonomy":"product_brand","embeddable":true,"href":"https:\/\/racefinder.pt\/pt\/wp-json\/wp\/v2\/product_brand?post=45893"},{"taxonomy":"product_cat","embeddable":true,"href":"https:\/\/racefinder.pt\/pt\/wp-json\/wp\/v2\/product_cat?post=45893"},{"taxonomy":"product_tag","embeddable":true,"href":"https:\/\/racefinder.pt\/pt\/wp-json\/wp\/v2\/product_tag?post=45893"}],"curies":[{"name":"wp","href":"https:\/\/api.w.org\/{rel}","templated":true}]}}