{"id":45887,"date":"2026-04-23T00:28:01","date_gmt":"2026-04-22T23:28:01","guid":{"rendered":"https:\/\/racefinder.pt\/?post_type=product&#038;p=45887"},"modified":"2026-04-23T11:00:56","modified_gmt":"2026-04-23T10:00:56","slug":"iii-triatlo-jovem-de-louletano","status":"publish","type":"product","link":"https:\/\/racefinder.pt\/pt\/event\/iii-triatlo-jovem-de-louletano\/","title":{"rendered":"III Triatlo Jovem de Louletano"},"content":{"rendered":"","protected":false},"excerpt":{"rendered":"","protected":false},"featured_media":45982,"comment_status":"open","ping_status":"closed","template":"","meta":{"_acf_changed":false,"footnotes":""},"product_brand":[],"product_cat":[132,254],"product_tag":[],"class_list":{"0":"post-45887","1":"product","2":"type-product","3":"status-publish","4":"has-post-thumbnail","6":"product_cat-triatlo","7":"product_cat-sprint-pt","9":"first","10":"instock","11":"shipping-taxable","12":"product-type-variable"},"acf":{"event_location_text":"Loul\u00e9, Faro","event_short_description":"<p>O III Triatlo Jovem do Louletano \u00e9 um evento de triatlo jovem que se realiza a 19 de setembro de 2026, em Louletano, Portugal. Faz parte do Campeonato Algarve e Baixo Alentejo Jovem.<\/p>\n<p>O evento decorre das 13:00 \u00e0s 23:50, oferecendo aos jovens atletas uma plataforma competitiva no calend\u00e1rio regional de triatlo. Destina-se especificamente a participantes jovens, promovendo o desenvolvimento e a competi\u00e7\u00e3o na modalidade.<\/p>\n","organizer_description":"<p><strong>Locais de partida\/chegada:<\/strong> Alameda do Sabugueiro, 1-B Murganhal, 2760\u2013128 Caxias, Portugal<\/p>\n<p><strong>Hor\u00e1rios de partida por categoria\/dist\u00e2ncia:<\/strong> 19 de setembro de 2026, das 13:00 \u00e0s 23:50<\/p>\n","race_benefits":"","event_faq_headline":"FAQ","event_faq_items":false,"event_date_start":"20260919","event_date_end":"20260919","event_start_time":"","event_country":"portugal","event_ticket_url":"https:\/\/www.federacao-triatlo.pt\/ftp2015\/events\/iii-triatlo-jovem-do-louletano\/","event_latitude":"37.1399","event_longitude":"-8.0233","event_rating":"","is_hot_event":false,"event_participants_count":"0","organizer_avatar":false,"event_gallery":false,"purchasing_all_variations_through_woocommerce":false,"optional_extras":false,"organizer_website":{"title":"","url":"","target":"","0":""}},"_links":{"self":[{"href":"https:\/\/racefinder.pt\/pt\/wp-json\/wp\/v2\/product\/45887","targetHints":{"allow":["GET"]}}],"collection":[{"href":"https:\/\/racefinder.pt\/pt\/wp-json\/wp\/v2\/product"}],"about":[{"href":"https:\/\/racefinder.pt\/pt\/wp-json\/wp\/v2\/types\/product"}],"replies":[{"embeddable":true,"href":"https:\/\/racefinder.pt\/pt\/wp-json\/wp\/v2\/comments?post=45887"}],"version-history":[{"count":1,"href":"https:\/\/racefinder.pt\/pt\/wp-json\/wp\/v2\/product\/45887\/revisions"}],"predecessor-version":[{"id":45888,"href":"https:\/\/racefinder.pt\/pt\/wp-json\/wp\/v2\/product\/45887\/revisions\/45888"}],"wp:featuredmedia":[{"embeddable":true,"href":"https:\/\/racefinder.pt\/pt\/wp-json\/wp\/v2\/media\/45982"}],"wp:attachment":[{"href":"https:\/\/racefinder.pt\/pt\/wp-json\/wp\/v2\/media?parent=45887"}],"wp:term":[{"taxonomy":"product_brand","embeddable":true,"href":"https:\/\/racefinder.pt\/pt\/wp-json\/wp\/v2\/product_brand?post=45887"},{"taxonomy":"product_cat","embeddable":true,"href":"https:\/\/racefinder.pt\/pt\/wp-json\/wp\/v2\/product_cat?post=45887"},{"taxonomy":"product_tag","embeddable":true,"href":"https:\/\/racefinder.pt\/pt\/wp-json\/wp\/v2\/product_tag?post=45887"}],"curies":[{"name":"wp","href":"https:\/\/api.w.org\/{rel}","templated":true}]}}