{"id":45828,"date":"2026-04-23T00:13:37","date_gmt":"2026-04-22T23:13:37","guid":{"rendered":"https:\/\/racefinder.pt\/?post_type=product&#038;p=45828"},"modified":"2026-04-23T09:49:43","modified_gmt":"2026-04-23T08:49:43","slug":"corrida-solidaria-aeisa","status":"publish","type":"product","link":"https:\/\/racefinder.pt\/pt\/event\/corrida-solidaria-aeisa\/","title":{"rendered":"Corrida Solid\u00e1ria AEISA"},"content":{"rendered":"","protected":false},"excerpt":{"rendered":"","protected":false},"featured_media":45937,"comment_status":"open","ping_status":"closed","template":"","meta":{"_acf_changed":false,"footnotes":""},"product_brand":[],"product_cat":[140,129,225],"product_tag":[],"class_list":{"0":"post-45828","1":"product","2":"type-product","3":"status-publish","4":"has-post-thumbnail","6":"product_cat-caminhada","7":"product_cat-corrida","8":"product_cat-10-km-pt","10":"first","11":"instock","12":"shipping-taxable","13":"purchasable","14":"product-type-variable"},"acf":{"event_location_text":"Lisboa","event_short_description":"<p>A 6\u00aa edi\u00e7\u00e3o da Corrida Solid\u00e1ria AEISA, um evento de corrida e caminhada, realizar-se-\u00e1 no dia 2 de maio de 2026, no Instituto Superior de Agronomia, em Alc\u00e2ntara, Lisboa. Os participantes podem escolher entre a corrida de 10 km \u00e0s 10h00 e a caminhada de 5 km \u00e0s 10h15.<\/p>\n<p>A corrida \u00e9 aberta a todos os corredores com idade superior a 18 anos, enquanto a caminhada \u00e9 aberta a todas as idades. O evento oferece um percurso desafiante pelos cen\u00e1rios da Tapada da Ajuda e Mata de Monsanto, unindo desporto e solidariedade ao apoiar a Associa\u00e7\u00e3o de Atividade Motora Adaptada (AAMA).<\/p>\n<p>Ap\u00f3s a prova e caminhada, haver\u00e1 um churrasco e conv\u00edvio ap\u00f3s a entrega dos pr\u00e9mios, promovendo uma atmosfera amig\u00e1vel e comunit\u00e1ria.<\/p>\n","organizer_description":"<p><strong><a class=\"\" href=\"https:\/\/xistarca.pt\/eventos\/corrida-solidaria-aeisa-2026\" target=\"_new\" rel=\"noopener\">Regulamento \u2197<\/a><\/strong><\/p>\n<p><strong>Locais de partida\/chegada:<\/strong> Edif\u00edcio principal do Instituto Superior de Agronomia, Alc\u00e2ntara, Lisboa<\/p>\n<p><strong>Hor\u00e1rios de partida por categoria\/dist\u00e2ncia:<\/strong><br \/>\n\u2022 Corrida 10 km: 10h00<br \/>\n\u2022 Caminhada 5 km: 10h15<\/p>\n<p><strong>Levantamento de dorsais (data\/hora e local):<\/strong> 2 de maio de 2026, das 07h45 \u00e0s 09h30 no local da partida<\/p>\n<p><strong>Escal\u00f5es\/categorias:<\/strong><br \/>\n\u2022 Juniores e Seniores (18 a 34 anos)<br \/>\n\u2022 Vet I (35 a 39 anos)<br \/>\n\u2022 Vet II (40 a 44 anos)<br \/>\n\u2022 Vet III (45 a 49 anos)<br \/>\n\u2022 Vet IV (50 a 54 anos)<br \/>\n\u2022 Vet V (55 a 59 anos)<br \/>\n\u2022 Vet VI (mais de 60 anos)<\/p>\n<p><strong>Tipos de piso:<\/strong> Percursos por trilhos na Tapada da Ajuda e Mata de Monsanto<\/p>\n<p><strong>Formato do percurso:<\/strong> Percurso \u00fanico para corrida de 10 km e caminhada de 5 km<\/p>\n<p><strong>Percursos da prova:<\/strong> Percurso desafiante pela Tapada da Ajuda e Mata de Monsanto<\/p>\n<p><strong>M\u00e9todo de cronometragem:<\/strong> Cronometragem eletr\u00f3nica por chip para a corrida de 10 km<\/p>\n<p><strong>WC e localiza\u00e7\u00e3o dos abastecimentos:<\/strong><br \/>\n\u2022 Corrida 10 km: \u00e1gua aos 5 km e na meta<br \/>\n\u2022 Caminhada 5 km: \u00e1gua na meta<\/p>\n<p><strong>Estacionamento e shuttles:<\/strong> Entrada de ve\u00edculos permitida pelo port\u00e3o da Rua Professor Vieira Natividade<\/p>\n<p><strong>Pr\u00e9mios:<\/strong> Trof\u00e9us para os 3 primeiros classificados masculinos e femininos da corrida de 10 km; pr\u00e9mios n\u00e3o levantados podem ser recolhidos em at\u00e9 30 dias nas instala\u00e7\u00f5es da Xistarca<\/p>\n","race_benefits":"<p>\ud83c\udfbd Kit do atleta: t-shirt t\u00e9cnica, dorsal personalizado, chip para corrida de 10 km, merchandising AEISA, 1 senha para comida e bebida, outras ofertas de patrocinadores<br \/>\n\ud83c\udfc5 Pr\u00e9mio de finalista: trof\u00e9us para os 3 primeiros classificados geral masculino e feminino na corrida de 10 km<br \/>\n\u23f1\ufe0f Cronometragem + resultados ao vivo para a corrida de 10 km via chip eletr\u00f3nico<br \/>\n\ud83e\udd64 Abastecimentos: \u00e1gua aos 5 km e na meta para a corrida de 10 km; \u00e1gua na meta para a caminhada de 5 km<br \/>\n\ud83d\udee1\ufe0f Seguro: seguro de acidentes pessoais inclu\u00eddo para participantes inscritos<br \/>\n\ud83e\uddf3 Bengaleiro dispon\u00edvel na zona de partida para sacos fechados<\/p>\n","event_faq_headline":"FAQ","event_faq_items":[{"item_title":"Como chegar ao evento?","item_description":"A entrada de ve\u00edculos \u00e9 permitida pelo port\u00e3o da Rua Professor Vieira Natividade no ISA. Detalhes de estacionamento n\u00e3o especificados."},{"item_title":"Podem crian\u00e7as participar?","item_description":"A caminhada de 5 km \u00e9 aberta a todas as idades sem limite. A corrida de 10 km \u00e9 para maiores de 18 anos."},{"item_title":"Como fa\u00e7o a inscri\u00e7\u00e3o?","item_description":"A inscri\u00e7\u00e3o pode ser feita online e tamb\u00e9m presencialmente no dia do evento durante o levantamento do kit."},{"item_title":"Existe chip de cronometragem?","item_description":"Sim, a corrida de 10 km utiliza chip eletr\u00f3nico integrado no dorsal; o chip n\u00e3o pode ser dobrado."},{"item_title":"H\u00e1 abastecimentos?","item_description":"Sim, h\u00e1 pontos de \u00e1gua aos 5 km e na meta para a corrida de 10 km e na meta para a caminhada de 5 km."}],"event_date_start":"20260502","event_date_end":"20260502","event_start_time":"","event_country":"portugal","event_ticket_url":"https:\/\/xistarca.pt\/eventos\/corrida-solidaria-aeisa-2026","event_latitude":"38.7076","event_longitude":"-9.1827","event_rating":"","is_hot_event":false,"event_participants_count":"0","organizer_avatar":false,"event_gallery":false,"purchasing_all_variations_through_woocommerce":false,"optional_extras":false,"organizer_website":{"title":"","url":"","target":"","0":""}},"_links":{"self":[{"href":"https:\/\/racefinder.pt\/pt\/wp-json\/wp\/v2\/product\/45828","targetHints":{"allow":["GET"]}}],"collection":[{"href":"https:\/\/racefinder.pt\/pt\/wp-json\/wp\/v2\/product"}],"about":[{"href":"https:\/\/racefinder.pt\/pt\/wp-json\/wp\/v2\/types\/product"}],"replies":[{"embeddable":true,"href":"https:\/\/racefinder.pt\/pt\/wp-json\/wp\/v2\/comments?post=45828"}],"version-history":[{"count":1,"href":"https:\/\/racefinder.pt\/pt\/wp-json\/wp\/v2\/product\/45828\/revisions"}],"predecessor-version":[{"id":45829,"href":"https:\/\/racefinder.pt\/pt\/wp-json\/wp\/v2\/product\/45828\/revisions\/45829"}],"wp:featuredmedia":[{"embeddable":true,"href":"https:\/\/racefinder.pt\/pt\/wp-json\/wp\/v2\/media\/45937"}],"wp:attachment":[{"href":"https:\/\/racefinder.pt\/pt\/wp-json\/wp\/v2\/media?parent=45828"}],"wp:term":[{"taxonomy":"product_brand","embeddable":true,"href":"https:\/\/racefinder.pt\/pt\/wp-json\/wp\/v2\/product_brand?post=45828"},{"taxonomy":"product_cat","embeddable":true,"href":"https:\/\/racefinder.pt\/pt\/wp-json\/wp\/v2\/product_cat?post=45828"},{"taxonomy":"product_tag","embeddable":true,"href":"https:\/\/racefinder.pt\/pt\/wp-json\/wp\/v2\/product_tag?post=45828"}],"curies":[{"name":"wp","href":"https:\/\/api.w.org\/{rel}","templated":true}]}}